{"id":36744,"date":"2026-02-27T00:35:47","date_gmt":"2026-02-27T00:35:47","guid":{"rendered":"https:\/\/nordicmart.andreevmaster.com\/product\/smoby-beach-bar-beach-bar-beach-2\/"},"modified":"2026-02-27T09:53:14","modified_gmt":"2026-02-27T09:53:14","slug":"smoby-beach-bar-beach-bar-beach-2","status":"publish","type":"product","link":"https:\/\/nordicmart.andreevmaster.com\/fi\/tuote\/smoby-beach-bar-beach-bar-beach-2\/","title":{"rendered":"SMOBY Beach Bar Beach Bar Beach"},"content":{"rendered":"<p>Lapset rakastavat kotibileit\u00e4 ja pelej\u00e4. Nyt he voivat j\u00e4rjest\u00e4\u00e4 rantabileet yst\u00e4villeen, vanhemmilleen tai pehmoleluilleen.<\/p>\n<p>Ominaisuudet:<\/p>\n<p>* &#8211; rantabaari tarjoaa monia leikkimahdollisuuksia &#8211; lapset voivat valmistaa j\u00e4\u00e4tel\u00f6\u00e4 lisukkeilla ja str\u00f6sseleill\u00e4, juomia, hedelm\u00e4varraskakkuja ja sitten laskuttaa kaiken kassalla,* &#8211; sarja sis\u00e4lt\u00e4\u00e4 38 lis\u00e4varustetta &#8211; j\u00e4\u00e4tel\u00f6koneen, j\u00e4\u00e4tel\u00f6n vohveleilla, j\u00e4\u00e4tel\u00f6kauhan, hedelm\u00e4varras, str\u00f6sseleit\u00e4, astioita, ruokailuv\u00e4lineit\u00e4, kassakoneen,<br \/>\n* &#8211; pienen kokonsa ansiosta se on helppo ottaa mukaan rannalle, puistoon tai puutarhaan.<\/p>\n","protected":false},"excerpt":{"rendered":"<p>Lapset rakastavat kotibileit\u00e4 ja pelej\u00e4. Nyt he voivat j\u00e4rjest\u00e4\u00e4 rantabileet yst\u00e4villeen, vanhemmilleen tai pehmoleluilleen. Ominaisuudet: * &#8211; rantabaari tarjoaa monia leikkimahdollisuuksia &#8211; lapset voivat valmistaa j\u00e4\u00e4tel\u00f6\u00e4 lisukkeilla ja str\u00f6sseleill\u00e4, juomia, hedelm\u00e4varraskakkuja ja sitten laskuttaa kaiken kassalla,* &#8211; sarja sis\u00e4lt\u00e4\u00e4 38 lis\u00e4varustetta &#8211; j\u00e4\u00e4tel\u00f6koneen, j\u00e4\u00e4tel\u00f6n vohveleilla, j\u00e4\u00e4tel\u00f6kauhan, hedelm\u00e4varras, str\u00f6sseleit\u00e4, astioita, ruokailuv\u00e4lineit\u00e4, kassakoneen, * &#8211; pienen kokonsa [&hellip;]<\/p>\n","protected":false},"featured_media":0,"comment_status":"open","ping_status":"closed","template":"","meta":[],"product_brand":[],"product_cat":[32],"product_tag":[],"class_list":{"0":"post-36744","1":"product","2":"type-product","3":"status-publish","5":"product_cat-uncategorized-fi","7":"first","8":"instock","9":"shipping-taxable","10":"purchasable","11":"product-type-simple"},"_links":{"self":[{"href":"https:\/\/nordicmart.andreevmaster.com\/fi\/wp-json\/wp\/v2\/product\/36744","targetHints":{"allow":["GET"]}}],"collection":[{"href":"https:\/\/nordicmart.andreevmaster.com\/fi\/wp-json\/wp\/v2\/product"}],"about":[{"href":"https:\/\/nordicmart.andreevmaster.com\/fi\/wp-json\/wp\/v2\/types\/product"}],"replies":[{"embeddable":true,"href":"https:\/\/nordicmart.andreevmaster.com\/fi\/wp-json\/wp\/v2\/comments?post=36744"}],"wp:attachment":[{"href":"https:\/\/nordicmart.andreevmaster.com\/fi\/wp-json\/wp\/v2\/media?parent=36744"}],"wp:term":[{"taxonomy":"product_brand","embeddable":true,"href":"https:\/\/nordicmart.andreevmaster.com\/fi\/wp-json\/wp\/v2\/product_brand?post=36744"},{"taxonomy":"product_cat","embeddable":true,"href":"https:\/\/nordicmart.andreevmaster.com\/fi\/wp-json\/wp\/v2\/product_cat?post=36744"},{"taxonomy":"product_tag","embeddable":true,"href":"https:\/\/nordicmart.andreevmaster.com\/fi\/wp-json\/wp\/v2\/product_tag?post=36744"}],"curies":[{"name":"wp","href":"https:\/\/api.w.org\/{rel}","templated":true}]}}