{"id":36743,"date":"2026-02-27T00:35:47","date_gmt":"2026-02-27T00:35:47","guid":{"rendered":"https:\/\/nordicmart.andreevmaster.com\/product\/woopie-monen-hengen-keinutuoli-dino-seesaw-pink\/"},"modified":"2026-02-27T09:53:14","modified_gmt":"2026-02-27T09:53:14","slug":"woopie-monen-hengen-keinutuoli-dino-seesaw-pink","status":"publish","type":"product","link":"https:\/\/nordicmart.andreevmaster.com\/fi\/tuote\/woopie-monen-hengen-keinutuoli-dino-seesaw-pink\/","title":{"rendered":"WOOPIE Monen hengen keinutuoli Dino Seesaw Pink"},"content":{"rendered":"<p>Woopie Pink Dinosaurs -monen hengen keinutuoli tarjoaa paitsi paljon hauskaa, my\u00f6s tukee pienten lasten fyysist\u00e4 kehityst\u00e4. Se on suunniteltu 2\u20133 lapselle ja sopii erinomaisesti sek\u00e4 koti- ett\u00e4 puutarhak\u00e4ytt\u00f6\u00f6n. Ergonominen muoto, mukavat istuimet ja kahvat takaavat turvallisen ja mukavan leikin pitk\u00e4\u00e4n. Tuote on valmistettu kest\u00e4v\u00e4st\u00e4, s\u00e4\u00e4nkest\u00e4v\u00e4st\u00e4 muovista, joka kest\u00e4\u00e4 intensiivist\u00e4 k\u00e4ytt\u00f6\u00e4. Se on loistava vaihtoehto perinteisille keinuille ja keinutuoleille \u2013 lapset voivat leikki\u00e4 yksin tai pareittain oppien yhteisty\u00f6t\u00e4 ja tasapainoa. Kevyen rakenteensa ansiosta tuote on helppo siirt\u00e4\u00e4 mihin tahansa paikkaan. Vaaleanpunainen v\u00e4ri ja v\u00e4rikk\u00e4\u00e4t pisteet yhdistettyn\u00e4 dinosaurusmuotoisiin istuimiin her\u00e4tt\u00e4v\u00e4t lasten huomion ja kannustavat aktiiviseen leikkiin! Keinuminen t\u00e4ll\u00e4 keinulla on paitsi hauskaa, my\u00f6s luonnollista liikuntaa, joka vaikuttaa positiivisesti karkeamotoristen taitojen, tasapainon ja koordinaation kehitykseen.Ominaisuudet:<\/p>\n<p>* &#8211; Monen hengen keinutuoli \u2013 2 tai 3 lapselle samanaikaisesti<br \/>\n* &#8211; Turvalliset kahvat parantavat otetta ja vakautta<br \/>\n* &#8211; Kest\u00e4v\u00e4 ja kevyt rakenne s\u00e4\u00e4nkest\u00e4v\u00e4st\u00e4 muovista<br \/>\n* &#8211; Py\u00f6ristetyt reunat \u2013 ei ter\u00e4vi\u00e4 osia<br \/>\n* &#8211; Ihanteellinen kotiin ja puutarhaan \u2013 monipuolinen k\u00e4ytt\u00f6<br \/>\n* &#8211; Huomiota her\u00e4tt\u00e4v\u00e4 dinosaurusmuotoilu<br \/>\n* &#8211; Vakaa pohja tasaiselle keinumiselle<\/p>\n<p>Lelu kehitt\u00e4\u00e4:<\/p>\n<p>* &#8211; Tasapainoa ja motorista koordinaatiota<br \/>\n* &#8211; Karkeamotorisia taitoja<br \/>\n* &#8211; Yhteisty\u00f6t\u00e4 ja vuorovaikutusta muiden lasten kanssa<br \/>\n* &#8211; Tilan hahmottamista ja kehon vakautta<br \/>\n* &#8211; Luottamusta liikkumiseen ja itsen\u00e4iseen leikkimiseen<\/p>\n<p>Tuotteen mitat: 140 x 57 x 40 (cm)<\/p>\n","protected":false},"excerpt":{"rendered":"<p>Woopie Pink Dinosaurs -monen hengen keinutuoli tarjoaa paitsi paljon hauskaa, my\u00f6s tukee pienten lasten fyysist\u00e4 kehityst\u00e4. Se on suunniteltu 2\u20133 lapselle ja sopii erinomaisesti sek\u00e4 koti- ett\u00e4 puutarhak\u00e4ytt\u00f6\u00f6n. Ergonominen muoto, mukavat istuimet ja kahvat takaavat turvallisen ja mukavan leikin pitk\u00e4\u00e4n. Tuote on valmistettu kest\u00e4v\u00e4st\u00e4, s\u00e4\u00e4nkest\u00e4v\u00e4st\u00e4 muovista, joka kest\u00e4\u00e4 intensiivist\u00e4 k\u00e4ytt\u00f6\u00e4. Se on loistava vaihtoehto perinteisille [&hellip;]<\/p>\n","protected":false},"featured_media":0,"comment_status":"open","ping_status":"closed","template":"","meta":[],"product_brand":[],"product_cat":[32],"product_tag":[],"class_list":{"0":"post-36743","1":"product","2":"type-product","3":"status-publish","5":"product_cat-uncategorized-fi","7":"first","8":"instock","9":"shipping-taxable","10":"purchasable","11":"product-type-simple"},"_links":{"self":[{"href":"https:\/\/nordicmart.andreevmaster.com\/fi\/wp-json\/wp\/v2\/product\/36743","targetHints":{"allow":["GET"]}}],"collection":[{"href":"https:\/\/nordicmart.andreevmaster.com\/fi\/wp-json\/wp\/v2\/product"}],"about":[{"href":"https:\/\/nordicmart.andreevmaster.com\/fi\/wp-json\/wp\/v2\/types\/product"}],"replies":[{"embeddable":true,"href":"https:\/\/nordicmart.andreevmaster.com\/fi\/wp-json\/wp\/v2\/comments?post=36743"}],"wp:attachment":[{"href":"https:\/\/nordicmart.andreevmaster.com\/fi\/wp-json\/wp\/v2\/media?parent=36743"}],"wp:term":[{"taxonomy":"product_brand","embeddable":true,"href":"https:\/\/nordicmart.andreevmaster.com\/fi\/wp-json\/wp\/v2\/product_brand?post=36743"},{"taxonomy":"product_cat","embeddable":true,"href":"https:\/\/nordicmart.andreevmaster.com\/fi\/wp-json\/wp\/v2\/product_cat?post=36743"},{"taxonomy":"product_tag","embeddable":true,"href":"https:\/\/nordicmart.andreevmaster.com\/fi\/wp-json\/wp\/v2\/product_tag?post=36743"}],"curies":[{"name":"wp","href":"https:\/\/api.w.org\/{rel}","templated":true}]}}