{"id":36742,"date":"2026-02-27T00:35:46","date_gmt":"2026-02-27T00:35:46","guid":{"rendered":"https:\/\/nordicmart.andreevmaster.com\/product\/woopie-multi-person-dino-rocker-balance-swing-light-green-2\/"},"modified":"2026-02-27T09:53:13","modified_gmt":"2026-02-27T09:53:13","slug":"woopie-multi-person-dino-rocker-balance-swing-light-green-2","status":"publish","type":"product","link":"https:\/\/nordicmart.andreevmaster.com\/fi\/tuote\/woopie-multi-person-dino-rocker-balance-swing-light-green-2\/","title":{"rendered":"WOOPIE Multi-Person Dino Rocker Balance Swing Light Green"},"content":{"rendered":"<p>Vaaleanvihre\u00e4 Woopie Multi-Person Dino Rocker tulee olemaan lastesi suosikki dinosaurus! Kolme lasta voi k\u00e4ytt\u00e4\u00e4 keinua samanaikaisesti, ja jopa yksi lapsi voi pit\u00e4\u00e4 hauskaa! Kun kaksi lasta keinua samanaikaisesti, Dino toimii keinuna, ja lapset voivat keinua loputtomasti yhteisty\u00f6ss\u00e4. Keinussa on monia etuja lapsille: keinuminen rauhoittaa lasta ja kehitt\u00e4\u00e4 motorisia taitoja, mik\u00e4 on ihanteellista oikean kehityksen kannalta. Lis\u00e4ksi dinosaurukset voivat stimuloida lapsesi mielikuvitusta ja luovuutta. He voivat kohdella sit\u00e4 kuin yst\u00e4v\u00e4\u00e4, josta he huolehtivat. Tuotetta voidaan k\u00e4ytt\u00e4\u00e4 sek\u00e4 sis\u00e4ll\u00e4 ett\u00e4 ulkona!<\/p>\n<p>Ominaisuudet:<\/p>\n<p>* &#8211; monen hengen keinutuoli &#8211; jopa kolme lasta voi k\u00e4ytt\u00e4\u00e4 sit\u00e4 samanaikaisesti<br \/>\n* &#8211; keinutoiminto<br \/>\n* &#8211; valmistettu lapsille sopivasta, turvallisesta ja kest\u00e4v\u00e4st\u00e4 materiaalista<br \/>\n* &#8211; kehitt\u00e4\u00e4 lasten motorisia taitoja, tasapainoa, mielikuvitusta ja luovuutta<br \/>\n* &#8211; kehitt\u00e4\u00e4 yhteisty\u00f6kyky\u00e4 yhteisen keinumisen kautta<br \/>\n* &#8211; sis\u00e4- ja ulkok\u00e4ytt\u00f6\u00f6n<\/p>\n","protected":false},"excerpt":{"rendered":"<p>Vaaleanvihre\u00e4 Woopie Multi-Person Dino Rocker tulee olemaan lastesi suosikki dinosaurus! Kolme lasta voi k\u00e4ytt\u00e4\u00e4 keinua samanaikaisesti, ja jopa yksi lapsi voi pit\u00e4\u00e4 hauskaa! Kun kaksi lasta keinua samanaikaisesti, Dino toimii keinuna, ja lapset voivat keinua loputtomasti yhteisty\u00f6ss\u00e4. Keinussa on monia etuja lapsille: keinuminen rauhoittaa lasta ja kehitt\u00e4\u00e4 motorisia taitoja, mik\u00e4 on ihanteellista oikean kehityksen kannalta. [&hellip;]<\/p>\n","protected":false},"featured_media":0,"comment_status":"open","ping_status":"closed","template":"","meta":[],"product_brand":[],"product_cat":[32],"product_tag":[],"class_list":{"0":"post-36742","1":"product","2":"type-product","3":"status-publish","5":"product_cat-uncategorized-fi","7":"first","8":"instock","9":"shipping-taxable","10":"purchasable","11":"product-type-simple"},"_links":{"self":[{"href":"https:\/\/nordicmart.andreevmaster.com\/fi\/wp-json\/wp\/v2\/product\/36742","targetHints":{"allow":["GET"]}}],"collection":[{"href":"https:\/\/nordicmart.andreevmaster.com\/fi\/wp-json\/wp\/v2\/product"}],"about":[{"href":"https:\/\/nordicmart.andreevmaster.com\/fi\/wp-json\/wp\/v2\/types\/product"}],"replies":[{"embeddable":true,"href":"https:\/\/nordicmart.andreevmaster.com\/fi\/wp-json\/wp\/v2\/comments?post=36742"}],"wp:attachment":[{"href":"https:\/\/nordicmart.andreevmaster.com\/fi\/wp-json\/wp\/v2\/media?parent=36742"}],"wp:term":[{"taxonomy":"product_brand","embeddable":true,"href":"https:\/\/nordicmart.andreevmaster.com\/fi\/wp-json\/wp\/v2\/product_brand?post=36742"},{"taxonomy":"product_cat","embeddable":true,"href":"https:\/\/nordicmart.andreevmaster.com\/fi\/wp-json\/wp\/v2\/product_cat?post=36742"},{"taxonomy":"product_tag","embeddable":true,"href":"https:\/\/nordicmart.andreevmaster.com\/fi\/wp-json\/wp\/v2\/product_tag?post=36742"}],"curies":[{"name":"wp","href":"https:\/\/api.w.org\/{rel}","templated":true}]}}