{"id":36741,"date":"2026-02-27T00:35:46","date_gmt":"2026-02-27T00:35:46","guid":{"rendered":"https:\/\/nordicmart.andreevmaster.com\/product\/woopie-monen-hengen-keinutuoli-dino-seesaw-balance-yellow\/"},"modified":"2026-02-27T09:53:13","modified_gmt":"2026-02-27T09:53:13","slug":"woopie-monen-hengen-keinutuoli-dino-seesaw-balance-yellow","status":"publish","type":"product","link":"https:\/\/nordicmart.andreevmaster.com\/fi\/tuote\/woopie-monen-hengen-keinutuoli-dino-seesaw-balance-yellow\/","title":{"rendered":"WOOPIE Monen hengen keinutuoli Dino Seesaw Balance Yellow"},"content":{"rendered":"<p>Woopie Yellow Dinosaurs -monen hengen keinutuoli tarjoaa paitsi paljon hauskaa, my\u00f6s tukee pienten lasten fyysist\u00e4 kehityst\u00e4. Se on suunniteltu 2\u20133 lapselle ja sopii erinomaisesti sek\u00e4 kotiin ett\u00e4 puutarhaan. Ergonominen muoto, mukavat istuimet ja kahvat takaavat turvallisen ja mukavan leikin pitk\u00e4\u00e4n. Tuote on valmistettu kest\u00e4v\u00e4st\u00e4, s\u00e4\u00e4nkest\u00e4v\u00e4st\u00e4 muovista, joka kest\u00e4\u00e4 intensiivist\u00e4 k\u00e4ytt\u00f6\u00e4. Se on loistava vaihtoehto perinteisille keinuille ja keinutuoleille \u2013 lapset voivat leikki\u00e4 yksin tai pareittain oppien yhteisty\u00f6t\u00e4 ja tasapainoa. Kevyt rakenne helpottaa tuotteen siirt\u00e4mist\u00e4 mihin tahansa. Kirkkaan keltainen v\u00e4ri ja v\u00e4rikk\u00e4\u00e4t pisteet yhdistettyn\u00e4 dinosaurusmuotoisiin istuimiin her\u00e4tt\u00e4v\u00e4t lasten huomion ja kannustavat aktiiviseen leikkiin! Keinuminen t\u00e4ll\u00e4 keinulla on paitsi hauskaa, my\u00f6s luonnollista liikuntaa, joka vaikuttaa positiivisesti karkeamotoristen taitojen, tasapainon ja koordinaation kehitykseen.Ominaisuudet:<\/p>\n<p>* &#8211; Monen hengen keinutuoli \u2013 2 tai 3 lapselle samanaikaisesti<br \/>\n* &#8211; Turvalliset kahvat parantavat otetta ja vakautta<br \/>\n* &#8211; Kest\u00e4v\u00e4 ja kevyt rakenne s\u00e4\u00e4nkest\u00e4v\u00e4st\u00e4 muovista<br \/>\n* &#8211; Py\u00f6ristetyt reunat \u2013 ei ter\u00e4vi\u00e4 osia<br \/>\n* &#8211; Ihanteellinen kotiin ja puutarhaan \u2013 monipuolinen k\u00e4ytt\u00f6<br \/>\n* &#8211; Huomiota her\u00e4tt\u00e4v\u00e4 dinosaurusmuotoilu<br \/>\n* &#8211; Vakaa pohja tasaiselle keinumiselle<\/p>\n<p>Lelu kehitt\u00e4\u00e4:<\/p>\n<p>* &#8211; Tasapainoa ja motorista koordinaatiota<br \/>\n* &#8211; Karkeamotorisia taitoja<br \/>\n* &#8211; Yhteisty\u00f6t\u00e4 ja vuorovaikutusta muiden lasten kanssa<br \/>\n* &#8211; Tilan hahmottamista ja kehon vakautta<br \/>\n* &#8211; Luottamusta liikkumiseen ja itsen\u00e4iseen leikkimiseen<\/p>\n<p>\u25b6\ufe0f Tuotteen mitat: 140 x 57 x 40 (cm)<\/p>\n","protected":false},"excerpt":{"rendered":"<p>Woopie Yellow Dinosaurs -monen hengen keinutuoli tarjoaa paitsi paljon hauskaa, my\u00f6s tukee pienten lasten fyysist\u00e4 kehityst\u00e4. Se on suunniteltu 2\u20133 lapselle ja sopii erinomaisesti sek\u00e4 kotiin ett\u00e4 puutarhaan. Ergonominen muoto, mukavat istuimet ja kahvat takaavat turvallisen ja mukavan leikin pitk\u00e4\u00e4n. Tuote on valmistettu kest\u00e4v\u00e4st\u00e4, s\u00e4\u00e4nkest\u00e4v\u00e4st\u00e4 muovista, joka kest\u00e4\u00e4 intensiivist\u00e4 k\u00e4ytt\u00f6\u00e4. Se on loistava vaihtoehto perinteisille [&hellip;]<\/p>\n","protected":false},"featured_media":0,"comment_status":"open","ping_status":"closed","template":"","meta":[],"product_brand":[],"product_cat":[32],"product_tag":[],"class_list":{"0":"post-36741","1":"product","2":"type-product","3":"status-publish","5":"product_cat-uncategorized-fi","7":"first","8":"instock","9":"shipping-taxable","10":"purchasable","11":"product-type-simple"},"_links":{"self":[{"href":"https:\/\/nordicmart.andreevmaster.com\/fi\/wp-json\/wp\/v2\/product\/36741","targetHints":{"allow":["GET"]}}],"collection":[{"href":"https:\/\/nordicmart.andreevmaster.com\/fi\/wp-json\/wp\/v2\/product"}],"about":[{"href":"https:\/\/nordicmart.andreevmaster.com\/fi\/wp-json\/wp\/v2\/types\/product"}],"replies":[{"embeddable":true,"href":"https:\/\/nordicmart.andreevmaster.com\/fi\/wp-json\/wp\/v2\/comments?post=36741"}],"wp:attachment":[{"href":"https:\/\/nordicmart.andreevmaster.com\/fi\/wp-json\/wp\/v2\/media?parent=36741"}],"wp:term":[{"taxonomy":"product_brand","embeddable":true,"href":"https:\/\/nordicmart.andreevmaster.com\/fi\/wp-json\/wp\/v2\/product_brand?post=36741"},{"taxonomy":"product_cat","embeddable":true,"href":"https:\/\/nordicmart.andreevmaster.com\/fi\/wp-json\/wp\/v2\/product_cat?post=36741"},{"taxonomy":"product_tag","embeddable":true,"href":"https:\/\/nordicmart.andreevmaster.com\/fi\/wp-json\/wp\/v2\/product_tag?post=36741"}],"curies":[{"name":"wp","href":"https:\/\/api.w.org\/{rel}","templated":true}]}}