{"id":36739,"date":"2026-02-27T00:35:45","date_gmt":"2026-02-27T00:35:45","guid":{"rendered":"https:\/\/nordicmart.andreevmaster.com\/product\/woopie-sahkojuna-sarja-valtava-914-cmn-raide-silta-tunneli-86-kpl\/"},"modified":"2026-02-27T09:53:13","modified_gmt":"2026-02-27T09:53:13","slug":"woopie-sahkojuna-sarja-valtava-914-cmn-raide-silta-tunneli-86-kpl","status":"publish","type":"product","link":"https:\/\/nordicmart.andreevmaster.com\/fi\/tuote\/woopie-sahkojuna-sarja-valtava-914-cmn-raide-silta-tunneli-86-kpl\/","title":{"rendered":"WOOPIE S\u00e4hk\u00f6juna-sarja Valtava 914 cm:n raide Silta Tunneli 86 kpl."},"content":{"rendered":"<p>* &#8211; tarkoitettu yli 3-vuotiaille lapsille,<br \/>\n* &#8211; sarja sis\u00e4lt\u00e4\u00e4: Pendolino-juna &#8211; 5 vaunua, siirrett\u00e4v\u00e4, nostettava silta, rautatietunneli, liikennemerkit, mallitalot, esteet, puut, katuvalot,<br \/>\n* &#8211; Paristok\u00e4ytt\u00f6inen (2 x 1,5 V AAA),<br \/>\n* &#8211; Junaa vet\u00e4\u00e4 moderni veturi, jonka etuosassa on valo,<br \/>\n* &#8211; Veturi ja vaunut on valmistettu korkealaatuisesta muovista, mik\u00e4 takaa sarjan yksitt\u00e4isten osien pitk\u00e4n k\u00e4ytt\u00f6i\u00e4n ja kest\u00e4vyyden.* &#8211; Pendolino-juna &#8211; 5 vaunua,<br \/>\n* &#8211; Nostosilta,<br \/>\n* &#8211; rautatietunneli,<br \/>\n* &#8211; liikennemerkit,<br \/>\n* &#8211; mallitalot,<br \/>\n* &#8211; esteet,<br \/>\n* &#8211; puut,<br \/>\n* &#8211; katuvalot.* &#8211; veturi noin 13 cm x 3 cm x 4 cm,<br \/>\n* &#8211; vaunut (keskim\u00e4\u00e4r\u00e4inen koko) noin 11,5 cm x 3 cm x 3,5 cm,<br \/>\n* &#8211; tunnelit noin 15 cm x 15 cm x 8 cm,<br \/>\n* &#8211; puut noin 7,5 cm,* &#8211; rakennukset (keskim\u00e4\u00e4r\u00e4inen koko) noin 5 cm x 11 cm x 5 cm<\/p>\n<p>* &#8211; kehitt\u00e4\u00e4 lapsen mielikuvitusta,<br \/>\n* &#8211; kehitt\u00e4\u00e4 tilan hahmottamista,<br \/>\n* &#8211; kehitt\u00e4\u00e4 luovuutta,<br \/>\n* &#8211; lapsen k\u00e4den taitoja,<\/p>\n<p>Woopie on yksi Euroopan johtavista muovilelujen valmistajista. Woopie-tuotteita myyd\u00e4\u00e4n menestyksekk\u00e4\u00e4sti kotimarkkinoilla ja kaikkialla Euroopassa. Niit\u00e4 l\u00f6ytyy suurimpien v\u00e4hitt\u00e4iskauppaketjujen hyllyilt\u00e4 ja perinteisist\u00e4 lastentavarakaupoista.<\/p>\n<p>Woopie-lelujen tavoitteena on tuoda iloa lapsille! Laajasta tuotevalikoimastaan Woopie tarjoaa karnevaaliasuja ja naamiaisasuja lapsille sek\u00e4 riippukeinuja, vaahtomuovileikkikaluja, erilaisia puutarhaleikkikaluja ja paljon muuta! Anna hauskanpidon vied\u00e4 sinut mukanaan \u2013 anna Woopie vied\u00e4 sinut mukanaan!<\/p>\n","protected":false},"excerpt":{"rendered":"<p>* &#8211; tarkoitettu yli 3-vuotiaille lapsille, * &#8211; sarja sis\u00e4lt\u00e4\u00e4: Pendolino-juna &#8211; 5 vaunua, siirrett\u00e4v\u00e4, nostettava silta, rautatietunneli, liikennemerkit, mallitalot, esteet, puut, katuvalot, * &#8211; Paristok\u00e4ytt\u00f6inen (2 x 1,5 V AAA), * &#8211; Junaa vet\u00e4\u00e4 moderni veturi, jonka etuosassa on valo, * &#8211; Veturi ja vaunut on valmistettu korkealaatuisesta muovista, mik\u00e4 takaa sarjan yksitt\u00e4isten osien [&hellip;]<\/p>\n","protected":false},"featured_media":0,"comment_status":"open","ping_status":"closed","template":"","meta":[],"product_brand":[],"product_cat":[32],"product_tag":[],"class_list":{"0":"post-36739","1":"product","2":"type-product","3":"status-publish","5":"product_cat-uncategorized-fi","7":"first","8":"instock","9":"shipping-taxable","10":"purchasable","11":"product-type-simple"},"_links":{"self":[{"href":"https:\/\/nordicmart.andreevmaster.com\/fi\/wp-json\/wp\/v2\/product\/36739","targetHints":{"allow":["GET"]}}],"collection":[{"href":"https:\/\/nordicmart.andreevmaster.com\/fi\/wp-json\/wp\/v2\/product"}],"about":[{"href":"https:\/\/nordicmart.andreevmaster.com\/fi\/wp-json\/wp\/v2\/types\/product"}],"replies":[{"embeddable":true,"href":"https:\/\/nordicmart.andreevmaster.com\/fi\/wp-json\/wp\/v2\/comments?post=36739"}],"wp:attachment":[{"href":"https:\/\/nordicmart.andreevmaster.com\/fi\/wp-json\/wp\/v2\/media?parent=36739"}],"wp:term":[{"taxonomy":"product_brand","embeddable":true,"href":"https:\/\/nordicmart.andreevmaster.com\/fi\/wp-json\/wp\/v2\/product_brand?post=36739"},{"taxonomy":"product_cat","embeddable":true,"href":"https:\/\/nordicmart.andreevmaster.com\/fi\/wp-json\/wp\/v2\/product_cat?post=36739"},{"taxonomy":"product_tag","embeddable":true,"href":"https:\/\/nordicmart.andreevmaster.com\/fi\/wp-json\/wp\/v2\/product_tag?post=36739"}],"curies":[{"name":"wp","href":"https:\/\/api.w.org\/{rel}","templated":true}]}}