{"id":36738,"date":"2026-02-27T00:35:45","date_gmt":"2026-02-27T00:35:45","guid":{"rendered":"https:\/\/nordicmart.andreevmaster.com\/product\/woopie-classic-electric-train-track-sound-light-29-lisavarusteita\/"},"modified":"2026-02-27T09:53:13","modified_gmt":"2026-02-27T09:53:13","slug":"woopie-classic-electric-train-track-sound-light-29-lisavarusteita","status":"publish","type":"product","link":"https:\/\/nordicmart.andreevmaster.com\/fi\/tuote\/woopie-classic-electric-train-track-sound-light-29-lisavarusteita\/","title":{"rendered":"WOOPIE Classic Electric Train Track Sound Light + 29 lis\u00e4varusteita"},"content":{"rendered":"<p>L\u00e4hde unohtumattomalle matkalle Woopie-s\u00e4hk\u00f6junalla! Se on upea, interaktiivinen lelu, joka ilahduttaa jokaista pient\u00e4 junaharrastajaa. Veturi tuottaa realistisia \u00e4\u00e4ni\u00e4, siin\u00e4 on hehkuva ajovalo ja, mik\u00e4 j\u00e4nnitt\u00e4vint\u00e4, se tuottaa turvallista &#8221;savua&#8221; eli vesih\u00f6yry\u00e4, joka antaa vaikutelman todellisesta veturista. Radat on helppo koota, ja niiden soikea muoto mahdollistaa jatkuvan ajon ilman jatkuvaa valvontaa. Juna liikkuu itsest\u00e4\u00e4n, joten lapsesi voi ihailla erikoistehosteita, jotka tuovat varmasti paljon iloa ja hauskuutta!<\/p>\n<p>Ominaisuudet:<\/p>\n<p>* &#8211; Lelu 3-vuotiaille ja sit\u00e4 vanhemmille lapsille<br \/>\n* &#8211; Veturi antaa \u00e4\u00e4ni\u00e4 ja valaisee kohdevalolla<br \/>\n* &#8211; Tuottaa turvallista vesih\u00f6yry\u00e4 (savutehoste)<br \/>\n* &#8211; Radat on helppo koota ja juna liikkuu itsest\u00e4\u00e4n<br \/>\n* &#8211; Tuote on valmistettu korkealaatuisista, myrkytt\u00f6mist\u00e4 materiaaleista<br \/>\n* &#8211; Vaatii 4 AA-paristoa (ei sis\u00e4lly toimitukseen)<br \/>\n* &#8211; Veturin ja vaunujen pituus on 94 cm<br \/>\n* &#8211; Radan pituus: 460 cm<br \/>\n* &#8211; Radan mitat: 170 x 82 cm<\/p>\n<p>Setti sis\u00e4lt\u00e4\u00e4:<\/p>\n<p>* &#8211; 1 veturi<br \/>\n* &#8211; 2 matkustajavaunua<br \/>\n* &#8211; 12 kaarevaa rataa ja 4 suoraa rataa<br \/>\n* &#8211; 1 asema<br \/>\n* &#8211; 1 vesipullo<br \/>\n* &#8211; 1 puu<\/p>\n<p>Lelu kehitt\u00e4\u00e4:<\/p>\n<p>* &#8211; Mielikuvitusta ja luovuutta<br \/>\n* &#8211; Syy-seuraus-ajattelua<\/p>\n","protected":false},"excerpt":{"rendered":"<p>L\u00e4hde unohtumattomalle matkalle Woopie-s\u00e4hk\u00f6junalla! Se on upea, interaktiivinen lelu, joka ilahduttaa jokaista pient\u00e4 junaharrastajaa. Veturi tuottaa realistisia \u00e4\u00e4ni\u00e4, siin\u00e4 on hehkuva ajovalo ja, mik\u00e4 j\u00e4nnitt\u00e4vint\u00e4, se tuottaa turvallista &#8221;savua&#8221; eli vesih\u00f6yry\u00e4, joka antaa vaikutelman todellisesta veturista. Radat on helppo koota, ja niiden soikea muoto mahdollistaa jatkuvan ajon ilman jatkuvaa valvontaa. Juna liikkuu itsest\u00e4\u00e4n, joten lapsesi [&hellip;]<\/p>\n","protected":false},"featured_media":0,"comment_status":"open","ping_status":"closed","template":"","meta":[],"product_brand":[],"product_cat":[32],"product_tag":[],"class_list":{"0":"post-36738","1":"product","2":"type-product","3":"status-publish","5":"product_cat-uncategorized-fi","7":"first","8":"instock","9":"shipping-taxable","10":"purchasable","11":"product-type-simple"},"_links":{"self":[{"href":"https:\/\/nordicmart.andreevmaster.com\/fi\/wp-json\/wp\/v2\/product\/36738","targetHints":{"allow":["GET"]}}],"collection":[{"href":"https:\/\/nordicmart.andreevmaster.com\/fi\/wp-json\/wp\/v2\/product"}],"about":[{"href":"https:\/\/nordicmart.andreevmaster.com\/fi\/wp-json\/wp\/v2\/types\/product"}],"replies":[{"embeddable":true,"href":"https:\/\/nordicmart.andreevmaster.com\/fi\/wp-json\/wp\/v2\/comments?post=36738"}],"wp:attachment":[{"href":"https:\/\/nordicmart.andreevmaster.com\/fi\/wp-json\/wp\/v2\/media?parent=36738"}],"wp:term":[{"taxonomy":"product_brand","embeddable":true,"href":"https:\/\/nordicmart.andreevmaster.com\/fi\/wp-json\/wp\/v2\/product_brand?post=36738"},{"taxonomy":"product_cat","embeddable":true,"href":"https:\/\/nordicmart.andreevmaster.com\/fi\/wp-json\/wp\/v2\/product_cat?post=36738"},{"taxonomy":"product_tag","embeddable":true,"href":"https:\/\/nordicmart.andreevmaster.com\/fi\/wp-json\/wp\/v2\/product_tag?post=36738"}],"curies":[{"name":"wp","href":"https:\/\/api.w.org\/{rel}","templated":true}]}}