{"id":36737,"date":"2026-02-27T00:35:45","date_gmt":"2026-02-27T00:35:45","guid":{"rendered":"https:\/\/nordicmart.andreevmaster.com\/product\/woopie-aistien-kehitysta-edistava-ortopedinen-palapelimatto-5-kappaletta\/"},"modified":"2026-02-27T09:53:12","modified_gmt":"2026-02-27T09:53:12","slug":"woopie-aistien-kehitysta-edistava-ortopedinen-palapelimatto-5-kappaletta","status":"publish","type":"product","link":"https:\/\/nordicmart.andreevmaster.com\/fi\/tuote\/woopie-aistien-kehitysta-edistava-ortopedinen-palapelimatto-5-kappaletta\/","title":{"rendered":"WOOPIE Aistien kehityst\u00e4 edist\u00e4v\u00e4 ortopedinen palapelimatto, 5 kappaletta."},"content":{"rendered":"<p>Woopie-br\u00e4ndin suosittelema aistimatto on ortopedisesti erinomainen ja v\u00e4ltt\u00e4m\u00e4t\u00f6n vauvan kehityksen tukemisessa. Lis\u00e4ksi se voi olla hauskaa puuhaa lapsille, jotka rakastavat k\u00e4vell\u00e4 paljain jaloin. Sarjassa on 5 elementti\u00e4\/palapeli\u00e4, joissa on erilaisia kovia ja pehmeit\u00e4 rakenteita, jotka t\u00e4ydent\u00e4v\u00e4t toisiaan t\u00e4ydellisesti. Se koostuu pinnoista, jotka vahvistavat ydint\u00e4 ja varmistavat tasapainon ja vakauden harjoittelun aikana. Lis\u00e4etuna on nilkkojen ja sis\u00e4isten lihasten vahvistuminen, mik\u00e4 auttaa oikean ryhdin saavuttamisessa. Sarja t\u00e4ydent\u00e4\u00e4 erinomaisesti t\u00e4m\u00e4n sarjan muita sarjoja. Maton k\u00e4ytt\u00f6 stimuloi aisteja, hieroo jalkoja ja v\u00e4hent\u00e4\u00e4 lattajalat. Matot vaikuttavat my\u00f6s lapsen aistien integraatioon, eli kykyyn tuntea ja reagoida kehon ja ymp\u00e4rist\u00f6n antamaan informaatioon.Ominaisuudet:<\/p>\n<p>* &#8211; aistimatto, ortopedinen, palapelin kaltainen<br \/>\n* &#8211; kovat ja pehme\u00e4t pinnat, joilla on erilaiset toiminnot ja rakenteet<br \/>\n* &#8211; terveytt\u00e4 ja hauskuutta<br \/>\n* &#8211; lapsille, jotka rakastavat paljain jaloin k\u00e4vely\u00e4<\/p>\n<p>Osat:<\/p>\n<p>* &#8211; 2x kovaa ulkonemaa<br \/>\n* &#8211; 1x pehme\u00e4\u00e4 kuorta<br \/>\n* &#8211; 1x kova puunrunko<br \/>\n* &#8211; 1x kova siili<\/p>\n<p>### Sarja on t\u00e4ydellinen lis\u00e4 t\u00e4m\u00e4n sarjan muihin sarjoihin.<\/p>\n<p>### Sarjat voidaan yhdist\u00e4\u00e4 suurempien alueiden luomiseksi.<\/p>\n","protected":false},"excerpt":{"rendered":"<p>Woopie-br\u00e4ndin suosittelema aistimatto on ortopedisesti erinomainen ja v\u00e4ltt\u00e4m\u00e4t\u00f6n vauvan kehityksen tukemisessa. Lis\u00e4ksi se voi olla hauskaa puuhaa lapsille, jotka rakastavat k\u00e4vell\u00e4 paljain jaloin. Sarjassa on 5 elementti\u00e4\/palapeli\u00e4, joissa on erilaisia kovia ja pehmeit\u00e4 rakenteita, jotka t\u00e4ydent\u00e4v\u00e4t toisiaan t\u00e4ydellisesti. Se koostuu pinnoista, jotka vahvistavat ydint\u00e4 ja varmistavat tasapainon ja vakauden harjoittelun aikana. Lis\u00e4etuna on nilkkojen ja [&hellip;]<\/p>\n","protected":false},"featured_media":0,"comment_status":"open","ping_status":"closed","template":"","meta":[],"product_brand":[],"product_cat":[32],"product_tag":[],"class_list":{"0":"post-36737","1":"product","2":"type-product","3":"status-publish","5":"product_cat-uncategorized-fi","7":"first","8":"instock","9":"shipping-taxable","10":"purchasable","11":"product-type-simple"},"_links":{"self":[{"href":"https:\/\/nordicmart.andreevmaster.com\/fi\/wp-json\/wp\/v2\/product\/36737","targetHints":{"allow":["GET"]}}],"collection":[{"href":"https:\/\/nordicmart.andreevmaster.com\/fi\/wp-json\/wp\/v2\/product"}],"about":[{"href":"https:\/\/nordicmart.andreevmaster.com\/fi\/wp-json\/wp\/v2\/types\/product"}],"replies":[{"embeddable":true,"href":"https:\/\/nordicmart.andreevmaster.com\/fi\/wp-json\/wp\/v2\/comments?post=36737"}],"wp:attachment":[{"href":"https:\/\/nordicmart.andreevmaster.com\/fi\/wp-json\/wp\/v2\/media?parent=36737"}],"wp:term":[{"taxonomy":"product_brand","embeddable":true,"href":"https:\/\/nordicmart.andreevmaster.com\/fi\/wp-json\/wp\/v2\/product_brand?post=36737"},{"taxonomy":"product_cat","embeddable":true,"href":"https:\/\/nordicmart.andreevmaster.com\/fi\/wp-json\/wp\/v2\/product_cat?post=36737"},{"taxonomy":"product_tag","embeddable":true,"href":"https:\/\/nordicmart.andreevmaster.com\/fi\/wp-json\/wp\/v2\/product_tag?post=36737"}],"curies":[{"name":"wp","href":"https:\/\/api.w.org\/{rel}","templated":true}]}}