{"id":36736,"date":"2026-02-27T00:35:45","date_gmt":"2026-02-27T00:35:45","guid":{"rendered":"https:\/\/nordicmart.andreevmaster.com\/product\/woopie-aistien-ortopedinen-palapelimatto-8-kappaletta-version-1a\/"},"modified":"2026-02-27T09:53:12","modified_gmt":"2026-02-27T09:53:12","slug":"woopie-aistien-ortopedinen-palapelimatto-8-kappaletta-version-1a","status":"publish","type":"product","link":"https:\/\/nordicmart.andreevmaster.com\/fi\/tuote\/woopie-aistien-ortopedinen-palapelimatto-8-kappaletta-version-1a\/","title":{"rendered":"WOOPIE Aistien ortopedinen palapelimatto, 8 kappaletta, VERSION-1A"},"content":{"rendered":"<p>Woopie-br\u00e4ndin suosittelema aistimatto on ortopedisesti erinomainen ja v\u00e4ltt\u00e4m\u00e4t\u00f6n vauvan kehityksen tukemisessa. Se voi olla my\u00f6s hauskaa puuhaa lapsille, jotka rakastavat k\u00e4vell\u00e4 paljain jaloin. Sarja sis\u00e4lt\u00e4\u00e4 8 kappaletta\/palapeli\u00e4, joiden eri tekstuurit t\u00e4ydent\u00e4v\u00e4t toisiaan t\u00e4ydellisesti. Kovat pinnat, kuten kartiot ja kuoret, stimuloivat ja vahvistavat jalkap\u00f6yd\u00e4n kaarta. Suuret kivet puolestaan painavat jalkap\u00f6yd\u00e4n kaarta ja harjoittavat sileiden ja karheiden pintojen tuntemista. Pehme\u00e4t pinnat, kuten ruoho ja meren aallot, toimivat valmistautumisena tai helpotuksena koville pinnoille.<\/p>\n<p>Maton k\u00e4ytt\u00f6 stimuloi aisteja, hieroo jalkoja ja v\u00e4hent\u00e4\u00e4 lattajalat. Matot vaikuttavat my\u00f6s lapsen aistien integraatioon, eli kykyyn tuntea ja reagoida kehon ja ymp\u00e4rist\u00f6n antamaan informaatioon.Ominaisuudet:<\/p>\n<p>* &#8211; aistimatto, ortopedinen, palapelin kaltainen<br \/>\n* &#8211; kovat ja pehme\u00e4t pinnat, joilla on erilaiset toiminnot ja rakenteet<br \/>\n* &#8211; terveytt\u00e4 ja hauskuutta<br \/>\n* &#8211; lapsille, jotka rakastavat paljain jaloin k\u00e4vely\u00e4<\/p>\n<p>Osat:<\/p>\n<p>* &#8211; 1x pehme\u00e4 ruoho<br \/>\n* &#8211; 1x pehme\u00e4 kivi<br \/>\n* &#8211; 1x pehme\u00e4 aalto<br \/>\n* &#8211; 1x pienet kielekkeet<br \/>\n* &#8211; 1x kova muna<br \/>\n* &#8211; 1x kovat p\u00e4hkin\u00e4t<br \/>\n* &#8211; 1x kovat kuoret<br \/>\n* &#8211; 1x kovat k\u00e4vyt<\/p>\n<p>### Sarjoja voidaan yhdistell\u00e4 suurempien pintojen luomiseksi.<\/p>\n","protected":false},"excerpt":{"rendered":"<p>Woopie-br\u00e4ndin suosittelema aistimatto on ortopedisesti erinomainen ja v\u00e4ltt\u00e4m\u00e4t\u00f6n vauvan kehityksen tukemisessa. Se voi olla my\u00f6s hauskaa puuhaa lapsille, jotka rakastavat k\u00e4vell\u00e4 paljain jaloin. Sarja sis\u00e4lt\u00e4\u00e4 8 kappaletta\/palapeli\u00e4, joiden eri tekstuurit t\u00e4ydent\u00e4v\u00e4t toisiaan t\u00e4ydellisesti. Kovat pinnat, kuten kartiot ja kuoret, stimuloivat ja vahvistavat jalkap\u00f6yd\u00e4n kaarta. Suuret kivet puolestaan painavat jalkap\u00f6yd\u00e4n kaarta ja harjoittavat sileiden ja karheiden [&hellip;]<\/p>\n","protected":false},"featured_media":0,"comment_status":"open","ping_status":"closed","template":"","meta":[],"product_brand":[],"product_cat":[32],"product_tag":[],"class_list":{"0":"post-36736","1":"product","2":"type-product","3":"status-publish","5":"product_cat-uncategorized-fi","7":"first","8":"instock","9":"shipping-taxable","10":"purchasable","11":"product-type-simple"},"_links":{"self":[{"href":"https:\/\/nordicmart.andreevmaster.com\/fi\/wp-json\/wp\/v2\/product\/36736","targetHints":{"allow":["GET"]}}],"collection":[{"href":"https:\/\/nordicmart.andreevmaster.com\/fi\/wp-json\/wp\/v2\/product"}],"about":[{"href":"https:\/\/nordicmart.andreevmaster.com\/fi\/wp-json\/wp\/v2\/types\/product"}],"replies":[{"embeddable":true,"href":"https:\/\/nordicmart.andreevmaster.com\/fi\/wp-json\/wp\/v2\/comments?post=36736"}],"wp:attachment":[{"href":"https:\/\/nordicmart.andreevmaster.com\/fi\/wp-json\/wp\/v2\/media?parent=36736"}],"wp:term":[{"taxonomy":"product_brand","embeddable":true,"href":"https:\/\/nordicmart.andreevmaster.com\/fi\/wp-json\/wp\/v2\/product_brand?post=36736"},{"taxonomy":"product_cat","embeddable":true,"href":"https:\/\/nordicmart.andreevmaster.com\/fi\/wp-json\/wp\/v2\/product_cat?post=36736"},{"taxonomy":"product_tag","embeddable":true,"href":"https:\/\/nordicmart.andreevmaster.com\/fi\/wp-json\/wp\/v2\/product_tag?post=36736"}],"curies":[{"name":"wp","href":"https:\/\/api.w.org\/{rel}","templated":true}]}}