{"id":36734,"date":"2026-02-27T00:35:44","date_gmt":"2026-02-27T00:35:44","guid":{"rendered":"https:\/\/nordicmart.andreevmaster.com\/product\/woopie-supermarket-ostoskarrylla-vaaalla-kassakoneella-skannerilla-48-lisavarusteella\/"},"modified":"2026-02-27T09:53:12","modified_gmt":"2026-02-27T09:53:12","slug":"woopie-supermarket-ostoskarrylla-vaaalla-kassakoneella-skannerilla-48-lisavarusteella","status":"publish","type":"product","link":"https:\/\/nordicmart.andreevmaster.com\/fi\/tuote\/woopie-supermarket-ostoskarrylla-vaaalla-kassakoneella-skannerilla-48-lisavarusteella\/","title":{"rendered":"WOOPIE Supermarket ostosk\u00e4rryll\u00e4, vaa&#8217;alla, kassakoneella, skannerilla + 48 lis\u00e4varusteella"},"content":{"rendered":"<p>Woopie-merkkinen supermarket, jossa on ostosk\u00e4rry ja monia lis\u00e4varusteita. Ihanteellinen idea yli 3-vuotiaille lapsille. Lapset rakastavat j\u00e4ljitell\u00e4 vanhempiensa p\u00e4ivitt\u00e4isi\u00e4 askareita, joten t\u00e4m\u00e4 on t\u00e4ydellinen setti lapsellesi ja lis\u00e4mahdollisuus lapsellesi paitsi pit\u00e4\u00e4 hauskaa, my\u00f6s oppia jotain (roolileikit kehitt\u00e4v\u00e4t suuresti lapsen mielikuvitusta ja luovuutta). Kauppa sis\u00e4lt\u00e4\u00e4 kaikki tarvittavat tavarat pienen myyj\u00e4n ty\u00f6paikan varustamiseen, mukaan lukien: kassakone terminaalilla, vaaka, skanneri, maksukortti ja lukuisia elintarvikkeita. Mukana oleva ostosk\u00e4rry mahdollistaa hauskanpidon yst\u00e4vien kanssa miss\u00e4 ja milloin tahansa!<\/p>\n<p>Ominaisuudet:<\/p>\n<p>* &#8211; skanneri, joka syttyy ja antaa tunnusomaisen \u00e4\u00e4nen (paristot eiv\u00e4t sis\u00e4lly toimitukseen),* &#8211; kassakone, jossa on painikkeella toimiva laatikko,<br \/>\n* &#8211; vaaka, joka j\u00e4ljittelee t\u00e4ydellisesti aitoa vaakaa,<br \/>\n* &#8211; teline, jossa on hyllyt hinnoitelluille tuotteille,<br \/>\n* &#8211; t\u00e4ydellisesti j\u00e4ljennetyt elintarvikkeet,<br \/>\n* &#8211; esteettinen ja universaali muotoilu tekee sarjasta sopivan kaikkiin sisustuksiin,<br \/>\n* &#8211; v\u00e4rik\u00e4s laatikko, joka sopii erinomaisesti lahjaksi.<\/p>\n<p>Sarja sis\u00e4lt\u00e4\u00e4:<\/p>\n<p>* &#8211; hyllyill\u00e4 varustetun supermarketin,<br \/>\n* &#8211; ostoskorin,<br \/>\n* &#8211; kaupan vaa&#8217;an,<br \/>\n* &#8211; viivakoodilukijan,<br \/>\n* &#8211; paperirahaa,<br \/>\n* &#8211; luottokortin,<br \/>\n* &#8211; elintarvikkeita (hedelmi\u00e4, vihanneksia, juomia, maitotuotteita jne.).<\/p>\n<p>Woopie-lelujen tavoitteena on tuoda iloa lapsille! Laajasta tuotevalikoimastaan Woopie tarjoaa karnevaaliasuja ja naamiaisasuja lapsille sek\u00e4 riippukeinuja, vaahtomuovileikkikaluja, erilaisia puutarhaleikkikaluja ja paljon muuta! Anna hauskanpidon vied\u00e4 sinut mukanaan \u2013 anna Woopie vied\u00e4 sinut mukanaan!<\/p>\n","protected":false},"excerpt":{"rendered":"<p>Woopie-merkkinen supermarket, jossa on ostosk\u00e4rry ja monia lis\u00e4varusteita. Ihanteellinen idea yli 3-vuotiaille lapsille. Lapset rakastavat j\u00e4ljitell\u00e4 vanhempiensa p\u00e4ivitt\u00e4isi\u00e4 askareita, joten t\u00e4m\u00e4 on t\u00e4ydellinen setti lapsellesi ja lis\u00e4mahdollisuus lapsellesi paitsi pit\u00e4\u00e4 hauskaa, my\u00f6s oppia jotain (roolileikit kehitt\u00e4v\u00e4t suuresti lapsen mielikuvitusta ja luovuutta). Kauppa sis\u00e4lt\u00e4\u00e4 kaikki tarvittavat tavarat pienen myyj\u00e4n ty\u00f6paikan varustamiseen, mukaan lukien: kassakone terminaalilla, vaaka, [&hellip;]<\/p>\n","protected":false},"featured_media":0,"comment_status":"open","ping_status":"closed","template":"","meta":[],"product_brand":[],"product_cat":[32],"product_tag":[],"class_list":{"0":"post-36734","1":"product","2":"type-product","3":"status-publish","5":"product_cat-uncategorized-fi","7":"first","8":"instock","9":"shipping-taxable","10":"purchasable","11":"product-type-simple"},"_links":{"self":[{"href":"https:\/\/nordicmart.andreevmaster.com\/fi\/wp-json\/wp\/v2\/product\/36734","targetHints":{"allow":["GET"]}}],"collection":[{"href":"https:\/\/nordicmart.andreevmaster.com\/fi\/wp-json\/wp\/v2\/product"}],"about":[{"href":"https:\/\/nordicmart.andreevmaster.com\/fi\/wp-json\/wp\/v2\/types\/product"}],"replies":[{"embeddable":true,"href":"https:\/\/nordicmart.andreevmaster.com\/fi\/wp-json\/wp\/v2\/comments?post=36734"}],"wp:attachment":[{"href":"https:\/\/nordicmart.andreevmaster.com\/fi\/wp-json\/wp\/v2\/media?parent=36734"}],"wp:term":[{"taxonomy":"product_brand","embeddable":true,"href":"https:\/\/nordicmart.andreevmaster.com\/fi\/wp-json\/wp\/v2\/product_brand?post=36734"},{"taxonomy":"product_cat","embeddable":true,"href":"https:\/\/nordicmart.andreevmaster.com\/fi\/wp-json\/wp\/v2\/product_cat?post=36734"},{"taxonomy":"product_tag","embeddable":true,"href":"https:\/\/nordicmart.andreevmaster.com\/fi\/wp-json\/wp\/v2\/product_tag?post=36734"}],"curies":[{"name":"wp","href":"https:\/\/api.w.org\/{rel}","templated":true}]}}