{"id":36733,"date":"2026-02-27T00:35:44","date_gmt":"2026-02-27T00:35:44","guid":{"rendered":"https:\/\/nordicmart.andreevmaster.com\/product\/aurinkosuojakatto-gran-tour-berg-nelipaikkaisille-go-kartsille\/"},"modified":"2026-02-27T09:53:12","modified_gmt":"2026-02-27T09:53:12","slug":"aurinkosuojakatto-gran-tour-berg-nelipaikkaisille-go-kartsille","status":"publish","type":"product","link":"https:\/\/nordicmart.andreevmaster.com\/fi\/tuote\/aurinkosuojakatto-gran-tour-berg-nelipaikkaisille-go-kartsille\/","title":{"rendered":"Aurinkosuojakatto Gran Tour Berg -nelipaikkaisille go-kartsille"},"content":{"rendered":"<p>Suojakatto Gran Tour Berg -nelipaikkaisille karting-autoille. <\/p>\n<p>Se suojaa sinua ja perhett\u00e4si: <\/p>\n<p>* auringolta,<br \/>\n* sateelta,<br \/>\n* ja kaikilta odottamattomilta tilanteilta! <\/p>\n<p>Oranssi katos sopii Grand Tour Off-road -karting-autoille. Sopii vuodesta 2015 l\u00e4htien valmistettuihin malleihin.<\/p>\n<p>BERG on hollantilainen yritys, joka on perustanut toimintansa jo yli kolmekymment\u00e4 vuotta kahdelle pilarille: perinteelle ja innovaatiolle. Sen missiona on yll\u00e4pit\u00e4\u00e4 ja kehitt\u00e4\u00e4 luovaa lahjakkuutta ja edell\u00e4k\u00e4vijyytt\u00e4, jotta suunnittelu- ja tuotantoprosessi tuottaa luotettavuutta ja ajatonta omaper\u00e4isyytt\u00e4. Yrityksen mukaan ihanteellinen lasten ajoneuvo ei saisi tarjota vain monipuolisia leikkimahdollisuuksia, vaan my\u00f6s mahdollistaa terveellisen fyysisen kehityksen ja lelun mahdollisimman pitk\u00e4n k\u00e4ytt\u00f6i\u00e4n.<\/p>\n","protected":false},"excerpt":{"rendered":"<p>Suojakatto Gran Tour Berg -nelipaikkaisille karting-autoille. Se suojaa sinua ja perhett\u00e4si: * auringolta, * sateelta, * ja kaikilta odottamattomilta tilanteilta! Oranssi katos sopii Grand Tour Off-road -karting-autoille. Sopii vuodesta 2015 l\u00e4htien valmistettuihin malleihin. BERG on hollantilainen yritys, joka on perustanut toimintansa jo yli kolmekymment\u00e4 vuotta kahdelle pilarille: perinteelle ja innovaatiolle. Sen missiona on yll\u00e4pit\u00e4\u00e4 ja [&hellip;]<\/p>\n","protected":false},"featured_media":0,"comment_status":"open","ping_status":"closed","template":"","meta":[],"product_brand":[],"product_cat":[32],"product_tag":[],"class_list":{"0":"post-36733","1":"product","2":"type-product","3":"status-publish","5":"product_cat-uncategorized-fi","7":"first","8":"instock","9":"shipping-taxable","10":"purchasable","11":"product-type-simple"},"_links":{"self":[{"href":"https:\/\/nordicmart.andreevmaster.com\/fi\/wp-json\/wp\/v2\/product\/36733","targetHints":{"allow":["GET"]}}],"collection":[{"href":"https:\/\/nordicmart.andreevmaster.com\/fi\/wp-json\/wp\/v2\/product"}],"about":[{"href":"https:\/\/nordicmart.andreevmaster.com\/fi\/wp-json\/wp\/v2\/types\/product"}],"replies":[{"embeddable":true,"href":"https:\/\/nordicmart.andreevmaster.com\/fi\/wp-json\/wp\/v2\/comments?post=36733"}],"wp:attachment":[{"href":"https:\/\/nordicmart.andreevmaster.com\/fi\/wp-json\/wp\/v2\/media?parent=36733"}],"wp:term":[{"taxonomy":"product_brand","embeddable":true,"href":"https:\/\/nordicmart.andreevmaster.com\/fi\/wp-json\/wp\/v2\/product_brand?post=36733"},{"taxonomy":"product_cat","embeddable":true,"href":"https:\/\/nordicmart.andreevmaster.com\/fi\/wp-json\/wp\/v2\/product_cat?post=36733"},{"taxonomy":"product_tag","embeddable":true,"href":"https:\/\/nordicmart.andreevmaster.com\/fi\/wp-json\/wp\/v2\/product_tag?post=36733"}],"curies":[{"name":"wp","href":"https:\/\/api.w.org\/{rel}","templated":true}]}}