{"id":36732,"date":"2026-02-27T00:35:44","date_gmt":"2026-02-27T00:35:44","guid":{"rendered":"https:\/\/nordicmart.andreevmaster.com\/product\/berg-gran-tour-racer-4-paikkainen-polkuauto-enintaan-225-kg\/"},"modified":"2026-02-27T09:53:11","modified_gmt":"2026-02-27T09:53:11","slug":"berg-gran-tour-racer-4-paikkainen-polkuauto-enintaan-225-kg","status":"publish","type":"product","link":"https:\/\/nordicmart.andreevmaster.com\/fi\/tuote\/berg-gran-tour-racer-4-paikkainen-polkuauto-enintaan-225-kg\/","title":{"rendered":"Berg Gran Tour Racer 4-paikkainen polkuauto, enint\u00e4\u00e4n 225 kg"},"content":{"rendered":"<p>Jokaisen virkistyspuiston vetonaula: BERG Gran Tour -polkupy\u00f6r\u00e4\/kartingauto! Nelipaikkainen kartingauto on ergonomisesti muotoiltu, joten sen k\u00e4ytt\u00f6 on t\u00e4ysin turvallista. Se tarjoaa hauskaa ajanvietett\u00e4 sek\u00e4 nuorille ett\u00e4 vanhoille k\u00e4ytt\u00e4jille. Ajoneuvo on suunniteltu raskaille kuormille. Se on suunniteltu tarjoamaan korkeinta mahdollista mukavuutta. K\u00e4\u00e4nnett\u00e4v\u00e4 kartingauto on helppo ohjata. Luotettava k\u00e4sijarru mahdollistaa pehme\u00e4n pys\u00e4htymisen.Ominaisuudet:<\/p>\n<p>* &#8211; sopii 2 aikuiselle ja 2 lapselle (edess\u00e4),<br \/>\n* &#8211; luotettava ja turvallinen ohjaus,<br \/>\n* &#8211; kaksi taka- ja kaksi etuistuinta. Etuistuimet on varustettu turvav\u00f6ill\u00e4,<br \/>\n* &#8211; k\u00e4sijarru ja seisontajarru takapy\u00f6riss\u00e4,<br \/>\n* &#8211; halkaisijaltaan 580 mm:n kumiset kilpapy\u00f6r\u00e4t alumiinivanteilla,<br \/>\n* &#8211; eteenp\u00e4in polkeminen yhdistyy vapaak\u00e4yntitoimintoon, kun jalat ovat paikallaan ajon aikana.<\/p>\n<p>TARJOUS SIS\u00c4LT\u00c4\u00c4 GO-KARTIN ITSEEN &#8211; ILMAN KATTOA.<\/p>\n","protected":false},"excerpt":{"rendered":"<p>Jokaisen virkistyspuiston vetonaula: BERG Gran Tour -polkupy\u00f6r\u00e4\/kartingauto! Nelipaikkainen kartingauto on ergonomisesti muotoiltu, joten sen k\u00e4ytt\u00f6 on t\u00e4ysin turvallista. Se tarjoaa hauskaa ajanvietett\u00e4 sek\u00e4 nuorille ett\u00e4 vanhoille k\u00e4ytt\u00e4jille. Ajoneuvo on suunniteltu raskaille kuormille. Se on suunniteltu tarjoamaan korkeinta mahdollista mukavuutta. K\u00e4\u00e4nnett\u00e4v\u00e4 kartingauto on helppo ohjata. Luotettava k\u00e4sijarru mahdollistaa pehme\u00e4n pys\u00e4htymisen.Ominaisuudet: * &#8211; sopii 2 aikuiselle ja [&hellip;]<\/p>\n","protected":false},"featured_media":0,"comment_status":"open","ping_status":"closed","template":"","meta":[],"product_brand":[],"product_cat":[32],"product_tag":[],"class_list":{"0":"post-36732","1":"product","2":"type-product","3":"status-publish","5":"product_cat-uncategorized-fi","7":"first","8":"instock","9":"shipping-taxable","10":"purchasable","11":"product-type-simple"},"_links":{"self":[{"href":"https:\/\/nordicmart.andreevmaster.com\/fi\/wp-json\/wp\/v2\/product\/36732","targetHints":{"allow":["GET"]}}],"collection":[{"href":"https:\/\/nordicmart.andreevmaster.com\/fi\/wp-json\/wp\/v2\/product"}],"about":[{"href":"https:\/\/nordicmart.andreevmaster.com\/fi\/wp-json\/wp\/v2\/types\/product"}],"replies":[{"embeddable":true,"href":"https:\/\/nordicmart.andreevmaster.com\/fi\/wp-json\/wp\/v2\/comments?post=36732"}],"wp:attachment":[{"href":"https:\/\/nordicmart.andreevmaster.com\/fi\/wp-json\/wp\/v2\/media?parent=36732"}],"wp:term":[{"taxonomy":"product_brand","embeddable":true,"href":"https:\/\/nordicmart.andreevmaster.com\/fi\/wp-json\/wp\/v2\/product_brand?post=36732"},{"taxonomy":"product_cat","embeddable":true,"href":"https:\/\/nordicmart.andreevmaster.com\/fi\/wp-json\/wp\/v2\/product_cat?post=36732"},{"taxonomy":"product_tag","embeddable":true,"href":"https:\/\/nordicmart.andreevmaster.com\/fi\/wp-json\/wp\/v2\/product_tag?post=36732"}],"curies":[{"name":"wp","href":"https:\/\/api.w.org\/{rel}","templated":true}]}}