{"id":36731,"date":"2026-02-27T00:35:43","date_gmt":"2026-02-27T00:35:43","guid":{"rendered":"https:\/\/nordicmart.andreevmaster.com\/product\/berg-gran-tour-off-road-bfr-4-paikkainen-polkuauto-5\/"},"modified":"2026-02-27T09:53:11","modified_gmt":"2026-02-27T09:53:11","slug":"berg-gran-tour-off-road-bfr-4-paikkainen-polkuauto-5","status":"publish","type":"product","link":"https:\/\/nordicmart.andreevmaster.com\/fi\/tuote\/berg-gran-tour-off-road-bfr-4-paikkainen-polkuauto-5\/","title":{"rendered":"BERG Gran Tour Off-Road BFR 4-paikkainen polkuauto 5+"},"content":{"rendered":"<p>Jokaisen virkistyspuiston vetonaula: BERG Gran Tour Off Road -py\u00f6r\u00e4\/polkuauto! Nelipaikkainen karting-auto on ergonomisesti muotoiltu, joten sen k\u00e4ytt\u00f6 on t\u00e4ysin turvallista. Se on hauskaa ajettavaa sek\u00e4 nuorille ett\u00e4 vanhemmille k\u00e4ytt\u00e4jille. Ajoneuvo on suunniteltu raskaille kuormille. Se on suunniteltu tarjoamaan korkeinta mahdollista mukavuutta. K\u00e4\u00e4nnett\u00e4v\u00e4 karting-auto on helppo ohjata. Luotettava k\u00e4sijarru mahdollistaa pehme\u00e4n pys\u00e4htymisen.Tekniset tiedot<\/p>\n<p>* Takuu: 2 vuotta<br \/>\n* K\u00e4ytt\u00e4j\u00e4n ik\u00e4: 0\u201399 vuotta<br \/>\n* K\u00e4ytt\u00e4j\u00e4n enimm\u00e4ispaino: 225 kg<br \/>\n* Ajoneuvon koko (pituus, leveys, korkeus): 190 cm, 115 cm, 102 cm<br \/>\n* Ajoneuvon paino: 106 kg<br \/>\n* Jarru: Manuaalinen<br \/>\n* Peruutusvaihde: ei<br \/>\n* Vapaak\u00e4ynti: kyll\u00e4<br \/>\n* S\u00e4\u00e4dett\u00e4v\u00e4 istuin: kyll\u00e4<br \/>\n* S\u00e4\u00e4dett\u00e4v\u00e4 ohjauspy\u00f6r\u00e4: kyll\u00e4<br \/>\n* Ketjusuoja: T\u00e4ysi<\/p>\n","protected":false},"excerpt":{"rendered":"<p>Jokaisen virkistyspuiston vetonaula: BERG Gran Tour Off Road -py\u00f6r\u00e4\/polkuauto! Nelipaikkainen karting-auto on ergonomisesti muotoiltu, joten sen k\u00e4ytt\u00f6 on t\u00e4ysin turvallista. Se on hauskaa ajettavaa sek\u00e4 nuorille ett\u00e4 vanhemmille k\u00e4ytt\u00e4jille. Ajoneuvo on suunniteltu raskaille kuormille. Se on suunniteltu tarjoamaan korkeinta mahdollista mukavuutta. K\u00e4\u00e4nnett\u00e4v\u00e4 karting-auto on helppo ohjata. Luotettava k\u00e4sijarru mahdollistaa pehme\u00e4n pys\u00e4htymisen.Tekniset tiedot * Takuu: 2 [&hellip;]<\/p>\n","protected":false},"featured_media":0,"comment_status":"open","ping_status":"closed","template":"","meta":[],"product_brand":[],"product_cat":[32],"product_tag":[],"class_list":{"0":"post-36731","1":"product","2":"type-product","3":"status-publish","5":"product_cat-uncategorized-fi","7":"first","8":"instock","9":"shipping-taxable","10":"purchasable","11":"product-type-simple"},"_links":{"self":[{"href":"https:\/\/nordicmart.andreevmaster.com\/fi\/wp-json\/wp\/v2\/product\/36731","targetHints":{"allow":["GET"]}}],"collection":[{"href":"https:\/\/nordicmart.andreevmaster.com\/fi\/wp-json\/wp\/v2\/product"}],"about":[{"href":"https:\/\/nordicmart.andreevmaster.com\/fi\/wp-json\/wp\/v2\/types\/product"}],"replies":[{"embeddable":true,"href":"https:\/\/nordicmart.andreevmaster.com\/fi\/wp-json\/wp\/v2\/comments?post=36731"}],"wp:attachment":[{"href":"https:\/\/nordicmart.andreevmaster.com\/fi\/wp-json\/wp\/v2\/media?parent=36731"}],"wp:term":[{"taxonomy":"product_brand","embeddable":true,"href":"https:\/\/nordicmart.andreevmaster.com\/fi\/wp-json\/wp\/v2\/product_brand?post=36731"},{"taxonomy":"product_cat","embeddable":true,"href":"https:\/\/nordicmart.andreevmaster.com\/fi\/wp-json\/wp\/v2\/product_cat?post=36731"},{"taxonomy":"product_tag","embeddable":true,"href":"https:\/\/nordicmart.andreevmaster.com\/fi\/wp-json\/wp\/v2\/product_tag?post=36731"}],"curies":[{"name":"wp","href":"https:\/\/api.w.org\/{rel}","templated":true}]}}