{"id":36730,"date":"2026-02-27T00:35:43","date_gmt":"2026-02-27T00:35:43","guid":{"rendered":"https:\/\/nordicmart.andreevmaster.com\/product\/woopie-supermarket-shop-and-shopping-cart-ostoskarry-kassakone-vaaka-skanneri-47-lisavarustetta\/"},"modified":"2026-02-27T09:53:11","modified_gmt":"2026-02-27T09:53:11","slug":"woopie-supermarket-shop-and-shopping-cart-ostoskarry-kassakone-vaaka-skanneri-47-lisavarustetta","status":"publish","type":"product","link":"https:\/\/nordicmart.andreevmaster.com\/fi\/tuote\/woopie-supermarket-shop-and-shopping-cart-ostoskarry-kassakone-vaaka-skanneri-47-lisavarustetta\/","title":{"rendered":"WOOPIE Supermarket Shop and Shopping Cart Ostosk\u00e4rry Kassakone Vaaka Skanneri 47 lis\u00e4varustetta"},"content":{"rendered":"<p>Luotettavan Woopie-br\u00e4ndin ostosk\u00e4rry, jossa on 47 lis\u00e4varustetta, on ihanteellinen yli 3-vuotiaille lapsille. Lapset rakastavat j\u00e4ljitell\u00e4 vanhempiaan, mink\u00e4 vuoksi t\u00e4m\u00e4 on t\u00e4ydellinen setti lapsellesi. Roolileikit kehitt\u00e4v\u00e4t lapsen mielikuvitusta ja luovuutta. Kauppa sis\u00e4lt\u00e4\u00e4 kaikki tarvittavat elementit pienen myyj\u00e4n ty\u00f6pisteen varustamiseen, mukaan lukien kassakone vaa&#8217;alla, skanneri ja maksukortinlukija. Mukana oleva ostosk\u00e4rry mahdollistaa hauskanpidon yst\u00e4vien kanssa miss\u00e4 ja milloin tahansa, ja lapsesi tiet\u00e4\u00e4 aina, miten k\u00e4ytt\u00e4yty\u00e4 supermarketissa!<\/p>\n<p>Ominaisuudet:<\/p>\n<p>* &#8211; skanneri, joka syttyy punaiseksi ja antaa tunnusomaisen \u00e4\u00e4nen,<br \/>\n* &#8211; maksukortinlukija, joka antaa \u00e4\u00e4nen ja jossa on vilkkuva valo,* &#8211; kassakone, joka j\u00e4ljittelee t\u00e4ydellisesti aitoa kassakonetta,<br \/>\n* &#8211; hyllyll\u00e4 varustettu teline tuotteille, joissa on hinnat,<br \/>\n* &#8211; t\u00e4ydellisesti j\u00e4ljennetyt elintarvikkeet,<br \/>\n* &#8211; esteettiset ja hillityt v\u00e4rit sopivat kaikkiin sisustuksiin,<br \/>\n* &#8211; v\u00e4rik\u00e4s laatikko, joka sopii t\u00e4ydellisesti lahjaksi,<br \/>\n* &#8211; et\u00e4isyys maasta kaupan tiskille on noin 45 cm.<\/p>\n<p>Sarja sis\u00e4lt\u00e4\u00e4 47 lis\u00e4varustetta:<\/p>\n<p>* &#8211; supermarket,<br \/>\n* &#8211; ostoskori,<br \/>\n* &#8211; kaupan vaaka,<br \/>\n* &#8211; viivakoodilukija,<br \/>\n* &#8211; luottokortinlukija + luottokortti,<br \/>\n* &#8211; paperiraha,<br \/>\n* &#8211; kolikot,<br \/>\n* &#8211; elintarvikkeet (hedelm\u00e4t, vihannekset, juomat, maitotuotteet, jne.).<\/p>\n<p>Lelu kehitt\u00e4\u00e4:<\/p>\n<p>* &#8211; Mielikuvitusta ja luovuutta<br \/>\n* &#8211; Sosiaalisia taitoja<br \/>\n* &#8211; Kognitiivisia taitoja<br \/>\n* &#8211; Hienomotoriikkaa<\/p>\n","protected":false},"excerpt":{"rendered":"<p>Luotettavan Woopie-br\u00e4ndin ostosk\u00e4rry, jossa on 47 lis\u00e4varustetta, on ihanteellinen yli 3-vuotiaille lapsille. Lapset rakastavat j\u00e4ljitell\u00e4 vanhempiaan, mink\u00e4 vuoksi t\u00e4m\u00e4 on t\u00e4ydellinen setti lapsellesi. Roolileikit kehitt\u00e4v\u00e4t lapsen mielikuvitusta ja luovuutta. Kauppa sis\u00e4lt\u00e4\u00e4 kaikki tarvittavat elementit pienen myyj\u00e4n ty\u00f6pisteen varustamiseen, mukaan lukien kassakone vaa&#8217;alla, skanneri ja maksukortinlukija. Mukana oleva ostosk\u00e4rry mahdollistaa hauskanpidon yst\u00e4vien kanssa miss\u00e4 ja milloin [&hellip;]<\/p>\n","protected":false},"featured_media":0,"comment_status":"open","ping_status":"closed","template":"","meta":[],"product_brand":[],"product_cat":[32],"product_tag":[],"class_list":{"0":"post-36730","1":"product","2":"type-product","3":"status-publish","5":"product_cat-uncategorized-fi","7":"first","8":"instock","9":"shipping-taxable","10":"purchasable","11":"product-type-simple"},"_links":{"self":[{"href":"https:\/\/nordicmart.andreevmaster.com\/fi\/wp-json\/wp\/v2\/product\/36730","targetHints":{"allow":["GET"]}}],"collection":[{"href":"https:\/\/nordicmart.andreevmaster.com\/fi\/wp-json\/wp\/v2\/product"}],"about":[{"href":"https:\/\/nordicmart.andreevmaster.com\/fi\/wp-json\/wp\/v2\/types\/product"}],"replies":[{"embeddable":true,"href":"https:\/\/nordicmart.andreevmaster.com\/fi\/wp-json\/wp\/v2\/comments?post=36730"}],"wp:attachment":[{"href":"https:\/\/nordicmart.andreevmaster.com\/fi\/wp-json\/wp\/v2\/media?parent=36730"}],"wp:term":[{"taxonomy":"product_brand","embeddable":true,"href":"https:\/\/nordicmart.andreevmaster.com\/fi\/wp-json\/wp\/v2\/product_brand?post=36730"},{"taxonomy":"product_cat","embeddable":true,"href":"https:\/\/nordicmart.andreevmaster.com\/fi\/wp-json\/wp\/v2\/product_cat?post=36730"},{"taxonomy":"product_tag","embeddable":true,"href":"https:\/\/nordicmart.andreevmaster.com\/fi\/wp-json\/wp\/v2\/product_tag?post=36730"}],"curies":[{"name":"wp","href":"https:\/\/api.w.org\/{rel}","templated":true}]}}