{"id":36729,"date":"2026-02-27T00:35:43","date_gmt":"2026-02-27T00:35:43","guid":{"rendered":"https:\/\/nordicmart.andreevmaster.com\/product\/woopie-farmer-gotrac-maxi-polkutraktori-peravaunulla-ja-hiljaisilla-pyorilla\/"},"modified":"2026-02-27T09:53:11","modified_gmt":"2026-02-27T09:53:11","slug":"woopie-farmer-gotrac-maxi-polkutraktori-peravaunulla-ja-hiljaisilla-pyorilla","status":"publish","type":"product","link":"https:\/\/nordicmart.andreevmaster.com\/fi\/tuote\/woopie-farmer-gotrac-maxi-polkutraktori-peravaunulla-ja-hiljaisilla-pyorilla\/","title":{"rendered":"WOOPIE Farmer GoTrac MAXI polkutraktori per\u00e4vaunulla ja hiljaisilla py\u00f6rill\u00e4"},"content":{"rendered":"<p>Woopien punainen polkutraktori per\u00e4vaunulla on t\u00e4ydellinen valinta kaikille pikkulapsille, jotka haaveilevat maatilan t\u00f6ist\u00e4 tai yksinkertaisesti rakastavat maatalouskoneita! Realistisen ulkon\u00e4\u00f6n ja liikkuvan per\u00e4vaunun ansiosta lapsesi voi leikki\u00e4 oikeaa traktorinkuljettajaa \u2013 kuljettaa leluja, hiekkaa, kivi\u00e4 tai muita &#8221;kuormia&#8221; kotona, puutarhassa, tontilla tai leikkikent\u00e4ll\u00e4.  Traktori toimii lapsen jalkojen voimalla, joten lapsi voi k\u00e4ytt\u00e4\u00e4 lelua aktiivisesti, mik\u00e4 lis\u00e4\u00e4 h\u00e4nen kest\u00e4vyytt\u00e4\u00e4n ja kannustaa ulkoiluun. Se on t\u00e4ydellinen lahja kaikille yli 3-vuotiaille lapsille riippumatta siit\u00e4, asuvatko he maalla vai kaupungissa.Ominaisuudet:<\/p>\n<p>* &#8211; Lelu 3-vuotiaille ja sit\u00e4 vanhemmille lapsille<br \/>\n* &#8211; T\u00e4ysin toimiva traktori polkimilla \u2013 takaa mukavan ajokokemuksen ja pitk\u00e4kestoisen hauskanpidon<br \/>\n* &#8211; Suuri ja kest\u00e4v\u00e4 per\u00e4vaunu \u2013 t\u00e4ydellinen lelujen, puutarhaty\u00f6kalujen tai muiden lasten &#8221;lastien&#8221; kuljettamiseen<br \/>\n* &#8211; Ohjauspy\u00f6r\u00e4 \u00e4\u00e4nitorvella<br \/>\n* &#8211; Vankka rakenne korkealaatuisesta muovista \u2013 takaa kest\u00e4vyyden ja turvallisuuden<br \/>\n* &#8211; Mukava s\u00e4\u00e4dett\u00e4v\u00e4 istuin selk\u00e4nojalla \u2013 takaa mukavuuden my\u00f6s pidempien leikkisessioiden aikana<br \/>\n* &#8211; Moderni muotoilu realistisine yksityiskohtineen \u2013 traktori n\u00e4ytt\u00e4\u00e4 aidolta maatalousajoneuvolta<br \/>\n* &#8211; Suuret muovipy\u00f6r\u00e4t paksulla kulutuspinnalla \u2013 takaavat hyv\u00e4n pidon ja vakauden erilaisilla alustoilla<br \/>\n* &#8211; Intuitiivinen kokoonpano \u2013 helppo koota muutamassa hetkess\u00e4<\/p>\n<p>Sarja sis\u00e4lt\u00e4\u00e4:<\/p>\n<p>* &#8211; Polkimella toimiva traktori<br \/>\n* &#8211; Suuri kaksipy\u00f6r\u00e4inen per\u00e4vaunu vetokoukulla<br \/>\n* &#8211; Kokoonpano-ohjeet<\/p>\n<p>Lelu kehitt\u00e4\u00e4:<\/p>\n<p>* &#8211; Motorista koordinaatiota<br \/>\n* &#8211; Mielikuvitusta ja luovuutta<br \/>\n* &#8211; Fyysist\u00e4 kuntoa<br \/>\n* &#8211; Sosiaalisia taitoja<br \/>\n* &#8211; Vastuuntuntoa<\/p>\n<p>\u25b6\ufe0f Traktorin ja per\u00e4vaunun mitat: 143 x 51 x 51 (cm)<\/p>\n<p>\u25b6\ufe0f Pakkauksen mitat: 51 x 35,5 x 92 cm<\/p>\n","protected":false},"excerpt":{"rendered":"<p>Woopien punainen polkutraktori per\u00e4vaunulla on t\u00e4ydellinen valinta kaikille pikkulapsille, jotka haaveilevat maatilan t\u00f6ist\u00e4 tai yksinkertaisesti rakastavat maatalouskoneita! Realistisen ulkon\u00e4\u00f6n ja liikkuvan per\u00e4vaunun ansiosta lapsesi voi leikki\u00e4 oikeaa traktorinkuljettajaa \u2013 kuljettaa leluja, hiekkaa, kivi\u00e4 tai muita &#8221;kuormia&#8221; kotona, puutarhassa, tontilla tai leikkikent\u00e4ll\u00e4. Traktori toimii lapsen jalkojen voimalla, joten lapsi voi k\u00e4ytt\u00e4\u00e4 lelua aktiivisesti, mik\u00e4 lis\u00e4\u00e4 h\u00e4nen [&hellip;]<\/p>\n","protected":false},"featured_media":0,"comment_status":"open","ping_status":"closed","template":"","meta":[],"product_brand":[],"product_cat":[32],"product_tag":[],"class_list":{"0":"post-36729","1":"product","2":"type-product","3":"status-publish","5":"product_cat-uncategorized-fi","7":"first","8":"instock","9":"shipping-taxable","10":"purchasable","11":"product-type-simple"},"_links":{"self":[{"href":"https:\/\/nordicmart.andreevmaster.com\/fi\/wp-json\/wp\/v2\/product\/36729","targetHints":{"allow":["GET"]}}],"collection":[{"href":"https:\/\/nordicmart.andreevmaster.com\/fi\/wp-json\/wp\/v2\/product"}],"about":[{"href":"https:\/\/nordicmart.andreevmaster.com\/fi\/wp-json\/wp\/v2\/types\/product"}],"replies":[{"embeddable":true,"href":"https:\/\/nordicmart.andreevmaster.com\/fi\/wp-json\/wp\/v2\/comments?post=36729"}],"wp:attachment":[{"href":"https:\/\/nordicmart.andreevmaster.com\/fi\/wp-json\/wp\/v2\/media?parent=36729"}],"wp:term":[{"taxonomy":"product_brand","embeddable":true,"href":"https:\/\/nordicmart.andreevmaster.com\/fi\/wp-json\/wp\/v2\/product_brand?post=36729"},{"taxonomy":"product_cat","embeddable":true,"href":"https:\/\/nordicmart.andreevmaster.com\/fi\/wp-json\/wp\/v2\/product_cat?post=36729"},{"taxonomy":"product_tag","embeddable":true,"href":"https:\/\/nordicmart.andreevmaster.com\/fi\/wp-json\/wp\/v2\/product_tag?post=36729"}],"curies":[{"name":"wp","href":"https:\/\/api.w.org\/{rel}","templated":true}]}}