{"id":36727,"date":"2026-02-27T00:35:42","date_gmt":"2026-02-27T00:35:42","guid":{"rendered":"https:\/\/nordicmart.andreevmaster.com\/product\/woopie-swing-3-in-1-pink-2\/"},"modified":"2026-02-27T09:53:10","modified_gmt":"2026-02-27T09:53:10","slug":"woopie-swing-3-in-1-pink-2","status":"publish","type":"product","link":"https:\/\/nordicmart.andreevmaster.com\/fi\/tuote\/woopie-swing-3-in-1-pink-2\/","title":{"rendered":"WOOPIE Swing 3-in-1 Pink"},"content":{"rendered":"<p>Woopie 3-in-1 -keinu on t\u00e4ydellinen valinta vanhemmille, jotka etsiv\u00e4t turvallista, kest\u00e4v\u00e4\u00e4 ja monik\u00e4ytt\u00f6ist\u00e4 ratkaisua sek\u00e4 sis\u00e4- ett\u00e4 ulkoleikkeihin. Sen v\u00e4rik\u00e4s, lapsille sopiva muotoilu her\u00e4tt\u00e4\u00e4 lapsen huomion ja kannustaa aktiivisuuteen. Se ei ole vain lelu, vaan my\u00f6s tuote, joka kasvaa lapsen mukana. Modulaarisen rakenteensa ansiosta voit mukauttaa sen lapsen ik\u00e4\u00e4n ja kykyihin \u2013 tarpeiden mukaan voit helposti irrottaa selk\u00e4nojan ja jalkapeitteen. N\u00e4in keinu palvelee lasta monien vuosien ajan ja tarjoaa turvallista ja kiinnostavaa leikki\u00e4 eri kehitysvaiheissa. Keinu on varustettu turvav\u00f6ill\u00e4, jotka suojaavat lasta tehokkaasti putoamiselta leikin aikana. Lis\u00e4ksi k\u00f6ysien s\u00e4\u00e4dett\u00e4v\u00e4 pituus (jopa 160 cm) mahdollistaa keinun asentamisen eri korkeuksille \u2013 voit mukauttaa sen t\u00e4ydellisesti puutarhasi, terassisi tai kotisi olosuhteisiin. Kest\u00e4v\u00e4st\u00e4 muovista valmistettu tukeva rakenne takaa s\u00e4\u00e4nkest\u00e4vyyden ja on my\u00f6s yst\u00e4v\u00e4llinen lapsesi iholle \u2013 ilman ter\u00e4vi\u00e4 reunoja tai myrkyllisi\u00e4 materiaaleja. T\u00e4ll\u00e4 keinulla tarjoat lapsellesi kauniita hetki\u00e4, jotka ovat t\u00e4ynn\u00e4 hauskuutta ja iloa.Ominaisuudet:<\/p>\n<p>* &#8211; Tuote on tarkoitettu 12 kuukauden ik\u00e4isille lapsille<br \/>\n* &#8211; 3 toimintoa yhdess\u00e4: vauvan keinu selk\u00e4nojalla ja jalkapeitteell\u00e4, keinu vain selk\u00e4nojalla tai istuin ilman selk\u00e4nojaa<br \/>\n* &#8211; Monitoiminen modulaarinen rakenne \u2013 osat on helppo purkaa<br \/>\n* &#8211; Turvavy\u00f6t \u2013 takaavat vakauden ja suojan lapsellesi keinuttaessa<br \/>\n* &#8211; S\u00e4\u00e4dett\u00e4v\u00e4 ripustuskorkeus \u2013 jopa 160 cm pitk\u00e4t k\u00f6ydet<br \/>\n* &#8211; Helppo asentaa k\u00e4yt\u00e4nn\u00f6llisten kahvojen ja koukkujen ansiosta<br \/>\n* &#8211; Kest\u00e4v\u00e4, vakaa ja kevyt rakenne \u2013 ihanteellinen sis\u00e4- ja ulkok\u00e4ytt\u00f6\u00f6n<br \/>\n* &#8211; V\u00e4rik\u00e4s, yst\u00e4v\u00e4llinen muotoilu \u2013 kannustaa lapsia leikkim\u00e4\u00e4n ja olemaan aktiivisia<br \/>\n* &#8211; Korkealaatuiset materiaalit \u2013 kest\u00e4vi\u00e4, turvallisia ja helppoja puhdistaa<\/p>\n<p>Setti sis\u00e4lt\u00e4\u00e4:<\/p>\n<p>* &#8211; Muovinen keinutuoli<br \/>\n* &#8211; Irrotettava jalkatuen suojus<br \/>\n* &#8211; Irrotettava selk\u00e4noja<br \/>\n* &#8211; Integroidut turvavy\u00f6t<br \/>\n* &#8211; Kest\u00e4v\u00e4t kiinnitysk\u00f6ydet, pituus enint\u00e4\u00e4n 160 cm<br \/>\n* &#8211; Kiinnityskoukut keinun ripustamista varten<\/p>\n<p>Lelu kehitt\u00e4\u00e4:<\/p>\n<p>* &#8211; Motorista koordinaatiota<br \/>\n* &#8211; Tasapainoa ja motorisia taitoja<br \/>\n* &#8211; Tasapainoaistia<br \/>\n* &#8211; Itsen\u00e4isyytt\u00e4<br \/>\n* &#8211; Itseluottamusta<\/p>\n<p>Tuotteen mitat: 44 x 35 x 37 (cm)<\/p>\n","protected":false},"excerpt":{"rendered":"<p>Woopie 3-in-1 -keinu on t\u00e4ydellinen valinta vanhemmille, jotka etsiv\u00e4t turvallista, kest\u00e4v\u00e4\u00e4 ja monik\u00e4ytt\u00f6ist\u00e4 ratkaisua sek\u00e4 sis\u00e4- ett\u00e4 ulkoleikkeihin. Sen v\u00e4rik\u00e4s, lapsille sopiva muotoilu her\u00e4tt\u00e4\u00e4 lapsen huomion ja kannustaa aktiivisuuteen. Se ei ole vain lelu, vaan my\u00f6s tuote, joka kasvaa lapsen mukana. Modulaarisen rakenteensa ansiosta voit mukauttaa sen lapsen ik\u00e4\u00e4n ja kykyihin \u2013 tarpeiden mukaan voit [&hellip;]<\/p>\n","protected":false},"featured_media":0,"comment_status":"open","ping_status":"closed","template":"","meta":[],"product_brand":[],"product_cat":[32],"product_tag":[],"class_list":{"0":"post-36727","1":"product","2":"type-product","3":"status-publish","5":"product_cat-uncategorized-fi","7":"first","8":"instock","9":"shipping-taxable","10":"purchasable","11":"product-type-simple"},"_links":{"self":[{"href":"https:\/\/nordicmart.andreevmaster.com\/fi\/wp-json\/wp\/v2\/product\/36727","targetHints":{"allow":["GET"]}}],"collection":[{"href":"https:\/\/nordicmart.andreevmaster.com\/fi\/wp-json\/wp\/v2\/product"}],"about":[{"href":"https:\/\/nordicmart.andreevmaster.com\/fi\/wp-json\/wp\/v2\/types\/product"}],"replies":[{"embeddable":true,"href":"https:\/\/nordicmart.andreevmaster.com\/fi\/wp-json\/wp\/v2\/comments?post=36727"}],"wp:attachment":[{"href":"https:\/\/nordicmart.andreevmaster.com\/fi\/wp-json\/wp\/v2\/media?parent=36727"}],"wp:term":[{"taxonomy":"product_brand","embeddable":true,"href":"https:\/\/nordicmart.andreevmaster.com\/fi\/wp-json\/wp\/v2\/product_brand?post=36727"},{"taxonomy":"product_cat","embeddable":true,"href":"https:\/\/nordicmart.andreevmaster.com\/fi\/wp-json\/wp\/v2\/product_cat?post=36727"},{"taxonomy":"product_tag","embeddable":true,"href":"https:\/\/nordicmart.andreevmaster.com\/fi\/wp-json\/wp\/v2\/product_tag?post=36727"}],"curies":[{"name":"wp","href":"https:\/\/api.w.org\/{rel}","templated":true}]}}