{"id":36726,"date":"2026-02-27T00:35:42","date_gmt":"2026-02-27T00:35:42","guid":{"rendered":"https:\/\/nordicmart.andreevmaster.com\/product\/woopie-super-trailer-punainen-35-kg\/"},"modified":"2026-02-27T09:53:10","modified_gmt":"2026-02-27T09:53:10","slug":"woopie-super-trailer-punainen-35-kg","status":"publish","type":"product","link":"https:\/\/nordicmart.andreevmaster.com\/fi\/tuote\/woopie-super-trailer-punainen-35-kg\/","title":{"rendered":"WOOPIE SUPER TRAILER Punainen 35 kg"},"content":{"rendered":"<p>SUPER TRAILER on t\u00e4ydellinen lis\u00e4 WOOPIE-polkuautoihin! Se erottuu edukseen modernilla muotoilullaan, vankalla rakenteellaan ja k\u00e4yt\u00e4nn\u00f6llisell\u00e4 kippitoiminnollaan, joka lis\u00e4\u00e4 realismia jokaiseen leikkituokioon. Kest\u00e4vien, hiljaisten py\u00f6rien ja luistamattomien vahvistusten ansiosta lapset voivat kuljettaa hiekkaa, lehti\u00e4 tai lempilelujaan ilman rajoituksia. Tuote on valmistettu korkealaatuisista materiaaleista, jotka ovat ymp\u00e4rist\u00f6yst\u00e4v\u00e4llisi\u00e4 ja t\u00e4ysin turvallisia lapsille. Se takaa hauskan ja aktiivisen ulkoilun!<\/p>\n<p>Ominaisuudet<\/p>\n<p>* Suunniteltu 3-vuotiaille ja sit\u00e4 vanhemmille lapsille<br \/>\n* Turvalliset, ymp\u00e4rist\u00f6yst\u00e4v\u00e4lliset ja korkealaatuiset materiaalit<br \/>\n* Kest\u00e4v\u00e4t, hiljaiset py\u00f6r\u00e4t liukumattomilla vahvistuksilla<br \/>\n* Liikkuva kippitoiminto lis\u00e4\u00e4 hauskuutta<br \/>\n* Ergonominen muotoilu takaa mukavuuden<br \/>\n* Enimm\u00e4iskuorma: 35 kg<br \/>\n* Yhteensopiva mallien kanssa: GoTrac (koodit: 28422, 28439) ja MaxTrac (koodi: 28415)<\/p>\n<p>Lelu kehitt\u00e4\u00e4<\/p>\n<p>* Luovuutta ja mielikuvitusta roolileikeiss\u00e4<br \/>\n* Fyysist\u00e4 kuntoa ja motorista koordinaatiota<br \/>\n* Itsen\u00e4isyytt\u00e4 ja vastuullisuutta (esim. oman &#8221;lastin&#8221; kuljettaminen)<br \/>\n* Kyky\u00e4 suunnitella ja organisoida leikki\u00e4<br \/>\n* Halukkuutta viett\u00e4\u00e4 aikaa aktiivisesti ulkona<\/p>\n","protected":false},"excerpt":{"rendered":"<p>SUPER TRAILER on t\u00e4ydellinen lis\u00e4 WOOPIE-polkuautoihin! Se erottuu edukseen modernilla muotoilullaan, vankalla rakenteellaan ja k\u00e4yt\u00e4nn\u00f6llisell\u00e4 kippitoiminnollaan, joka lis\u00e4\u00e4 realismia jokaiseen leikkituokioon. Kest\u00e4vien, hiljaisten py\u00f6rien ja luistamattomien vahvistusten ansiosta lapset voivat kuljettaa hiekkaa, lehti\u00e4 tai lempilelujaan ilman rajoituksia. Tuote on valmistettu korkealaatuisista materiaaleista, jotka ovat ymp\u00e4rist\u00f6yst\u00e4v\u00e4llisi\u00e4 ja t\u00e4ysin turvallisia lapsille. Se takaa hauskan ja aktiivisen ulkoilun! [&hellip;]<\/p>\n","protected":false},"featured_media":0,"comment_status":"open","ping_status":"closed","template":"","meta":[],"product_brand":[],"product_cat":[32],"product_tag":[],"class_list":{"0":"post-36726","1":"product","2":"type-product","3":"status-publish","5":"product_cat-uncategorized-fi","7":"first","8":"instock","9":"shipping-taxable","10":"purchasable","11":"product-type-simple"},"_links":{"self":[{"href":"https:\/\/nordicmart.andreevmaster.com\/fi\/wp-json\/wp\/v2\/product\/36726","targetHints":{"allow":["GET"]}}],"collection":[{"href":"https:\/\/nordicmart.andreevmaster.com\/fi\/wp-json\/wp\/v2\/product"}],"about":[{"href":"https:\/\/nordicmart.andreevmaster.com\/fi\/wp-json\/wp\/v2\/types\/product"}],"replies":[{"embeddable":true,"href":"https:\/\/nordicmart.andreevmaster.com\/fi\/wp-json\/wp\/v2\/comments?post=36726"}],"wp:attachment":[{"href":"https:\/\/nordicmart.andreevmaster.com\/fi\/wp-json\/wp\/v2\/media?parent=36726"}],"wp:term":[{"taxonomy":"product_brand","embeddable":true,"href":"https:\/\/nordicmart.andreevmaster.com\/fi\/wp-json\/wp\/v2\/product_brand?post=36726"},{"taxonomy":"product_cat","embeddable":true,"href":"https:\/\/nordicmart.andreevmaster.com\/fi\/wp-json\/wp\/v2\/product_cat?post=36726"},{"taxonomy":"product_tag","embeddable":true,"href":"https:\/\/nordicmart.andreevmaster.com\/fi\/wp-json\/wp\/v2\/product_tag?post=36726"}],"curies":[{"name":"wp","href":"https:\/\/api.w.org\/{rel}","templated":true}]}}