{"id":36724,"date":"2026-02-27T00:35:41","date_gmt":"2026-02-27T00:35:41","guid":{"rendered":"https:\/\/nordicmart.andreevmaster.com\/product\/woopie-farmer-gotrac-polkutraktori-traktori-hiljaiset-pyorat\/"},"modified":"2026-02-27T09:53:10","modified_gmt":"2026-02-27T09:53:10","slug":"woopie-farmer-gotrac-polkutraktori-traktori-hiljaiset-pyorat","status":"publish","type":"product","link":"https:\/\/nordicmart.andreevmaster.com\/fi\/tuote\/woopie-farmer-gotrac-polkutraktori-traktori-hiljaiset-pyorat\/","title":{"rendered":"WOOPIE Farmer GoTrac polkutraktori Traktori Hiljaiset py\u00f6r\u00e4t"},"content":{"rendered":"<p>Farmer GoTrac polkutraktori on t\u00e4ydellinen lahja jokaiselle lapselle. Traktorissa on patentoitu ohjausj\u00e4rjestelm\u00e4, joka tekee ajamisesta helppoa my\u00f6s pienimmille k\u00e4ytt\u00e4jille.<\/p>\n<p>Ominaisuudet:<\/p>\n<p>* &#8211; mukava istuin, jossa on 6-askelmainen s\u00e4\u00e4t\u00f6 (edest\u00e4 taakse)<br \/>\n* &#8211; ohjauspy\u00f6r\u00e4, jossa on \u00e4\u00e4nimerkki<br \/>\n* &#8211; takapy\u00f6r\u00e4n ketjuveto takaa mukavuuden ja sujuvuuden ajon aikana<br \/>\n* &#8211; etuohjausakseli<br \/>\n* &#8211; vetokoukku, johon voi kiinnitt\u00e4\u00e4 my\u00f6s muita esineit\u00e4<\/p>\n<p>Tuote on valmistettu korkealaatuisista, ymp\u00e4rist\u00f6yst\u00e4v\u00e4llisist\u00e4 materiaaleista ja on t\u00e4ysin turvallinen lapsesi terveydelle.<\/p>\n<p>Tuote on valmistettu korkealaatuisista, ymp\u00e4rist\u00f6yst\u00e4v\u00e4llisist\u00e4 materiaaleista ja on t\u00e4ysin turvallinen lapsesi terveydelle.<\/p>\n<p>Woopie on yksi Euroopan johtavista muovilelujen valmistajista. Woopie-tuotteita myyd\u00e4\u00e4n menestyksekk\u00e4\u00e4sti kotimarkkinoilla ja kaikkialla Euroopassa. Woopie-lelujen tavoitteena on tuoda iloa lapsille! Laajasta tuotevalikoimastaan Woopie tarjoaa karnevaaliasuja ja naamiaisasuja lapsille sek\u00e4 riippukeinuja, vaahtomuovileikkikaluja, erilaisia puutarhaleikkikaluja ja paljon muuta! Anna hauskanpidon vied\u00e4 sinut mukanaan \u2013 anna Woopie vied\u00e4 sinut mukanaan!<\/p>\n","protected":false},"excerpt":{"rendered":"<p>Farmer GoTrac polkutraktori on t\u00e4ydellinen lahja jokaiselle lapselle. Traktorissa on patentoitu ohjausj\u00e4rjestelm\u00e4, joka tekee ajamisesta helppoa my\u00f6s pienimmille k\u00e4ytt\u00e4jille. Ominaisuudet: * &#8211; mukava istuin, jossa on 6-askelmainen s\u00e4\u00e4t\u00f6 (edest\u00e4 taakse) * &#8211; ohjauspy\u00f6r\u00e4, jossa on \u00e4\u00e4nimerkki * &#8211; takapy\u00f6r\u00e4n ketjuveto takaa mukavuuden ja sujuvuuden ajon aikana * &#8211; etuohjausakseli * &#8211; vetokoukku, johon voi kiinnitt\u00e4\u00e4 [&hellip;]<\/p>\n","protected":false},"featured_media":0,"comment_status":"open","ping_status":"closed","template":"","meta":[],"product_brand":[],"product_cat":[32],"product_tag":[],"class_list":{"0":"post-36724","1":"product","2":"type-product","3":"status-publish","5":"product_cat-uncategorized-fi","7":"first","8":"instock","9":"shipping-taxable","10":"purchasable","11":"product-type-simple"},"_links":{"self":[{"href":"https:\/\/nordicmart.andreevmaster.com\/fi\/wp-json\/wp\/v2\/product\/36724","targetHints":{"allow":["GET"]}}],"collection":[{"href":"https:\/\/nordicmart.andreevmaster.com\/fi\/wp-json\/wp\/v2\/product"}],"about":[{"href":"https:\/\/nordicmart.andreevmaster.com\/fi\/wp-json\/wp\/v2\/types\/product"}],"replies":[{"embeddable":true,"href":"https:\/\/nordicmart.andreevmaster.com\/fi\/wp-json\/wp\/v2\/comments?post=36724"}],"wp:attachment":[{"href":"https:\/\/nordicmart.andreevmaster.com\/fi\/wp-json\/wp\/v2\/media?parent=36724"}],"wp:term":[{"taxonomy":"product_brand","embeddable":true,"href":"https:\/\/nordicmart.andreevmaster.com\/fi\/wp-json\/wp\/v2\/product_brand?post=36724"},{"taxonomy":"product_cat","embeddable":true,"href":"https:\/\/nordicmart.andreevmaster.com\/fi\/wp-json\/wp\/v2\/product_cat?post=36724"},{"taxonomy":"product_tag","embeddable":true,"href":"https:\/\/nordicmart.andreevmaster.com\/fi\/wp-json\/wp\/v2\/product_tag?post=36724"}],"curies":[{"name":"wp","href":"https:\/\/api.w.org\/{rel}","templated":true}]}}