{"id":36723,"date":"2026-02-27T00:35:41","date_gmt":"2026-02-27T00:35:41","guid":{"rendered":"https:\/\/nordicmart.andreevmaster.com\/product\/woopie-farmer-maxtrac-classic-polkutraktori-kauhalla-ja-puskutraktorilla\/"},"modified":"2026-02-27T09:53:10","modified_gmt":"2026-02-27T09:53:10","slug":"woopie-farmer-maxtrac-classic-polkutraktori-kauhalla-ja-puskutraktorilla","status":"publish","type":"product","link":"https:\/\/nordicmart.andreevmaster.com\/fi\/tuote\/woopie-farmer-maxtrac-classic-polkutraktori-kauhalla-ja-puskutraktorilla\/","title":{"rendered":"WOOPIE Farmer MaxTrac Classic -polkutraktori kauhalla ja puskutraktorilla"},"content":{"rendered":"<p>Tervetuloa seikkailun t\u00e4yteiseen maailmaan Woopie-polkutraktorilla \u2013 t\u00e4ydellisell\u00e4 ajoneuvolla pienille tutkimusmatkailijoille, jotka rakastavat aktiivista ulkoilua. T\u00e4m\u00e4 kest\u00e4v\u00e4 ja turvallinen traktori on suunniteltu lapsille, jotka haluavat tuntea olevansa oikeita rakennuskoneiden kuljettajia. Laadukkaasta muovista ja metallista valmistetun vankan rakenteensa ansiosta traktori on paitsi kevyt my\u00f6s eritt\u00e4in kest\u00e4v\u00e4, joten sill\u00e4 voi leikki\u00e4 intensiivisesti tuntikausia. Ergonominen istuin takaa ajomukavuuden, ja sen s\u00e4\u00e4t\u00f6ominaisuuden ansiosta se voidaan mukauttaa lapsen pituuden mukaan, joten lelu kasvaa lapsen mukana. Suuret kumipy\u00f6r\u00e4t takaavat vakauden ja hyv\u00e4n pidon erilaisilla pinnoilla, kuten ruoholla, soralla tai hiekalla, jolloin lapsi voi liikkua turvallisesti my\u00f6s ep\u00e4tasaisessa maastossa. Toiminnallinen etukauha mahdollistaa pienten esineiden nostamisen ja kantamisen, mik\u00e4 kehitt\u00e4\u00e4 k\u00e4den taitoja ja k\u00e4si-silm\u00e4-koordinaatiota. Lis\u00e4ksi realistiset ohjausvivut ja ohjauspy\u00f6r\u00e4 opettavat lapselle ajamisen perusteita ja stimuloivat h\u00e4nen mielikuvitustaan, jolloin h\u00e4n voi leikki\u00e4 rakentajaa tai kaivinkoneenkuljettajaa. T\u00e4m\u00e4 lelu ei ole vain ilon l\u00e4hde, vaan my\u00f6s arvokas kehityksen elementti \u2013 se kannustaa liikkumaan, vahvistaa jalkojen lihaksia ja parantaa yleist\u00e4 fyysist\u00e4 kuntoa. Se auttaa lapsia oppimaan itsen\u00e4isyytt\u00e4 ja koordinaatiota sek\u00e4 kehitt\u00e4m\u00e4\u00e4n luovuutta roolileikkien ja aikuisten matkimisen kautta. T\u00e4m\u00e4 ainutlaatuinen ajoneuvo on t\u00e4ydellinen valinta kaikille pikkulapsille, jotka rakastavat ulkoilua ja uusien mahdollisuuksien l\u00f6yt\u00e4mist\u00e4. Ominaisuudet: &#8211; Lelu 3-vuotiaille ja sit\u00e4 vanhemmille lapsille<br \/>\n* &#8211; Polkutraktori \u2013 kehitt\u00e4\u00e4 lasten fyysist\u00e4 kuntoa ja motorista koordinaatiota<br \/>\n* &#8211; Vankka rakenne kest\u00e4v\u00e4\u00e4 muovia ja metallia \u2013 kest\u00e4vyys ja turvallisuus<br \/>\n* &#8211; Suuret kumipy\u00f6r\u00e4t \u2013 takaavat hyv\u00e4n pidon erilaisilla pinnoilla<br \/>\n* &#8211; Toimiva etukauha \u2013 antaa lasten leikki\u00e4 kaivamista ja pienten esineiden siirt\u00e4mist\u00e4<br \/>\n* &#8211; Ergonominen, s\u00e4\u00e4dett\u00e4v\u00e4 istuin \u2013 6-askelmainen etu-takas\u00e4\u00e4t\u00f6<br \/>\n* &#8211; Ohjauspy\u00f6r\u00e4, jossa on \u00e4\u00e4nimerkki ja hallintavivut \u2013 realistiset elementit, jotka kehitt\u00e4v\u00e4t mielikuvitusta<br \/>\n* &#8211; Vetokoukku lis\u00e4varusteiden kiinnitt\u00e4miseen<br \/>\n* &#8211; Ihanteellinen sek\u00e4 sis\u00e4- ett\u00e4 ulkok\u00e4ytt\u00f6\u00f6n<\/p>\n<p>Lelu kehitt\u00e4\u00e4:<\/p>\n<p>* &#8211; Karkeamotorisia taitoja \u2013 polkemista, ohjaamista ja vivuilla manipuloimista<br \/>\n* &#8211; K\u00e4sien ja silmien koordinaatiota \u2013 kauhan ja ohjauspy\u00f6r\u00e4n hallintaa<br \/>\n* &#8211; Mielikuvitusta ja luovuutta \u2013 leikkimist\u00e4 rakennusty\u00f6maalla<br \/>\n* &#8211; Itsen\u00e4isyytt\u00e4 ja itseluottamusta \u2013 ajoneuvon hallinnan oppimista<\/p>\n<p>\u25b6\ufe0f Tuotteen mitat: 51 x 125 x 51 (cm) \u25b6\ufe0f Pakkauksen mitat: 51 x 92 x 35,5 (cm)<\/p>\n","protected":false},"excerpt":{"rendered":"<p>Tervetuloa seikkailun t\u00e4yteiseen maailmaan Woopie-polkutraktorilla \u2013 t\u00e4ydellisell\u00e4 ajoneuvolla pienille tutkimusmatkailijoille, jotka rakastavat aktiivista ulkoilua. T\u00e4m\u00e4 kest\u00e4v\u00e4 ja turvallinen traktori on suunniteltu lapsille, jotka haluavat tuntea olevansa oikeita rakennuskoneiden kuljettajia. Laadukkaasta muovista ja metallista valmistetun vankan rakenteensa ansiosta traktori on paitsi kevyt my\u00f6s eritt\u00e4in kest\u00e4v\u00e4, joten sill\u00e4 voi leikki\u00e4 intensiivisesti tuntikausia. Ergonominen istuin takaa ajomukavuuden, ja [&hellip;]<\/p>\n","protected":false},"featured_media":0,"comment_status":"open","ping_status":"closed","template":"","meta":[],"product_brand":[],"product_cat":[32],"product_tag":[],"class_list":{"0":"post-36723","1":"product","2":"type-product","3":"status-publish","5":"product_cat-uncategorized-fi","7":"first","8":"instock","9":"shipping-taxable","10":"purchasable","11":"product-type-simple"},"_links":{"self":[{"href":"https:\/\/nordicmart.andreevmaster.com\/fi\/wp-json\/wp\/v2\/product\/36723","targetHints":{"allow":["GET"]}}],"collection":[{"href":"https:\/\/nordicmart.andreevmaster.com\/fi\/wp-json\/wp\/v2\/product"}],"about":[{"href":"https:\/\/nordicmart.andreevmaster.com\/fi\/wp-json\/wp\/v2\/types\/product"}],"replies":[{"embeddable":true,"href":"https:\/\/nordicmart.andreevmaster.com\/fi\/wp-json\/wp\/v2\/comments?post=36723"}],"wp:attachment":[{"href":"https:\/\/nordicmart.andreevmaster.com\/fi\/wp-json\/wp\/v2\/media?parent=36723"}],"wp:term":[{"taxonomy":"product_brand","embeddable":true,"href":"https:\/\/nordicmart.andreevmaster.com\/fi\/wp-json\/wp\/v2\/product_brand?post=36723"},{"taxonomy":"product_cat","embeddable":true,"href":"https:\/\/nordicmart.andreevmaster.com\/fi\/wp-json\/wp\/v2\/product_cat?post=36723"},{"taxonomy":"product_tag","embeddable":true,"href":"https:\/\/nordicmart.andreevmaster.com\/fi\/wp-json\/wp\/v2\/product_tag?post=36723"}],"curies":[{"name":"wp","href":"https:\/\/api.w.org\/{rel}","templated":true}]}}