{"id":36722,"date":"2026-02-27T00:35:41","date_gmt":"2026-02-27T00:35:41","guid":{"rendered":"https:\/\/nordicmart.andreevmaster.com\/product\/woopie-farmer-powertrac-6v-akkukayttoinen-traktori\/"},"modified":"2026-02-27T09:53:10","modified_gmt":"2026-02-27T09:53:10","slug":"woopie-farmer-powertrac-6v-akkukayttoinen-traktori","status":"publish","type":"product","link":"https:\/\/nordicmart.andreevmaster.com\/fi\/tuote\/woopie-farmer-powertrac-6v-akkukayttoinen-traktori\/","title":{"rendered":"WOOPIE Farmer PowerTrac 6V akkuk\u00e4ytt\u00f6inen traktori"},"content":{"rendered":"<p>Farmer PowerTrac -akkuvirtaisen traktorin on t\u00e4ydellinen lahja jokaiselle lapselle. Traktori on suunniteltu 3-vuotiaille ja sit\u00e4 vanhemmille lapsille, se on eritt\u00e4in helppo ohjata ja jopa pienimm\u00e4t k\u00e4ytt\u00e4j\u00e4t voivat ajaa sit\u00e4 vaivattomasti. Tuotteen suurin kantavuus on 50 kg. Traktorissa on eteen- ja taaksep\u00e4in-vipu, joka helpottaa ajamista, sek\u00e4 \u00e4\u00e4nimerkki, jonka avulla k\u00e4ytt\u00e4j\u00e4 voi antaa \u00e4\u00e4nimerkin. Turvallisuuden vuoksi traktorissa on automaattinen jarru, joka aktivoituu heti, kun lapsi ottaa jalan kaasupolkimelta. Traktorissa on 6 V:n moottori, takavasenpy\u00f6r\u00e4veto ja ylikuumenemissuoja. Mahdollisuus ulkoiseen lataamiseen (akun kautta) laturilla on varmasti t\u00e4m\u00e4n tuotteen suuri etu. Ominaisuudet: * Traktoria on eritt\u00e4in helppo ohjata, * Traktorissa on eteen- ja taaksep\u00e4in-vipu, * Traktorissa on \u00e4\u00e4nimerkki,<br \/>\n* Turvallisuuden vuoksi traktorissa on automaattinen jarru, joka aktivoituu heti, kun lapsi ottaa jalan kaasupolkimelta,<br \/>\n* Traktorissa on 6 V:n moottori, takaveto ja ylikuumenemissuoja,<br \/>\n* Voidaan ladata ulkoisesti (akun kautta) laturilla,<br \/>\n* 3-vuotiaille ja sit\u00e4 vanhemmille.<\/p>\n","protected":false},"excerpt":{"rendered":"<p>Farmer PowerTrac -akkuvirtaisen traktorin on t\u00e4ydellinen lahja jokaiselle lapselle. Traktori on suunniteltu 3-vuotiaille ja sit\u00e4 vanhemmille lapsille, se on eritt\u00e4in helppo ohjata ja jopa pienimm\u00e4t k\u00e4ytt\u00e4j\u00e4t voivat ajaa sit\u00e4 vaivattomasti. Tuotteen suurin kantavuus on 50 kg. Traktorissa on eteen- ja taaksep\u00e4in-vipu, joka helpottaa ajamista, sek\u00e4 \u00e4\u00e4nimerkki, jonka avulla k\u00e4ytt\u00e4j\u00e4 voi antaa \u00e4\u00e4nimerkin. Turvallisuuden vuoksi traktorissa [&hellip;]<\/p>\n","protected":false},"featured_media":0,"comment_status":"open","ping_status":"closed","template":"","meta":[],"product_brand":[],"product_cat":[32],"product_tag":[],"class_list":{"0":"post-36722","1":"product","2":"type-product","3":"status-publish","5":"product_cat-uncategorized-fi","7":"first","8":"instock","9":"shipping-taxable","10":"purchasable","11":"product-type-simple"},"_links":{"self":[{"href":"https:\/\/nordicmart.andreevmaster.com\/fi\/wp-json\/wp\/v2\/product\/36722","targetHints":{"allow":["GET"]}}],"collection":[{"href":"https:\/\/nordicmart.andreevmaster.com\/fi\/wp-json\/wp\/v2\/product"}],"about":[{"href":"https:\/\/nordicmart.andreevmaster.com\/fi\/wp-json\/wp\/v2\/types\/product"}],"replies":[{"embeddable":true,"href":"https:\/\/nordicmart.andreevmaster.com\/fi\/wp-json\/wp\/v2\/comments?post=36722"}],"wp:attachment":[{"href":"https:\/\/nordicmart.andreevmaster.com\/fi\/wp-json\/wp\/v2\/media?parent=36722"}],"wp:term":[{"taxonomy":"product_brand","embeddable":true,"href":"https:\/\/nordicmart.andreevmaster.com\/fi\/wp-json\/wp\/v2\/product_brand?post=36722"},{"taxonomy":"product_cat","embeddable":true,"href":"https:\/\/nordicmart.andreevmaster.com\/fi\/wp-json\/wp\/v2\/product_cat?post=36722"},{"taxonomy":"product_tag","embeddable":true,"href":"https:\/\/nordicmart.andreevmaster.com\/fi\/wp-json\/wp\/v2\/product_tag?post=36722"}],"curies":[{"name":"wp","href":"https:\/\/api.w.org\/{rel}","templated":true}]}}