{"id":36721,"date":"2026-02-27T00:35:40","date_gmt":"2026-02-27T00:35:40","guid":{"rendered":"https:\/\/nordicmart.andreevmaster.com\/product\/rolly-toys-metallinen-puutarhakarry-vihrea\/"},"modified":"2026-02-27T09:53:09","modified_gmt":"2026-02-27T09:53:09","slug":"rolly-toys-metallinen-puutarhakarry-vihrea","status":"publish","type":"product","link":"https:\/\/nordicmart.andreevmaster.com\/fi\/tuote\/rolly-toys-metallinen-puutarhakarry-vihrea\/","title":{"rendered":"Rolly Toys Metallinen puutarhak\u00e4rry, vihre\u00e4"},"content":{"rendered":"<p>Rolly Toysin vihre\u00e4 kottik\u00e4rry on t\u00e4ydellinen lahja pienelle puutarhurille! Sen avulla lapsesi voi osallistua aktiivisesti puutarhanhoitoon ja samalla pit\u00e4\u00e4 hauskaa. Kottik\u00e4rry ei vain anna lapselle mahdollisuutta viett\u00e4\u00e4 aikaa kiireisten vanhempiensa kanssa, vaan my\u00f6s kehitt\u00e4\u00e4 vastuuntuntoa ja auttamishalua. Se on loistava tapa viett\u00e4\u00e4 aikaa yhdess\u00e4 ulkona. <\/p>\n<p>OMINAISUUDET:<\/p>\n<p>&#8211; valmistettu kokonaan metallista, joten se on eritt\u00e4in kest\u00e4v\u00e4 &#8211; kantavuus 25 kg &#8211; s\u00e4\u00e4n- ja UV-kest\u00e4v\u00e4 materiaali &#8211; v\u00e4rik\u00e4s ja houkutteleva muotoilu kannustaa lapsia leikkim\u00e4\u00e4n ja erottuu muista puutarhaleluista.<\/p>\n","protected":false},"excerpt":{"rendered":"<p>Rolly Toysin vihre\u00e4 kottik\u00e4rry on t\u00e4ydellinen lahja pienelle puutarhurille! Sen avulla lapsesi voi osallistua aktiivisesti puutarhanhoitoon ja samalla pit\u00e4\u00e4 hauskaa. Kottik\u00e4rry ei vain anna lapselle mahdollisuutta viett\u00e4\u00e4 aikaa kiireisten vanhempiensa kanssa, vaan my\u00f6s kehitt\u00e4\u00e4 vastuuntuntoa ja auttamishalua. Se on loistava tapa viett\u00e4\u00e4 aikaa yhdess\u00e4 ulkona. OMINAISUUDET: &#8211; valmistettu kokonaan metallista, joten se on eritt\u00e4in kest\u00e4v\u00e4 [&hellip;]<\/p>\n","protected":false},"featured_media":0,"comment_status":"open","ping_status":"closed","template":"","meta":[],"product_brand":[],"product_cat":[32],"product_tag":[],"class_list":{"0":"post-36721","1":"product","2":"type-product","3":"status-publish","5":"product_cat-uncategorized-fi","7":"first","8":"instock","9":"shipping-taxable","10":"purchasable","11":"product-type-simple"},"_links":{"self":[{"href":"https:\/\/nordicmart.andreevmaster.com\/fi\/wp-json\/wp\/v2\/product\/36721","targetHints":{"allow":["GET"]}}],"collection":[{"href":"https:\/\/nordicmart.andreevmaster.com\/fi\/wp-json\/wp\/v2\/product"}],"about":[{"href":"https:\/\/nordicmart.andreevmaster.com\/fi\/wp-json\/wp\/v2\/types\/product"}],"replies":[{"embeddable":true,"href":"https:\/\/nordicmart.andreevmaster.com\/fi\/wp-json\/wp\/v2\/comments?post=36721"}],"wp:attachment":[{"href":"https:\/\/nordicmart.andreevmaster.com\/fi\/wp-json\/wp\/v2\/media?parent=36721"}],"wp:term":[{"taxonomy":"product_brand","embeddable":true,"href":"https:\/\/nordicmart.andreevmaster.com\/fi\/wp-json\/wp\/v2\/product_brand?post=36721"},{"taxonomy":"product_cat","embeddable":true,"href":"https:\/\/nordicmart.andreevmaster.com\/fi\/wp-json\/wp\/v2\/product_cat?post=36721"},{"taxonomy":"product_tag","embeddable":true,"href":"https:\/\/nordicmart.andreevmaster.com\/fi\/wp-json\/wp\/v2\/product_tag?post=36721"}],"curies":[{"name":"wp","href":"https:\/\/api.w.org\/{rel}","templated":true}]}}