{"id":36720,"date":"2026-02-27T00:35:40","date_gmt":"2026-02-27T00:35:40","guid":{"rendered":"https:\/\/nordicmart.andreevmaster.com\/product\/rolly-toys-kaksipyorainen-metallinen-puutarhakarry-lapsille\/"},"modified":"2026-02-27T09:53:09","modified_gmt":"2026-02-27T09:53:09","slug":"rolly-toys-kaksipyorainen-metallinen-puutarhakarry-lapsille","status":"publish","type":"product","link":"https:\/\/nordicmart.andreevmaster.com\/fi\/tuote\/rolly-toys-kaksipyorainen-metallinen-puutarhakarry-lapsille\/","title":{"rendered":"Rolly Toys Kaksipy\u00f6r\u00e4inen metallinen puutarhak\u00e4rry lapsille"},"content":{"rendered":"<p>Upea lahja pienelle puutarhurille. Nyt lapsesi voi auttaa puutarhat\u00f6iss\u00e4 ja samalla pit\u00e4\u00e4 hauskaa. Lelu inspiroi moniin uusiin leikkiskenaarioihin ja antaa vanhemmille mahdollisuuden viett\u00e4\u00e4 enemm\u00e4n aikaa lapsensa kanssa! Lis\u00e4ksi kottik\u00e4rry kest\u00e4\u00e4 tukevan rakenteensa ansiosta jopa 25 kg:n painon. Ominaisuudet: &#8211; Upea lis\u00e4 puutarhavajaan tai hiekkalaatikkoon. &#8211; Kottik\u00e4rryn kantavuus on 25 kg. &#8211; Metallinen kuormakori ja runko. &#8211; S\u00e4\u00e4nkest\u00e4v\u00e4 ja UV-kest\u00e4v\u00e4 muovi. &#8211; 2 py\u00f6r\u00e4\u00e4 antavat kottik\u00e4rrylle suuremman vakauden.<\/p>\n","protected":false},"excerpt":{"rendered":"<p>Upea lahja pienelle puutarhurille. Nyt lapsesi voi auttaa puutarhat\u00f6iss\u00e4 ja samalla pit\u00e4\u00e4 hauskaa. Lelu inspiroi moniin uusiin leikkiskenaarioihin ja antaa vanhemmille mahdollisuuden viett\u00e4\u00e4 enemm\u00e4n aikaa lapsensa kanssa! Lis\u00e4ksi kottik\u00e4rry kest\u00e4\u00e4 tukevan rakenteensa ansiosta jopa 25 kg:n painon. Ominaisuudet: &#8211; Upea lis\u00e4 puutarhavajaan tai hiekkalaatikkoon. &#8211; Kottik\u00e4rryn kantavuus on 25 kg. &#8211; Metallinen kuormakori ja runko. [&hellip;]<\/p>\n","protected":false},"featured_media":0,"comment_status":"open","ping_status":"closed","template":"","meta":[],"product_brand":[],"product_cat":[32],"product_tag":[],"class_list":{"0":"post-36720","1":"product","2":"type-product","3":"status-publish","5":"product_cat-uncategorized-fi","7":"first","8":"instock","9":"shipping-taxable","10":"purchasable","11":"product-type-simple"},"_links":{"self":[{"href":"https:\/\/nordicmart.andreevmaster.com\/fi\/wp-json\/wp\/v2\/product\/36720","targetHints":{"allow":["GET"]}}],"collection":[{"href":"https:\/\/nordicmart.andreevmaster.com\/fi\/wp-json\/wp\/v2\/product"}],"about":[{"href":"https:\/\/nordicmart.andreevmaster.com\/fi\/wp-json\/wp\/v2\/types\/product"}],"replies":[{"embeddable":true,"href":"https:\/\/nordicmart.andreevmaster.com\/fi\/wp-json\/wp\/v2\/comments?post=36720"}],"wp:attachment":[{"href":"https:\/\/nordicmart.andreevmaster.com\/fi\/wp-json\/wp\/v2\/media?parent=36720"}],"wp:term":[{"taxonomy":"product_brand","embeddable":true,"href":"https:\/\/nordicmart.andreevmaster.com\/fi\/wp-json\/wp\/v2\/product_brand?post=36720"},{"taxonomy":"product_cat","embeddable":true,"href":"https:\/\/nordicmart.andreevmaster.com\/fi\/wp-json\/wp\/v2\/product_cat?post=36720"},{"taxonomy":"product_tag","embeddable":true,"href":"https:\/\/nordicmart.andreevmaster.com\/fi\/wp-json\/wp\/v2\/product_tag?post=36720"}],"curies":[{"name":"wp","href":"https:\/\/api.w.org\/{rel}","templated":true}]}}