{"id":36719,"date":"2026-02-27T00:35:40","date_gmt":"2026-02-27T00:35:40","guid":{"rendered":"https:\/\/nordicmart.andreevmaster.com\/product\/rolly-toys-rollymetallschubkarre-cat-metallinen-kottikarry-lapsille\/"},"modified":"2026-02-27T09:53:09","modified_gmt":"2026-02-27T09:53:09","slug":"rolly-toys-rollymetallschubkarre-cat-metallinen-kottikarry-lapsille","status":"publish","type":"product","link":"https:\/\/nordicmart.andreevmaster.com\/fi\/tuote\/rolly-toys-rollymetallschubkarre-cat-metallinen-kottikarry-lapsille\/","title":{"rendered":"Rolly Toys rollyMetallschubkarre CAT &#8211; Metallinen kottik\u00e4rry lapsille"},"content":{"rendered":"<p>T\u00e4m\u00e4 metallinen lasten kottik\u00e4rry, jonka lisenssin on my\u00f6nt\u00e4nyt CAT ja jonka on valmistanut tunnettu lasten ajoneuvojen valmistaja Rolly Toys, sopii erinomaisesti ulkoleikkeihin. Upea lahja pienelle puutarhurille. Nyt lapsesi voi auttaa puutarhat\u00f6iss\u00e4. Hauskaa puuhaa, joka yhdist\u00e4\u00e4 kiireiset vanhemmat puutarhassa ja heid\u00e4n pienen apulaisensa. Kest\u00e4vyytens\u00e4 ansiosta kottik\u00e4rry kest\u00e4\u00e4 jopa 25 kg:n painon!<\/p>\n<p>OMINAISUUDET:<\/p>\n<p>&#8211; Lelu 2-vuotiaille ja sit\u00e4 vanhemmille lapsille &#8211; Loistava lis\u00e4 puutarhavajaan tai hiekkalaatikkoon. &#8211; Kottik\u00e4rryn kantavuus on 25 kg. &#8211; Metallinen kuormakori ja runko. &#8211; S\u00e4\u00e4n- ja UV-kest\u00e4v\u00e4 muovi.<\/p>\n","protected":false},"excerpt":{"rendered":"<p>T\u00e4m\u00e4 metallinen lasten kottik\u00e4rry, jonka lisenssin on my\u00f6nt\u00e4nyt CAT ja jonka on valmistanut tunnettu lasten ajoneuvojen valmistaja Rolly Toys, sopii erinomaisesti ulkoleikkeihin. Upea lahja pienelle puutarhurille. Nyt lapsesi voi auttaa puutarhat\u00f6iss\u00e4. Hauskaa puuhaa, joka yhdist\u00e4\u00e4 kiireiset vanhemmat puutarhassa ja heid\u00e4n pienen apulaisensa. Kest\u00e4vyytens\u00e4 ansiosta kottik\u00e4rry kest\u00e4\u00e4 jopa 25 kg:n painon! OMINAISUUDET: &#8211; Lelu 2-vuotiaille ja [&hellip;]<\/p>\n","protected":false},"featured_media":0,"comment_status":"open","ping_status":"closed","template":"","meta":[],"product_brand":[],"product_cat":[32],"product_tag":[],"class_list":{"0":"post-36719","1":"product","2":"type-product","3":"status-publish","5":"product_cat-uncategorized-fi","7":"first","8":"instock","9":"shipping-taxable","10":"purchasable","11":"product-type-simple"},"_links":{"self":[{"href":"https:\/\/nordicmart.andreevmaster.com\/fi\/wp-json\/wp\/v2\/product\/36719","targetHints":{"allow":["GET"]}}],"collection":[{"href":"https:\/\/nordicmart.andreevmaster.com\/fi\/wp-json\/wp\/v2\/product"}],"about":[{"href":"https:\/\/nordicmart.andreevmaster.com\/fi\/wp-json\/wp\/v2\/types\/product"}],"replies":[{"embeddable":true,"href":"https:\/\/nordicmart.andreevmaster.com\/fi\/wp-json\/wp\/v2\/comments?post=36719"}],"wp:attachment":[{"href":"https:\/\/nordicmart.andreevmaster.com\/fi\/wp-json\/wp\/v2\/media?parent=36719"}],"wp:term":[{"taxonomy":"product_brand","embeddable":true,"href":"https:\/\/nordicmart.andreevmaster.com\/fi\/wp-json\/wp\/v2\/product_brand?post=36719"},{"taxonomy":"product_cat","embeddable":true,"href":"https:\/\/nordicmart.andreevmaster.com\/fi\/wp-json\/wp\/v2\/product_cat?post=36719"},{"taxonomy":"product_tag","embeddable":true,"href":"https:\/\/nordicmart.andreevmaster.com\/fi\/wp-json\/wp\/v2\/product_tag?post=36719"}],"curies":[{"name":"wp","href":"https:\/\/api.w.org\/{rel}","templated":true}]}}