{"id":36717,"date":"2026-02-27T00:35:39","date_gmt":"2026-02-27T00:35:39","guid":{"rendered":"https:\/\/nordicmart.andreevmaster.com\/product\/rolly-toysin-punainen-metallinen-kottikarry-lapsille\/"},"modified":"2026-02-27T09:53:08","modified_gmt":"2026-02-27T09:53:08","slug":"rolly-toysin-punainen-metallinen-kottikarry-lapsille","status":"publish","type":"product","link":"https:\/\/nordicmart.andreevmaster.com\/fi\/tuote\/rolly-toysin-punainen-metallinen-kottikarry-lapsille\/","title":{"rendered":"Rolly Toysin punainen metallinen kottik\u00e4rry lapsille"},"content":{"rendered":"<p>Ihana lahja pienelle puutarhurille. Nyt lapsesi voi auttaa puutarhat\u00f6iss\u00e4. Hauskaa puuhaa, joka yhdist\u00e4\u00e4 kiireiset vanhemmat puutarhassa ja heid\u00e4n pienen apulaisensa.* &#8211; valmistettu kokonaan metallista, joten se on eritt\u00e4in kest\u00e4v\u00e4,<br \/>\n* &#8211; kantavuus 25 kg,<br \/>\n* &#8211; s\u00e4\u00e4n- ja UV-kest\u00e4v\u00e4 materiaali,<br \/>\n* &#8211; tuotteen mitat: 80 x 41 x 38 (cm),<br \/>\n* &#8211; pakkauksen mitat: 49,5 x 38,0 x 13,0 (cm).<\/p>\n<p>T\u00e4m\u00e4 on korkealaatuinen, alkuper\u00e4inen saksalainen tuote, joka palvelee lapsianne monien vuosien ajan.<\/p>\n","protected":false},"excerpt":{"rendered":"<p>Ihana lahja pienelle puutarhurille. Nyt lapsesi voi auttaa puutarhat\u00f6iss\u00e4. Hauskaa puuhaa, joka yhdist\u00e4\u00e4 kiireiset vanhemmat puutarhassa ja heid\u00e4n pienen apulaisensa.* &#8211; valmistettu kokonaan metallista, joten se on eritt\u00e4in kest\u00e4v\u00e4, * &#8211; kantavuus 25 kg, * &#8211; s\u00e4\u00e4n- ja UV-kest\u00e4v\u00e4 materiaali, * &#8211; tuotteen mitat: 80 x 41 x 38 (cm), * &#8211; pakkauksen mitat: 49,5 [&hellip;]<\/p>\n","protected":false},"featured_media":0,"comment_status":"open","ping_status":"closed","template":"","meta":[],"product_brand":[],"product_cat":[32],"product_tag":[],"class_list":{"0":"post-36717","1":"product","2":"type-product","3":"status-publish","5":"product_cat-uncategorized-fi","7":"first","8":"instock","9":"shipping-taxable","10":"purchasable","11":"product-type-simple"},"_links":{"self":[{"href":"https:\/\/nordicmart.andreevmaster.com\/fi\/wp-json\/wp\/v2\/product\/36717","targetHints":{"allow":["GET"]}}],"collection":[{"href":"https:\/\/nordicmart.andreevmaster.com\/fi\/wp-json\/wp\/v2\/product"}],"about":[{"href":"https:\/\/nordicmart.andreevmaster.com\/fi\/wp-json\/wp\/v2\/types\/product"}],"replies":[{"embeddable":true,"href":"https:\/\/nordicmart.andreevmaster.com\/fi\/wp-json\/wp\/v2\/comments?post=36717"}],"wp:attachment":[{"href":"https:\/\/nordicmart.andreevmaster.com\/fi\/wp-json\/wp\/v2\/media?parent=36717"}],"wp:term":[{"taxonomy":"product_brand","embeddable":true,"href":"https:\/\/nordicmart.andreevmaster.com\/fi\/wp-json\/wp\/v2\/product_brand?post=36717"},{"taxonomy":"product_cat","embeddable":true,"href":"https:\/\/nordicmart.andreevmaster.com\/fi\/wp-json\/wp\/v2\/product_cat?post=36717"},{"taxonomy":"product_tag","embeddable":true,"href":"https:\/\/nordicmart.andreevmaster.com\/fi\/wp-json\/wp\/v2\/product_tag?post=36717"}],"curies":[{"name":"wp","href":"https:\/\/api.w.org\/{rel}","templated":true}]}}