{"id":36716,"date":"2026-02-27T00:35:39","date_gmt":"2026-02-27T00:35:39","guid":{"rendered":"https:\/\/nordicmart.andreevmaster.com\/product\/patsas-pyha-mikael-taistelemassa-lohikaarmetta-vastaan-polyresiinia-mc-23146\/"},"modified":"2026-02-27T09:53:08","modified_gmt":"2026-02-27T09:53:08","slug":"patsas-pyha-mikael-taistelemassa-lohikaarmetta-vastaan-polyresiinia-mc-23146","status":"publish","type":"product","link":"https:\/\/nordicmart.andreevmaster.com\/fi\/tuote\/patsas-pyha-mikael-taistelemassa-lohikaarmetta-vastaan-polyresiinia-mc-23146\/","title":{"rendered":"Patsas Pyh\u00e4 Mikael taistelemassa lohik\u00e4\u00e4rmett\u00e4 vastaan \u2013 polyresiinia \u2013 MC-23146"},"content":{"rendered":"<p>Patsas Pyh\u00e4 Mikael taistelemassa lohik\u00e4\u00e4rmett\u00e4 vastaan &#8211; polyresiinia &#8211; MC-23146&nbsp;&nbsp;Arkkienkeli Mikael on myyttinen taivaan puolustaja, enkelien armeijan johtaja ja Saatanan voittaja. Polyresiinista valmistetussa figuurissa h\u00e4n taistelee miekka k\u00e4dess\u00e4 helvetin ruhtinasta, jota edustaa lohik\u00e4\u00e4rme.&nbsp;&nbsp;Tuotetiedot:&nbsp;Mitat: korkeus 13,5 cm x leveys 12 cm x syvyys 6 cmMateriaali: polyresiinikest\u00e4v\u00e4 materiaali: Polyresiinia on kest\u00e4v\u00e4 materiaali, joka kest\u00e4\u00e4 hyvin vaurioita.Toivon symboli: Pyh\u00e4n Mikaelin figuuri muistuttaa siit\u00e4, ett\u00e4 hyv\u00e4 voittaa aina.Ihanteellinen lahja: t\u00e4ydellinen lahjaidea itsellesi tai rakkaallesi.&nbsp;<\/p>\n","protected":false},"excerpt":{"rendered":"<p>Patsas Pyh\u00e4 Mikael taistelemassa lohik\u00e4\u00e4rmett\u00e4 vastaan &#8211; polyresiinia &#8211; MC-23146&nbsp;&nbsp;Arkkienkeli Mikael on myyttinen taivaan puolustaja, enkelien armeijan johtaja ja Saatanan voittaja. Polyresiinista valmistetussa figuurissa h\u00e4n taistelee miekka k\u00e4dess\u00e4 helvetin ruhtinasta, jota edustaa lohik\u00e4\u00e4rme.&nbsp;&nbsp;Tuotetiedot:&nbsp;Mitat: korkeus 13,5 cm x leveys 12 cm x syvyys 6 cmMateriaali: polyresiinikest\u00e4v\u00e4 materiaali: Polyresiinia on kest\u00e4v\u00e4 materiaali, joka kest\u00e4\u00e4 hyvin vaurioita.Toivon symboli: [&hellip;]<\/p>\n","protected":false},"featured_media":44929,"comment_status":"open","ping_status":"closed","template":"","meta":[],"product_brand":[],"product_cat":[32],"product_tag":[],"class_list":{"0":"post-36716","1":"product","2":"type-product","3":"status-publish","4":"has-post-thumbnail","6":"product_cat-uncategorized-fi","8":"first","9":"instock","10":"shipping-taxable","11":"purchasable","12":"product-type-simple"},"_links":{"self":[{"href":"https:\/\/nordicmart.andreevmaster.com\/fi\/wp-json\/wp\/v2\/product\/36716","targetHints":{"allow":["GET"]}}],"collection":[{"href":"https:\/\/nordicmart.andreevmaster.com\/fi\/wp-json\/wp\/v2\/product"}],"about":[{"href":"https:\/\/nordicmart.andreevmaster.com\/fi\/wp-json\/wp\/v2\/types\/product"}],"replies":[{"embeddable":true,"href":"https:\/\/nordicmart.andreevmaster.com\/fi\/wp-json\/wp\/v2\/comments?post=36716"}],"wp:featuredmedia":[{"embeddable":true,"href":"https:\/\/nordicmart.andreevmaster.com\/fi\/wp-json\/wp\/v2\/media\/44929"}],"wp:attachment":[{"href":"https:\/\/nordicmart.andreevmaster.com\/fi\/wp-json\/wp\/v2\/media?parent=36716"}],"wp:term":[{"taxonomy":"product_brand","embeddable":true,"href":"https:\/\/nordicmart.andreevmaster.com\/fi\/wp-json\/wp\/v2\/product_brand?post=36716"},{"taxonomy":"product_cat","embeddable":true,"href":"https:\/\/nordicmart.andreevmaster.com\/fi\/wp-json\/wp\/v2\/product_cat?post=36716"},{"taxonomy":"product_tag","embeddable":true,"href":"https:\/\/nordicmart.andreevmaster.com\/fi\/wp-json\/wp\/v2\/product_tag?post=36716"}],"curies":[{"name":"wp","href":"https:\/\/api.w.org\/{rel}","templated":true}]}}