{"id":36715,"date":"2026-02-27T00:35:39","date_gmt":"2026-02-27T00:35:39","guid":{"rendered":"https:\/\/nordicmart.andreevmaster.com\/product\/viikinki-koristefiguuri-korkeus-205-cm-mc-23143\/"},"modified":"2026-02-27T09:53:08","modified_gmt":"2026-02-27T09:53:08","slug":"viikinki-koristefiguuri-korkeus-205-cm-mc-23143","status":"publish","type":"product","link":"https:\/\/nordicmart.andreevmaster.com\/fi\/tuote\/viikinki-koristefiguuri-korkeus-205-cm-mc-23143\/","title":{"rendered":"Viikinki &#8211; Koristefiguuri &#8211; Korkeus 20,5 cm &#8211; MC-23143"},"content":{"rendered":"<p>Viking &#8211; Koristeellinen hahmo &#8211; Korkeus 20,5 cm &#8211; MC-23143&nbsp;&nbsp;Hahmo esitt\u00e4\u00e4 voimakasta viikinki\u00e4, jolla on p\u00e4\u00e4ss\u00e4\u00e4n tyypillinen kyp\u00e4r\u00e4 ja joka nostaa miekkaa p\u00e4\u00e4ns\u00e4 yl\u00e4puolelle taisteluasennossa.&nbsp;Se on t\u00e4ydellinen lahja historian, pohjoismaisen mytologian ja viikinkikulttuurista inspiraationsa saaneiden ainutlaatuisten koristeiden yst\u00e4ville.&nbsp;Valmistettu korkealaatuisesta polyresiinist\u00e4. &nbsp;Viikingit olivat pelottomia merimiehi\u00e4 ja sotureita, jotka vaelsivat Euroopassa 700-1000-luvuilla, valloittivat uusia maita ja her\u00e4ttiv\u00e4t kunnioitusta rohkeudellaan. He symboloivat voimaa, p\u00e4\u00e4tt\u00e4v\u00e4isyytt\u00e4 ja seikkailunhalua.&nbsp;&nbsp;Tuotetiedot:&nbsp;Mitat: Korkeus 20,5 cm x Leveys 13 cm x Pituus 8 cm. Materiaali: polyresiinia. T\u00e4ydellinen lahjaidea historian yst\u00e4ville.&nbsp;<\/p>\n","protected":false},"excerpt":{"rendered":"<p>Viking &#8211; Koristeellinen hahmo &#8211; Korkeus 20,5 cm &#8211; MC-23143&nbsp;&nbsp;Hahmo esitt\u00e4\u00e4 voimakasta viikinki\u00e4, jolla on p\u00e4\u00e4ss\u00e4\u00e4n tyypillinen kyp\u00e4r\u00e4 ja joka nostaa miekkaa p\u00e4\u00e4ns\u00e4 yl\u00e4puolelle taisteluasennossa.&nbsp;Se on t\u00e4ydellinen lahja historian, pohjoismaisen mytologian ja viikinkikulttuurista inspiraationsa saaneiden ainutlaatuisten koristeiden yst\u00e4ville.&nbsp;Valmistettu korkealaatuisesta polyresiinist\u00e4. &nbsp;Viikingit olivat pelottomia merimiehi\u00e4 ja sotureita, jotka vaelsivat Euroopassa 700-1000-luvuilla, valloittivat uusia maita ja her\u00e4ttiv\u00e4t [&hellip;]<\/p>\n","protected":false},"featured_media":44928,"comment_status":"open","ping_status":"closed","template":"","meta":[],"product_brand":[],"product_cat":[32],"product_tag":[],"class_list":{"0":"post-36715","1":"product","2":"type-product","3":"status-publish","4":"has-post-thumbnail","6":"product_cat-uncategorized-fi","8":"first","9":"instock","10":"shipping-taxable","11":"purchasable","12":"product-type-simple"},"_links":{"self":[{"href":"https:\/\/nordicmart.andreevmaster.com\/fi\/wp-json\/wp\/v2\/product\/36715","targetHints":{"allow":["GET"]}}],"collection":[{"href":"https:\/\/nordicmart.andreevmaster.com\/fi\/wp-json\/wp\/v2\/product"}],"about":[{"href":"https:\/\/nordicmart.andreevmaster.com\/fi\/wp-json\/wp\/v2\/types\/product"}],"replies":[{"embeddable":true,"href":"https:\/\/nordicmart.andreevmaster.com\/fi\/wp-json\/wp\/v2\/comments?post=36715"}],"wp:featuredmedia":[{"embeddable":true,"href":"https:\/\/nordicmart.andreevmaster.com\/fi\/wp-json\/wp\/v2\/media\/44928"}],"wp:attachment":[{"href":"https:\/\/nordicmart.andreevmaster.com\/fi\/wp-json\/wp\/v2\/media?parent=36715"}],"wp:term":[{"taxonomy":"product_brand","embeddable":true,"href":"https:\/\/nordicmart.andreevmaster.com\/fi\/wp-json\/wp\/v2\/product_brand?post=36715"},{"taxonomy":"product_cat","embeddable":true,"href":"https:\/\/nordicmart.andreevmaster.com\/fi\/wp-json\/wp\/v2\/product_cat?post=36715"},{"taxonomy":"product_tag","embeddable":true,"href":"https:\/\/nordicmart.andreevmaster.com\/fi\/wp-json\/wp\/v2\/product_tag?post=36715"}],"curies":[{"name":"wp","href":"https:\/\/api.w.org\/{rel}","templated":true}]}}