{"id":36714,"date":"2026-02-27T00:35:38","date_gmt":"2026-02-27T00:35:38","guid":{"rendered":"https:\/\/nordicmart.andreevmaster.com\/product\/viikinki-koristefiguuri-mc-23142\/"},"modified":"2026-02-27T09:53:08","modified_gmt":"2026-02-27T09:53:08","slug":"viikinki-koristefiguuri-mc-23142","status":"publish","type":"product","link":"https:\/\/nordicmart.andreevmaster.com\/fi\/tuote\/viikinki-koristefiguuri-mc-23142\/","title":{"rendered":"Viikinki &#8211; Koristefiguuri &#8211; MC-23142"},"content":{"rendered":"<p>Viking &#8211; Koristeellinen figuuri &#8211; MC-23142&nbsp;&nbsp;Figuuri esitt\u00e4\u00e4 mets\u00e4st\u00e4m\u00e4ss\u00e4 olevaa viikinkisoturia. Se on ihanteellinen lahja historian, pohjoismaisen mytologian ja omaper\u00e4isten koristeiden yst\u00e4ville.&nbsp;Laadukkaasta polyresiinist\u00e4 valmistettu viikinkifiguuri tekee vaikutuksen yksityiskohtien tarkalla viimeistelyll\u00e4. Sen tummat v\u00e4rit ja yksityiskohtainen viimeistely sopivat t\u00e4ydellisesti moderniin tai loft-tyyliseen sisustukseen.&nbsp;&nbsp;Tuotetiedot:&nbsp;Mitat: korkeus 19,5 cm, leveys 15 cm, syvyys 7 cm.Paino: 0,45 kgMateriaali: polyresiiniaIhanteellinen lahjaidea&nbsp;<\/p>\n","protected":false},"excerpt":{"rendered":"<p>Viking &#8211; Koristeellinen figuuri &#8211; MC-23142&nbsp;&nbsp;Figuuri esitt\u00e4\u00e4 mets\u00e4st\u00e4m\u00e4ss\u00e4 olevaa viikinkisoturia. Se on ihanteellinen lahja historian, pohjoismaisen mytologian ja omaper\u00e4isten koristeiden yst\u00e4ville.&nbsp;Laadukkaasta polyresiinist\u00e4 valmistettu viikinkifiguuri tekee vaikutuksen yksityiskohtien tarkalla viimeistelyll\u00e4. Sen tummat v\u00e4rit ja yksityiskohtainen viimeistely sopivat t\u00e4ydellisesti moderniin tai loft-tyyliseen sisustukseen.&nbsp;&nbsp;Tuotetiedot:&nbsp;Mitat: korkeus 19,5 cm, leveys 15 cm, syvyys 7 cm.Paino: 0,45 kgMateriaali: polyresiiniaIhanteellinen lahjaidea&nbsp;<\/p>\n","protected":false},"featured_media":44927,"comment_status":"open","ping_status":"closed","template":"","meta":[],"product_brand":[],"product_cat":[32],"product_tag":[],"class_list":{"0":"post-36714","1":"product","2":"type-product","3":"status-publish","4":"has-post-thumbnail","6":"product_cat-uncategorized-fi","8":"first","9":"instock","10":"shipping-taxable","11":"purchasable","12":"product-type-simple"},"_links":{"self":[{"href":"https:\/\/nordicmart.andreevmaster.com\/fi\/wp-json\/wp\/v2\/product\/36714","targetHints":{"allow":["GET"]}}],"collection":[{"href":"https:\/\/nordicmart.andreevmaster.com\/fi\/wp-json\/wp\/v2\/product"}],"about":[{"href":"https:\/\/nordicmart.andreevmaster.com\/fi\/wp-json\/wp\/v2\/types\/product"}],"replies":[{"embeddable":true,"href":"https:\/\/nordicmart.andreevmaster.com\/fi\/wp-json\/wp\/v2\/comments?post=36714"}],"wp:featuredmedia":[{"embeddable":true,"href":"https:\/\/nordicmart.andreevmaster.com\/fi\/wp-json\/wp\/v2\/media\/44927"}],"wp:attachment":[{"href":"https:\/\/nordicmart.andreevmaster.com\/fi\/wp-json\/wp\/v2\/media?parent=36714"}],"wp:term":[{"taxonomy":"product_brand","embeddable":true,"href":"https:\/\/nordicmart.andreevmaster.com\/fi\/wp-json\/wp\/v2\/product_brand?post=36714"},{"taxonomy":"product_cat","embeddable":true,"href":"https:\/\/nordicmart.andreevmaster.com\/fi\/wp-json\/wp\/v2\/product_cat?post=36714"},{"taxonomy":"product_tag","embeddable":true,"href":"https:\/\/nordicmart.andreevmaster.com\/fi\/wp-json\/wp\/v2\/product_tag?post=36714"}],"curies":[{"name":"wp","href":"https:\/\/api.w.org\/{rel}","templated":true}]}}