{"id":36713,"date":"2026-02-27T00:35:38","date_gmt":"2026-02-27T00:35:38","guid":{"rendered":"https:\/\/nordicmart.andreevmaster.com\/product\/ristiretkelainen-hahmo-185-cm-polyresin-mc-23133\/"},"modified":"2026-02-27T09:53:08","modified_gmt":"2026-02-27T09:53:08","slug":"ristiretkelainen-hahmo-185-cm-polyresin-mc-23133","status":"publish","type":"product","link":"https:\/\/nordicmart.andreevmaster.com\/fi\/tuote\/ristiretkelainen-hahmo-185-cm-polyresin-mc-23133\/","title":{"rendered":"Ristiretkel\u00e4inen-hahmo 18,5 cm &#8211; Polyresin &#8211; MC-23133"},"content":{"rendered":"<p>Ristiretkel\u00e4inen-hahmo 18,5 cm &#8211; Polyresin &#8211; MC-23133&nbsp;Hahmo esitt\u00e4\u00e4 ristiretkel\u00e4ist\u00e4, joka on aseistettu kilvell\u00e4 ja kirveell\u00e4. T\u00e4ydellinen koriste ty\u00f6huoneeseen, olohuoneeseen, kirjastoon tai lahjaksi historian, sotilasalan tai keskiajan yst\u00e4v\u00e4lle.&nbsp;Tuotetiedot:&nbsp;Korkeus: 18,5 cm Leveys: 10 cm Syvyys: 7,5 cm Materiaali: polyresin K\u00e4sinmaalattu &#8211; ainutlaatuinen ulkon\u00e4k\u00f6 ja huomiota yksityiskohtiin Tyylitelty ristiretkel\u00e4isritarin hahmoksi Vakaa pohja&nbsp;T\u00e4ydellinen lahja:&nbsp;historiallisten figuurien ker\u00e4ilij\u00e4lle keskiajan ja temppeliritarien yst\u00e4v\u00e4lle klassisen tai fantasiatyylisen sisustuksen elementiksi syntym\u00e4p\u00e4iv\u00e4ksi, nimip\u00e4iv\u00e4ksi, is\u00e4np\u00e4iv\u00e4ksi<\/p>\n","protected":false},"excerpt":{"rendered":"<p>Ristiretkel\u00e4inen-hahmo 18,5 cm &#8211; Polyresin &#8211; MC-23133&nbsp;Hahmo esitt\u00e4\u00e4 ristiretkel\u00e4ist\u00e4, joka on aseistettu kilvell\u00e4 ja kirveell\u00e4. T\u00e4ydellinen koriste ty\u00f6huoneeseen, olohuoneeseen, kirjastoon tai lahjaksi historian, sotilasalan tai keskiajan yst\u00e4v\u00e4lle.&nbsp;Tuotetiedot:&nbsp;Korkeus: 18,5 cm Leveys: 10 cm Syvyys: 7,5 cm Materiaali: polyresin K\u00e4sinmaalattu &#8211; ainutlaatuinen ulkon\u00e4k\u00f6 ja huomiota yksityiskohtiin Tyylitelty ristiretkel\u00e4isritarin hahmoksi Vakaa pohja&nbsp;T\u00e4ydellinen lahja:&nbsp;historiallisten figuurien ker\u00e4ilij\u00e4lle keskiajan ja temppeliritarien [&hellip;]<\/p>\n","protected":false},"featured_media":44926,"comment_status":"open","ping_status":"closed","template":"","meta":[],"product_brand":[],"product_cat":[32],"product_tag":[],"class_list":{"0":"post-36713","1":"product","2":"type-product","3":"status-publish","4":"has-post-thumbnail","6":"product_cat-uncategorized-fi","8":"first","9":"instock","10":"shipping-taxable","11":"purchasable","12":"product-type-simple"},"_links":{"self":[{"href":"https:\/\/nordicmart.andreevmaster.com\/fi\/wp-json\/wp\/v2\/product\/36713","targetHints":{"allow":["GET"]}}],"collection":[{"href":"https:\/\/nordicmart.andreevmaster.com\/fi\/wp-json\/wp\/v2\/product"}],"about":[{"href":"https:\/\/nordicmart.andreevmaster.com\/fi\/wp-json\/wp\/v2\/types\/product"}],"replies":[{"embeddable":true,"href":"https:\/\/nordicmart.andreevmaster.com\/fi\/wp-json\/wp\/v2\/comments?post=36713"}],"wp:featuredmedia":[{"embeddable":true,"href":"https:\/\/nordicmart.andreevmaster.com\/fi\/wp-json\/wp\/v2\/media\/44926"}],"wp:attachment":[{"href":"https:\/\/nordicmart.andreevmaster.com\/fi\/wp-json\/wp\/v2\/media?parent=36713"}],"wp:term":[{"taxonomy":"product_brand","embeddable":true,"href":"https:\/\/nordicmart.andreevmaster.com\/fi\/wp-json\/wp\/v2\/product_brand?post=36713"},{"taxonomy":"product_cat","embeddable":true,"href":"https:\/\/nordicmart.andreevmaster.com\/fi\/wp-json\/wp\/v2\/product_cat?post=36713"},{"taxonomy":"product_tag","embeddable":true,"href":"https:\/\/nordicmart.andreevmaster.com\/fi\/wp-json\/wp\/v2\/product_tag?post=36713"}],"curies":[{"name":"wp","href":"https:\/\/api.w.org\/{rel}","templated":true}]}}