{"id":36712,"date":"2026-02-27T00:35:38","date_gmt":"2026-02-27T00:35:38","guid":{"rendered":"https:\/\/nordicmart.andreevmaster.com\/product\/ritarifiguuri-keihaan-kanssa-korkeus-20-cm-polyresin-mc-23080\/"},"modified":"2026-02-27T09:53:08","modified_gmt":"2026-02-27T09:53:08","slug":"ritarifiguuri-keihaan-kanssa-korkeus-20-cm-polyresin-mc-23080","status":"publish","type":"product","link":"https:\/\/nordicmart.andreevmaster.com\/fi\/tuote\/ritarifiguuri-keihaan-kanssa-korkeus-20-cm-polyresin-mc-23080\/","title":{"rendered":"Ritarifiguuri keih\u00e4\u00e4n kanssa \u2013 korkeus 20 cm Polyresin \u2013 MC-23080"},"content":{"rendered":"<p>Ritarifiguuri keih\u00e4\u00e4n kanssa \u2013 korkeus 20 cm Polyresin \u2013 MC-23080&nbsp;&nbsp;Koristeellinen figuuri, joka esitt\u00e4\u00e4 keskiaikaista ritaria keih\u00e4\u00e4n ja kilven kanssa. Kest\u00e4v\u00e4st\u00e4 polyresinist\u00e4 valmistettu tuote on yksityiskohtainen ja sen klassinen v\u00e4rimaailma j\u00e4ljittelee metallista pintaa. Hahmo on k\u00e4sinmaalattu, mik\u00e4 korostaa sen koristeellista luonnetta.&nbsp;T\u00e4ydellinen sisustuselementti, teemalahja tai lis\u00e4ys sotilas- ja keskiaikaisiin replikoihin.&nbsp;Tekniset tiedot:&nbsp;Materiaali: PolyresinKorkeus: 20 cmLeveys: 8 cmSyvyys: 7 cmK\u00e4sinmaalattu&nbsp;T\u00e4rkeimm\u00e4t ominaisuudet: K\u00e4sinmaalattu muotoilu korostaa figuurin ainutlaatuista luonnetta. Vankka rakenne. Koristeellinen muoto, joka on saanut inspiraationsa historiallisista teemoista. Suojaava pakkaus takaa turvallisen kuljetuksen.<\/p>\n","protected":false},"excerpt":{"rendered":"<p>Ritarifiguuri keih\u00e4\u00e4n kanssa \u2013 korkeus 20 cm Polyresin \u2013 MC-23080&nbsp;&nbsp;Koristeellinen figuuri, joka esitt\u00e4\u00e4 keskiaikaista ritaria keih\u00e4\u00e4n ja kilven kanssa. Kest\u00e4v\u00e4st\u00e4 polyresinist\u00e4 valmistettu tuote on yksityiskohtainen ja sen klassinen v\u00e4rimaailma j\u00e4ljittelee metallista pintaa. Hahmo on k\u00e4sinmaalattu, mik\u00e4 korostaa sen koristeellista luonnetta.&nbsp;T\u00e4ydellinen sisustuselementti, teemalahja tai lis\u00e4ys sotilas- ja keskiaikaisiin replikoihin.&nbsp;Tekniset tiedot:&nbsp;Materiaali: PolyresinKorkeus: 20 cmLeveys: 8 cmSyvyys: 7 [&hellip;]<\/p>\n","protected":false},"featured_media":44925,"comment_status":"open","ping_status":"closed","template":"","meta":[],"product_brand":[],"product_cat":[32],"product_tag":[],"class_list":{"0":"post-36712","1":"product","2":"type-product","3":"status-publish","4":"has-post-thumbnail","6":"product_cat-uncategorized-fi","8":"first","9":"instock","10":"shipping-taxable","11":"purchasable","12":"product-type-simple"},"_links":{"self":[{"href":"https:\/\/nordicmart.andreevmaster.com\/fi\/wp-json\/wp\/v2\/product\/36712","targetHints":{"allow":["GET"]}}],"collection":[{"href":"https:\/\/nordicmart.andreevmaster.com\/fi\/wp-json\/wp\/v2\/product"}],"about":[{"href":"https:\/\/nordicmart.andreevmaster.com\/fi\/wp-json\/wp\/v2\/types\/product"}],"replies":[{"embeddable":true,"href":"https:\/\/nordicmart.andreevmaster.com\/fi\/wp-json\/wp\/v2\/comments?post=36712"}],"wp:featuredmedia":[{"embeddable":true,"href":"https:\/\/nordicmart.andreevmaster.com\/fi\/wp-json\/wp\/v2\/media\/44925"}],"wp:attachment":[{"href":"https:\/\/nordicmart.andreevmaster.com\/fi\/wp-json\/wp\/v2\/media?parent=36712"}],"wp:term":[{"taxonomy":"product_brand","embeddable":true,"href":"https:\/\/nordicmart.andreevmaster.com\/fi\/wp-json\/wp\/v2\/product_brand?post=36712"},{"taxonomy":"product_cat","embeddable":true,"href":"https:\/\/nordicmart.andreevmaster.com\/fi\/wp-json\/wp\/v2\/product_cat?post=36712"},{"taxonomy":"product_tag","embeddable":true,"href":"https:\/\/nordicmart.andreevmaster.com\/fi\/wp-json\/wp\/v2\/product_tag?post=36712"}],"curies":[{"name":"wp","href":"https:\/\/api.w.org\/{rel}","templated":true}]}}