{"id":36711,"date":"2026-02-27T00:35:38","date_gmt":"2026-02-27T00:35:38","guid":{"rendered":"https:\/\/nordicmart.andreevmaster.com\/product\/avaimenpera-messinkipilli-kr64\/"},"modified":"2026-02-27T09:53:07","modified_gmt":"2026-02-27T09:53:07","slug":"avaimenpera-messinkipilli-kr64","status":"publish","type":"product","link":"https:\/\/nordicmart.andreevmaster.com\/fi\/tuote\/avaimenpera-messinkipilli-kr64\/","title":{"rendered":"Avaimenper\u00e4 &#8211; Messinkipilli &#8211; KR64"},"content":{"rendered":"<p>Avaimenper\u00e4 &#8211; Messinkipilli &#8211; KR64&nbsp;&nbsp;&nbsp;Messinkinen pilliavaimenper\u00e4. Kiinnikkeell\u00e4 se voidaan kiinnitt\u00e4\u00e4 avaimiin tai ripustaa ketjuun. Se on pieni mutta hy\u00f6dyllinen apuv\u00e4line poliisille, selviytymisintoilijalle tai koirankouluttajalle.&nbsp;&nbsp;Tuotetiedot: &nbsp;Materiaali: messinkiKiinnitys: karabiinikiinnikeV\u00e4ri: kultaMitat: pituus: 6,5 cm, halkaisija: 1,6 cm&nbsp;<\/p>\n","protected":false},"excerpt":{"rendered":"<p>Avaimenper\u00e4 &#8211; Messinkipilli &#8211; KR64&nbsp;&nbsp;&nbsp;Messinkinen pilliavaimenper\u00e4. Kiinnikkeell\u00e4 se voidaan kiinnitt\u00e4\u00e4 avaimiin tai ripustaa ketjuun. Se on pieni mutta hy\u00f6dyllinen apuv\u00e4line poliisille, selviytymisintoilijalle tai koirankouluttajalle.&nbsp;&nbsp;Tuotetiedot: &nbsp;Materiaali: messinkiKiinnitys: karabiinikiinnikeV\u00e4ri: kultaMitat: pituus: 6,5 cm, halkaisija: 1,6 cm&nbsp;<\/p>\n","protected":false},"featured_media":44924,"comment_status":"open","ping_status":"closed","template":"","meta":[],"product_brand":[],"product_cat":[32],"product_tag":[],"class_list":{"0":"post-36711","1":"product","2":"type-product","3":"status-publish","4":"has-post-thumbnail","6":"product_cat-uncategorized-fi","8":"first","9":"instock","10":"shipping-taxable","11":"purchasable","12":"product-type-simple"},"_links":{"self":[{"href":"https:\/\/nordicmart.andreevmaster.com\/fi\/wp-json\/wp\/v2\/product\/36711","targetHints":{"allow":["GET"]}}],"collection":[{"href":"https:\/\/nordicmart.andreevmaster.com\/fi\/wp-json\/wp\/v2\/product"}],"about":[{"href":"https:\/\/nordicmart.andreevmaster.com\/fi\/wp-json\/wp\/v2\/types\/product"}],"replies":[{"embeddable":true,"href":"https:\/\/nordicmart.andreevmaster.com\/fi\/wp-json\/wp\/v2\/comments?post=36711"}],"wp:featuredmedia":[{"embeddable":true,"href":"https:\/\/nordicmart.andreevmaster.com\/fi\/wp-json\/wp\/v2\/media\/44924"}],"wp:attachment":[{"href":"https:\/\/nordicmart.andreevmaster.com\/fi\/wp-json\/wp\/v2\/media?parent=36711"}],"wp:term":[{"taxonomy":"product_brand","embeddable":true,"href":"https:\/\/nordicmart.andreevmaster.com\/fi\/wp-json\/wp\/v2\/product_brand?post=36711"},{"taxonomy":"product_cat","embeddable":true,"href":"https:\/\/nordicmart.andreevmaster.com\/fi\/wp-json\/wp\/v2\/product_cat?post=36711"},{"taxonomy":"product_tag","embeddable":true,"href":"https:\/\/nordicmart.andreevmaster.com\/fi\/wp-json\/wp\/v2\/product_tag?post=36711"}],"curies":[{"name":"wp","href":"https:\/\/api.w.org\/{rel}","templated":true}]}}