{"id":36710,"date":"2026-02-27T00:35:37","date_gmt":"2026-02-27T00:35:37","guid":{"rendered":"https:\/\/nordicmart.andreevmaster.com\/product\/messinkinen-avaimenpera-kompassi-lasikannellisessa-puulaatikossa-kr30\/"},"modified":"2026-02-27T09:53:07","modified_gmt":"2026-02-27T09:53:07","slug":"messinkinen-avaimenpera-kompassi-lasikannellisessa-puulaatikossa-kr30","status":"publish","type":"product","link":"https:\/\/nordicmart.andreevmaster.com\/fi\/tuote\/messinkinen-avaimenpera-kompassi-lasikannellisessa-puulaatikossa-kr30\/","title":{"rendered":"Messinkinen avaimenper\u00e4 &#8211; kompassi lasikannellisessa puulaatikossa &#8211; KR30"},"content":{"rendered":"<p>Messinkinen avaimenper\u00e4 &#8211; kompassi lasikannellisessa puulaatikossa &#8211; KR30&nbsp;&nbsp;&nbsp;Kompassi-avaimenper\u00e4 on hy\u00f6dyllinen lahja merenkulun yst\u00e4ville, partiolaisille tai matkailijoille. Klassinen puinen laatikko lasikannella mahdollistaa avaimenper\u00e4n turvallisen ja tyylikk\u00e4\u00e4n s\u00e4ilytyksen. T\u00e4m\u00e4 yhdistelm\u00e4 toiminnallisuutta ja tyylikkyytt\u00e4 tekee siit\u00e4 loistavan idean ep\u00e4tavalliseksi lahjaksi.&nbsp;&nbsp;&nbsp;Tuotetiedot:&nbsp;Kompassin halkaisija: 3,5 cmMateriaali: messinkiKellotaulun v\u00e4ri: mustaKiinnitys: karabiinikoukku Puinen laatikko lasikannella&nbsp;<\/p>\n","protected":false},"excerpt":{"rendered":"<p>Messinkinen avaimenper\u00e4 &#8211; kompassi lasikannellisessa puulaatikossa &#8211; KR30&nbsp;&nbsp;&nbsp;Kompassi-avaimenper\u00e4 on hy\u00f6dyllinen lahja merenkulun yst\u00e4ville, partiolaisille tai matkailijoille. Klassinen puinen laatikko lasikannella mahdollistaa avaimenper\u00e4n turvallisen ja tyylikk\u00e4\u00e4n s\u00e4ilytyksen. T\u00e4m\u00e4 yhdistelm\u00e4 toiminnallisuutta ja tyylikkyytt\u00e4 tekee siit\u00e4 loistavan idean ep\u00e4tavalliseksi lahjaksi.&nbsp;&nbsp;&nbsp;Tuotetiedot:&nbsp;Kompassin halkaisija: 3,5 cmMateriaali: messinkiKellotaulun v\u00e4ri: mustaKiinnitys: karabiinikoukku Puinen laatikko lasikannella&nbsp;<\/p>\n","protected":false},"featured_media":44923,"comment_status":"open","ping_status":"closed","template":"","meta":[],"product_brand":[],"product_cat":[32],"product_tag":[],"class_list":{"0":"post-36710","1":"product","2":"type-product","3":"status-publish","4":"has-post-thumbnail","6":"product_cat-uncategorized-fi","8":"first","9":"instock","10":"shipping-taxable","11":"purchasable","12":"product-type-simple"},"_links":{"self":[{"href":"https:\/\/nordicmart.andreevmaster.com\/fi\/wp-json\/wp\/v2\/product\/36710","targetHints":{"allow":["GET"]}}],"collection":[{"href":"https:\/\/nordicmart.andreevmaster.com\/fi\/wp-json\/wp\/v2\/product"}],"about":[{"href":"https:\/\/nordicmart.andreevmaster.com\/fi\/wp-json\/wp\/v2\/types\/product"}],"replies":[{"embeddable":true,"href":"https:\/\/nordicmart.andreevmaster.com\/fi\/wp-json\/wp\/v2\/comments?post=36710"}],"wp:featuredmedia":[{"embeddable":true,"href":"https:\/\/nordicmart.andreevmaster.com\/fi\/wp-json\/wp\/v2\/media\/44923"}],"wp:attachment":[{"href":"https:\/\/nordicmart.andreevmaster.com\/fi\/wp-json\/wp\/v2\/media?parent=36710"}],"wp:term":[{"taxonomy":"product_brand","embeddable":true,"href":"https:\/\/nordicmart.andreevmaster.com\/fi\/wp-json\/wp\/v2\/product_brand?post=36710"},{"taxonomy":"product_cat","embeddable":true,"href":"https:\/\/nordicmart.andreevmaster.com\/fi\/wp-json\/wp\/v2\/product_cat?post=36710"},{"taxonomy":"product_tag","embeddable":true,"href":"https:\/\/nordicmart.andreevmaster.com\/fi\/wp-json\/wp\/v2\/product_tag?post=36710"}],"curies":[{"name":"wp","href":"https:\/\/api.w.org\/{rel}","templated":true}]}}