{"id":36709,"date":"2026-02-27T00:35:37","date_gmt":"2026-02-27T00:35:37","guid":{"rendered":"https:\/\/nordicmart.andreevmaster.com\/product\/messinkinen-hevosenkengan-muotoinen-koriste-7-cm-hs3\/"},"modified":"2026-02-27T09:53:07","modified_gmt":"2026-02-27T09:53:07","slug":"messinkinen-hevosenkengan-muotoinen-koriste-7-cm-hs3","status":"publish","type":"product","link":"https:\/\/nordicmart.andreevmaster.com\/fi\/tuote\/messinkinen-hevosenkengan-muotoinen-koriste-7-cm-hs3\/","title":{"rendered":"Messinkinen hevosenkeng\u00e4n muotoinen koriste 7 cm \u2013 HS3"},"content":{"rendered":"<p>Messinkinen hevosenkeng\u00e4n 7 cm \u2013 HS3&nbsp;&nbsp;&nbsp;Elegantti messinkinen hevosenkeng\u00e4n. Hevosenkeng\u00e4n on kaiverrettu englanninkielinen teksti: Good Luck.&nbsp;Hevosenkeng\u00e4n on hyvin tunnettu onnea tuova symboli. Nyky\u00e4\u00e4n hevosenkeng\u00e4t ripustetaan U:n muotoon, erityisesti oven p\u00e4\u00e4lle, jotta onni pysyy sis\u00e4ll\u00e4 eik\u00e4 karkaa ulos. T\u00e4m\u00e4 elegantti hevosenkeng\u00e4 on paitsi vieh\u00e4tt\u00e4v\u00e4 lis\u00e4 sisustukseen, my\u00f6s symbolinen ele onnen toivottamiseksi. &nbsp;&nbsp;&nbsp;Tuotetiedot:&nbsp;Mitat: 7 cmMateriaali: messinkiOnnen symboli&nbsp;<\/p>\n","protected":false},"excerpt":{"rendered":"<p>Messinkinen hevosenkeng\u00e4n 7 cm \u2013 HS3&nbsp;&nbsp;&nbsp;Elegantti messinkinen hevosenkeng\u00e4n. Hevosenkeng\u00e4n on kaiverrettu englanninkielinen teksti: Good Luck.&nbsp;Hevosenkeng\u00e4n on hyvin tunnettu onnea tuova symboli. Nyky\u00e4\u00e4n hevosenkeng\u00e4t ripustetaan U:n muotoon, erityisesti oven p\u00e4\u00e4lle, jotta onni pysyy sis\u00e4ll\u00e4 eik\u00e4 karkaa ulos. T\u00e4m\u00e4 elegantti hevosenkeng\u00e4 on paitsi vieh\u00e4tt\u00e4v\u00e4 lis\u00e4 sisustukseen, my\u00f6s symbolinen ele onnen toivottamiseksi. &nbsp;&nbsp;&nbsp;Tuotetiedot:&nbsp;Mitat: 7 cmMateriaali: messinkiOnnen symboli&nbsp;<\/p>\n","protected":false},"featured_media":44922,"comment_status":"open","ping_status":"closed","template":"","meta":[],"product_brand":[],"product_cat":[32],"product_tag":[],"class_list":{"0":"post-36709","1":"product","2":"type-product","3":"status-publish","4":"has-post-thumbnail","6":"product_cat-uncategorized-fi","8":"first","9":"instock","10":"shipping-taxable","11":"purchasable","12":"product-type-simple"},"_links":{"self":[{"href":"https:\/\/nordicmart.andreevmaster.com\/fi\/wp-json\/wp\/v2\/product\/36709","targetHints":{"allow":["GET"]}}],"collection":[{"href":"https:\/\/nordicmart.andreevmaster.com\/fi\/wp-json\/wp\/v2\/product"}],"about":[{"href":"https:\/\/nordicmart.andreevmaster.com\/fi\/wp-json\/wp\/v2\/types\/product"}],"replies":[{"embeddable":true,"href":"https:\/\/nordicmart.andreevmaster.com\/fi\/wp-json\/wp\/v2\/comments?post=36709"}],"wp:featuredmedia":[{"embeddable":true,"href":"https:\/\/nordicmart.andreevmaster.com\/fi\/wp-json\/wp\/v2\/media\/44922"}],"wp:attachment":[{"href":"https:\/\/nordicmart.andreevmaster.com\/fi\/wp-json\/wp\/v2\/media?parent=36709"}],"wp:term":[{"taxonomy":"product_brand","embeddable":true,"href":"https:\/\/nordicmart.andreevmaster.com\/fi\/wp-json\/wp\/v2\/product_brand?post=36709"},{"taxonomy":"product_cat","embeddable":true,"href":"https:\/\/nordicmart.andreevmaster.com\/fi\/wp-json\/wp\/v2\/product_cat?post=36709"},{"taxonomy":"product_tag","embeddable":true,"href":"https:\/\/nordicmart.andreevmaster.com\/fi\/wp-json\/wp\/v2\/product_tag?post=36709"}],"curies":[{"name":"wp","href":"https:\/\/api.w.org\/{rel}","templated":true}]}}