{"id":36708,"date":"2026-02-27T00:35:37","date_gmt":"2026-02-27T00:35:37","guid":{"rendered":"https:\/\/nordicmart.andreevmaster.com\/product\/kapselipistooli-puustelineella-1700-luvun-replica-154s\/"},"modified":"2026-02-27T09:53:07","modified_gmt":"2026-02-27T09:53:07","slug":"kapselipistooli-puustelineella-1700-luvun-replica-154s","status":"publish","type":"product","link":"https:\/\/nordicmart.andreevmaster.com\/fi\/tuote\/kapselipistooli-puustelineella-1700-luvun-replica-154s\/","title":{"rendered":"Kapselipistooli puustelineell\u00e4 \u2013 1700-luvun replica \u2013 154S"},"content":{"rendered":"<p>Kapselipistooli puualustalla \u2013 1700-luvun replika \u2013 154S&nbsp;&nbsp;&nbsp;&nbsp;1700-luvun kapselipistoolin replika puualustalla. Esitetty replika vastaa hyvin tarkasti alkuper\u00e4ist\u00e4. Valmistettu kokonaan metallista ja puusta. Metallipinnat ja piippu on valettu aikakaudelle tyypillisill\u00e4 koristeilla.&nbsp;&nbsp;Sarjaan kuuluu my\u00f6s tyylik\u00e4s puinen jalusta, jolle pistooli voidaan asettaa. T\u00e4m\u00e4 tekee tuotteesta ainutlaatuisen sisustusesineen.&nbsp;&nbsp;T\u00e4m\u00e4 on erinomainen idea ainutlaatuiseksi lahjaksi miehelle, historian yst\u00e4v\u00e4lle tai aseiden ker\u00e4ilij\u00e4lle. Kauniin ty\u00f6ns\u00e4 ansiosta se sopii erinomaisesti my\u00f6s sisustustuotteeksi, joka tuo tilaan harvinaisen lis\u00e4n. Kapselipistooli oli selv\u00e4 l\u00e4pimurto asevalmistuksen historiassa. Sen nimi juontuu mekanismista \u2013 kivilukosta, joka mullisti ampuma-aseiden historian ja oli aikanaan innovatiivinen mekanismi. Kivipistoolit olivat sek\u00e4 eritt\u00e4in tehokkaita ett\u00e4 pitk\u00e4n kantaman (50 m) aseita. Ne olivat avainasemassa monissa 1600- ja 1700-lukujen taisteluissa, mukaan lukien Intiassa, Britanniassa ja Ranskassa k\u00e4ydyt taistelut. Yksinkertaisuutensa lis\u00e4ksi kivipistoolit olivat my\u00f6s ulkon\u00e4\u00f6lt\u00e4\u00e4n eritt\u00e4in houkuttelevia. Usein t\u00e4m\u00e4n tyyppiset aseet koristeltiin k\u00e4sin erilaisilla k\u00e4sity\u00f6l\u00e4isill\u00e4.&nbsp;&nbsp;Tuotetiedot: &nbsp;Aseen mitat: Pituus: 38,5 cmJalustan mitat: 27 x 7 x 13 cmPaino: 600 gValmistettu pienimpi\u00e4kin yksityiskohtia huomioiden.Rikkaat koristeetUskollisesti j\u00e4ljennetty replica&nbsp;<\/p>\n","protected":false},"excerpt":{"rendered":"<p>Kapselipistooli puualustalla \u2013 1700-luvun replika \u2013 154S&nbsp;&nbsp;&nbsp;&nbsp;1700-luvun kapselipistoolin replika puualustalla. Esitetty replika vastaa hyvin tarkasti alkuper\u00e4ist\u00e4. Valmistettu kokonaan metallista ja puusta. Metallipinnat ja piippu on valettu aikakaudelle tyypillisill\u00e4 koristeilla.&nbsp;&nbsp;Sarjaan kuuluu my\u00f6s tyylik\u00e4s puinen jalusta, jolle pistooli voidaan asettaa. T\u00e4m\u00e4 tekee tuotteesta ainutlaatuisen sisustusesineen.&nbsp;&nbsp;T\u00e4m\u00e4 on erinomainen idea ainutlaatuiseksi lahjaksi miehelle, historian yst\u00e4v\u00e4lle tai aseiden ker\u00e4ilij\u00e4lle. Kauniin [&hellip;]<\/p>\n","protected":false},"featured_media":44921,"comment_status":"open","ping_status":"closed","template":"","meta":[],"product_brand":[],"product_cat":[32],"product_tag":[],"class_list":{"0":"post-36708","1":"product","2":"type-product","3":"status-publish","4":"has-post-thumbnail","6":"product_cat-uncategorized-fi","8":"first","9":"instock","10":"shipping-taxable","11":"purchasable","12":"product-type-simple"},"_links":{"self":[{"href":"https:\/\/nordicmart.andreevmaster.com\/fi\/wp-json\/wp\/v2\/product\/36708","targetHints":{"allow":["GET"]}}],"collection":[{"href":"https:\/\/nordicmart.andreevmaster.com\/fi\/wp-json\/wp\/v2\/product"}],"about":[{"href":"https:\/\/nordicmart.andreevmaster.com\/fi\/wp-json\/wp\/v2\/types\/product"}],"replies":[{"embeddable":true,"href":"https:\/\/nordicmart.andreevmaster.com\/fi\/wp-json\/wp\/v2\/comments?post=36708"}],"wp:featuredmedia":[{"embeddable":true,"href":"https:\/\/nordicmart.andreevmaster.com\/fi\/wp-json\/wp\/v2\/media\/44921"}],"wp:attachment":[{"href":"https:\/\/nordicmart.andreevmaster.com\/fi\/wp-json\/wp\/v2\/media?parent=36708"}],"wp:term":[{"taxonomy":"product_brand","embeddable":true,"href":"https:\/\/nordicmart.andreevmaster.com\/fi\/wp-json\/wp\/v2\/product_brand?post=36708"},{"taxonomy":"product_cat","embeddable":true,"href":"https:\/\/nordicmart.andreevmaster.com\/fi\/wp-json\/wp\/v2\/product_cat?post=36708"},{"taxonomy":"product_tag","embeddable":true,"href":"https:\/\/nordicmart.andreevmaster.com\/fi\/wp-json\/wp\/v2\/product_tag?post=36708"}],"curies":[{"name":"wp","href":"https:\/\/api.w.org\/{rel}","templated":true}]}}