{"id":36707,"date":"2026-02-27T00:35:36","date_gmt":"2026-02-27T00:35:36","guid":{"rendered":"https:\/\/nordicmart.andreevmaster.com\/product\/saaasema-fischer-4673-22-001\/"},"modified":"2026-02-27T09:53:07","modified_gmt":"2026-02-27T09:53:07","slug":"saaasema-fischer-4673-22-001","status":"publish","type":"product","link":"https:\/\/nordicmart.andreevmaster.com\/fi\/tuote\/saaasema-fischer-4673-22-001\/","title":{"rendered":"S\u00e4\u00e4asema &#8211; Fischer &#8211; 4673-22-001"},"content":{"rendered":"<p>S\u00e4\u00e4asema &#8211; Fischer &#8211; 4673-22-001&nbsp;&nbsp;&nbsp;Elegantti Fischer 4673-22-001 -s\u00e4\u00e4asema on yhdistelm\u00e4 toiminnallisuutta ja esteettisyytt\u00e4, joka varmasti parantaa mit\u00e4 tahansa sisustusta. Kolme instrumenttia &#8211; barometri, kosteusmittari ja l\u00e4mp\u00f6mittari.&nbsp;&nbsp;Instrumentit on sijoitettu eksklusiivisiin kultaisiin messinkikehyksiin, jotka antavat s\u00e4\u00e4asemalle ainutlaatuisen charmin ja tyylikkyyden. Kultaiset pinnat sopivat t\u00e4ydellisesti kauniin mahonki-v\u00e4risen puisen lakatun jalustan kanssa ja antavat koko s\u00e4\u00e4asemalle tyylikk\u00e4\u00e4n ja perinteisen ilmeen.&nbsp;&nbsp;Tyylik\u00e4s s\u00e4\u00e4asema ei ole vain toiminnallinen v\u00e4line, vaan my\u00f6s kaunis koriste, joka lis\u00e4\u00e4 charmia sisustukseesi. Se sopii t\u00e4ydellisesti perinteisiin ja klassisiin sisustuksiin ja antaa niille hienostuneen ilmeen. Se on my\u00f6s t\u00e4ydellinen lahjaidea.&nbsp;&nbsp;&nbsp;Tuotetiedot:&nbsp;Mitat: 55,5 x 16,5 cm&nbsp;&nbsp;Mittaustarkkuus:&nbsp;barometri &plusmn; 2 hPahygrometri &plusmn; 5 % r.h. (20 &#8230; 100 %), + 1 mittarin asteikko l\u00e4mp\u00f6mittari \u00b1 1 K, + 1 mittarin asteikko&nbsp;<\/p>\n","protected":false},"excerpt":{"rendered":"<p>S\u00e4\u00e4asema &#8211; Fischer &#8211; 4673-22-001&nbsp;&nbsp;&nbsp;Elegantti Fischer 4673-22-001 -s\u00e4\u00e4asema on yhdistelm\u00e4 toiminnallisuutta ja esteettisyytt\u00e4, joka varmasti parantaa mit\u00e4 tahansa sisustusta. Kolme instrumenttia &#8211; barometri, kosteusmittari ja l\u00e4mp\u00f6mittari.&nbsp;&nbsp;Instrumentit on sijoitettu eksklusiivisiin kultaisiin messinkikehyksiin, jotka antavat s\u00e4\u00e4asemalle ainutlaatuisen charmin ja tyylikkyyden. Kultaiset pinnat sopivat t\u00e4ydellisesti kauniin mahonki-v\u00e4risen puisen lakatun jalustan kanssa ja antavat koko s\u00e4\u00e4asemalle tyylikk\u00e4\u00e4n ja perinteisen [&hellip;]<\/p>\n","protected":false},"featured_media":44920,"comment_status":"open","ping_status":"closed","template":"","meta":[],"product_brand":[],"product_cat":[32],"product_tag":[],"class_list":{"0":"post-36707","1":"product","2":"type-product","3":"status-publish","4":"has-post-thumbnail","6":"product_cat-uncategorized-fi","8":"first","9":"instock","10":"shipping-taxable","11":"purchasable","12":"product-type-simple"},"_links":{"self":[{"href":"https:\/\/nordicmart.andreevmaster.com\/fi\/wp-json\/wp\/v2\/product\/36707","targetHints":{"allow":["GET"]}}],"collection":[{"href":"https:\/\/nordicmart.andreevmaster.com\/fi\/wp-json\/wp\/v2\/product"}],"about":[{"href":"https:\/\/nordicmart.andreevmaster.com\/fi\/wp-json\/wp\/v2\/types\/product"}],"replies":[{"embeddable":true,"href":"https:\/\/nordicmart.andreevmaster.com\/fi\/wp-json\/wp\/v2\/comments?post=36707"}],"wp:featuredmedia":[{"embeddable":true,"href":"https:\/\/nordicmart.andreevmaster.com\/fi\/wp-json\/wp\/v2\/media\/44920"}],"wp:attachment":[{"href":"https:\/\/nordicmart.andreevmaster.com\/fi\/wp-json\/wp\/v2\/media?parent=36707"}],"wp:term":[{"taxonomy":"product_brand","embeddable":true,"href":"https:\/\/nordicmart.andreevmaster.com\/fi\/wp-json\/wp\/v2\/product_brand?post=36707"},{"taxonomy":"product_cat","embeddable":true,"href":"https:\/\/nordicmart.andreevmaster.com\/fi\/wp-json\/wp\/v2\/product_cat?post=36707"},{"taxonomy":"product_tag","embeddable":true,"href":"https:\/\/nordicmart.andreevmaster.com\/fi\/wp-json\/wp\/v2\/product_tag?post=36707"}],"curies":[{"name":"wp","href":"https:\/\/api.w.org\/{rel}","templated":true}]}}