{"id":36706,"date":"2026-02-27T00:35:36","date_gmt":"2026-02-27T00:35:36","guid":{"rendered":"https:\/\/nordicmart.andreevmaster.com\/product\/saaasema-fischer-9171-31\/"},"modified":"2026-02-27T09:53:06","modified_gmt":"2026-02-27T09:53:06","slug":"saaasema-fischer-9171-31","status":"publish","type":"product","link":"https:\/\/nordicmart.andreevmaster.com\/fi\/tuote\/saaasema-fischer-9171-31\/","title":{"rendered":"S\u00e4\u00e4asema Fischer 9171-31"},"content":{"rendered":"<p>S\u00e4\u00e4asema Fischer 9171-31&nbsp;Saksalaisen Fischer-yhti\u00f6n valmistama tyylik\u00e4s ja eritt\u00e4in tarkka s\u00e4\u00e4asema. S\u00e4\u00e4asema sis\u00e4lt\u00e4\u00e4 barometrin, kosteusmittarin ja l\u00e4mp\u00f6mittarin.Fisherin s\u00e4\u00e4aseman ansiosta voit hallita kotisi mikroilmastoa. Barometrin avulla voit seurata paineen laskuja ja nousuja. Kosteusmittari n\u00e4ytt\u00e4\u00e4 kodin ilmankosteuden, ja l\u00e4mp\u00f6mittarista voit lukea l\u00e4mp\u00f6tilan. Kaikki t\u00e4m\u00e4 eritt\u00e4in klassisessa, tyylikk\u00e4\u00e4ss\u00e4 muodossa. Hopeakehyksiset mittarit on sijoitettu tummalle puualustalle. Mittareiden valkoiset asteikot kontrastoivat tumman fontin ja kultaisten kehysten kanssa. Vasemmalla puolella olevassa kotelossa on eritt\u00e4in mielenkiintoiset, geometriset koristeet. T\u00e4m\u00e4 kotis\u00e4\u00e4asema sopii erinomaisesti englantilaistyylisiin, toimistotyylisiin ja kolonialistiseen tyyliin sisustettuihin huoneisiin. Tuotetiedot: Mitat: 34 x 15,5 cm Materiaali: puu, ruostumaton ter\u00e4s Barometrin mittaustarkkuus: \u00b1 3 hPa Kosteusmittarin mittaustarkkuus: \u00b1 5 % r.h. (20 &#8230; 100 %), +1 asteikko L\u00e4mp\u00f6mittarin mittaustarkkuus: \u00b1 1 K Huomio! Barometrin, l\u00e4mp\u00f6mittarin ja kosteusmittarin asteikko on asetettu tehtaalla. Voimakkaiden iskujen vuoksi uusi s\u00e4\u00e4t\u00f6 voi kuitenkin olla tarpeen. T\u00e4t\u00e4 varten barometrin ja kosteusmittarin tapauksessa k\u00e4yt\u00e4 ruuvimeisseli\u00e4 ja s\u00e4\u00e4d\u00e4 laitteen takana olevaa ruuvia mukana toimitetun k\u00e4ytt\u00f6ohjeen ohjeiden mukaisesti. L\u00e4mp\u00f6mittarin tapauksessa, kun elohopeapylv\u00e4s on repeytynyt, se voidaan korjata nyk\u00e4isem\u00e4ll\u00e4 pylv\u00e4st\u00e4 useita kertoja voimakkaasti.<\/p>\n","protected":false},"excerpt":{"rendered":"<p>S\u00e4\u00e4asema Fischer 9171-31&nbsp;Saksalaisen Fischer-yhti\u00f6n valmistama tyylik\u00e4s ja eritt\u00e4in tarkka s\u00e4\u00e4asema. S\u00e4\u00e4asema sis\u00e4lt\u00e4\u00e4 barometrin, kosteusmittarin ja l\u00e4mp\u00f6mittarin.Fisherin s\u00e4\u00e4aseman ansiosta voit hallita kotisi mikroilmastoa. Barometrin avulla voit seurata paineen laskuja ja nousuja. Kosteusmittari n\u00e4ytt\u00e4\u00e4 kodin ilmankosteuden, ja l\u00e4mp\u00f6mittarista voit lukea l\u00e4mp\u00f6tilan. Kaikki t\u00e4m\u00e4 eritt\u00e4in klassisessa, tyylikk\u00e4\u00e4ss\u00e4 muodossa. Hopeakehyksiset mittarit on sijoitettu tummalle puualustalle. Mittareiden valkoiset asteikot kontrastoivat [&hellip;]<\/p>\n","protected":false},"featured_media":44919,"comment_status":"open","ping_status":"closed","template":"","meta":[],"product_brand":[],"product_cat":[32],"product_tag":[],"class_list":{"0":"post-36706","1":"product","2":"type-product","3":"status-publish","4":"has-post-thumbnail","6":"product_cat-uncategorized-fi","8":"first","9":"instock","10":"shipping-taxable","11":"purchasable","12":"product-type-simple"},"_links":{"self":[{"href":"https:\/\/nordicmart.andreevmaster.com\/fi\/wp-json\/wp\/v2\/product\/36706","targetHints":{"allow":["GET"]}}],"collection":[{"href":"https:\/\/nordicmart.andreevmaster.com\/fi\/wp-json\/wp\/v2\/product"}],"about":[{"href":"https:\/\/nordicmart.andreevmaster.com\/fi\/wp-json\/wp\/v2\/types\/product"}],"replies":[{"embeddable":true,"href":"https:\/\/nordicmart.andreevmaster.com\/fi\/wp-json\/wp\/v2\/comments?post=36706"}],"wp:featuredmedia":[{"embeddable":true,"href":"https:\/\/nordicmart.andreevmaster.com\/fi\/wp-json\/wp\/v2\/media\/44919"}],"wp:attachment":[{"href":"https:\/\/nordicmart.andreevmaster.com\/fi\/wp-json\/wp\/v2\/media?parent=36706"}],"wp:term":[{"taxonomy":"product_brand","embeddable":true,"href":"https:\/\/nordicmart.andreevmaster.com\/fi\/wp-json\/wp\/v2\/product_brand?post=36706"},{"taxonomy":"product_cat","embeddable":true,"href":"https:\/\/nordicmart.andreevmaster.com\/fi\/wp-json\/wp\/v2\/product_cat?post=36706"},{"taxonomy":"product_tag","embeddable":true,"href":"https:\/\/nordicmart.andreevmaster.com\/fi\/wp-json\/wp\/v2\/product_tag?post=36706"}],"curies":[{"name":"wp","href":"https:\/\/api.w.org\/{rel}","templated":true}]}}