{"id":36705,"date":"2026-02-27T00:35:36","date_gmt":"2026-02-27T00:35:36","guid":{"rendered":"https:\/\/nordicmart.andreevmaster.com\/product\/soikea-metallinen-korurasia-ova\/"},"modified":"2026-02-27T09:53:06","modified_gmt":"2026-02-27T09:53:06","slug":"soikea-metallinen-korurasia-ova","status":"publish","type":"product","link":"https:\/\/nordicmart.andreevmaster.com\/fi\/tuote\/soikea-metallinen-korurasia-ova\/","title":{"rendered":"Soikea metallinen korurasia \u2013 OVA"},"content":{"rendered":"<p>Soikea metallinen korurasia \u2013 OVA&nbsp;&nbsp;&nbsp;Soikea metallinen rasia \u2013 OVA on paitsi k\u00e4yt\u00e4nn\u00f6llinen paikka arvokkaiden esineiden s\u00e4ilytt\u00e4miseen, my\u00f6s ainutlaatuinen sisustuselementti. Sen punainen v\u00e4ri ja monimutkaiset kultaiset koristeet antavat sille ainutlaatuisen charmin ja eleganssin.&nbsp;Se voi olla t\u00e4ydellinen lahja syntym\u00e4p\u00e4iv\u00e4ksi, vuosip\u00e4iv\u00e4ksi, h\u00e4\u00e4p\u00e4iv\u00e4ksi tai yst\u00e4v\u00e4np\u00e4iv\u00e4ksi. Voit s\u00e4ilytt\u00e4\u00e4 siin\u00e4 arvokkaita koruja. T\u00e4m\u00e4 on lahja, jota vastaanottaja varmasti arvostaa ja muistaa. Se toimii my\u00f6s mielenkiintoisena koriste-elementtin\u00e4. Sen rikkaat koristeet sopivat loistokkaisiin tai jopa moderneihin sisustuksiin ainutlaatuisena vastakohtana.&nbsp;&nbsp;&nbsp;Tuotetiedot:&nbsp;Materiaali: MetalliMitat: 9 x 6,5 x 5,5 cmOvaali muotoRikkaat koristeetMuovaus sis\u00e4puolellaV\u00e4ri: Punainen kultaisilla koristeilla&nbsp;<\/p>\n","protected":false},"excerpt":{"rendered":"<p>Soikea metallinen korurasia \u2013 OVA&nbsp;&nbsp;&nbsp;Soikea metallinen rasia \u2013 OVA on paitsi k\u00e4yt\u00e4nn\u00f6llinen paikka arvokkaiden esineiden s\u00e4ilytt\u00e4miseen, my\u00f6s ainutlaatuinen sisustuselementti. Sen punainen v\u00e4ri ja monimutkaiset kultaiset koristeet antavat sille ainutlaatuisen charmin ja eleganssin.&nbsp;Se voi olla t\u00e4ydellinen lahja syntym\u00e4p\u00e4iv\u00e4ksi, vuosip\u00e4iv\u00e4ksi, h\u00e4\u00e4p\u00e4iv\u00e4ksi tai yst\u00e4v\u00e4np\u00e4iv\u00e4ksi. Voit s\u00e4ilytt\u00e4\u00e4 siin\u00e4 arvokkaita koruja. T\u00e4m\u00e4 on lahja, jota vastaanottaja varmasti arvostaa ja muistaa. [&hellip;]<\/p>\n","protected":false},"featured_media":44918,"comment_status":"open","ping_status":"closed","template":"","meta":[],"product_brand":[],"product_cat":[32],"product_tag":[],"class_list":{"0":"post-36705","1":"product","2":"type-product","3":"status-publish","4":"has-post-thumbnail","6":"product_cat-uncategorized-fi","8":"first","9":"instock","10":"shipping-taxable","11":"purchasable","12":"product-type-simple"},"_links":{"self":[{"href":"https:\/\/nordicmart.andreevmaster.com\/fi\/wp-json\/wp\/v2\/product\/36705","targetHints":{"allow":["GET"]}}],"collection":[{"href":"https:\/\/nordicmart.andreevmaster.com\/fi\/wp-json\/wp\/v2\/product"}],"about":[{"href":"https:\/\/nordicmart.andreevmaster.com\/fi\/wp-json\/wp\/v2\/types\/product"}],"replies":[{"embeddable":true,"href":"https:\/\/nordicmart.andreevmaster.com\/fi\/wp-json\/wp\/v2\/comments?post=36705"}],"wp:featuredmedia":[{"embeddable":true,"href":"https:\/\/nordicmart.andreevmaster.com\/fi\/wp-json\/wp\/v2\/media\/44918"}],"wp:attachment":[{"href":"https:\/\/nordicmart.andreevmaster.com\/fi\/wp-json\/wp\/v2\/media?parent=36705"}],"wp:term":[{"taxonomy":"product_brand","embeddable":true,"href":"https:\/\/nordicmart.andreevmaster.com\/fi\/wp-json\/wp\/v2\/product_brand?post=36705"},{"taxonomy":"product_cat","embeddable":true,"href":"https:\/\/nordicmart.andreevmaster.com\/fi\/wp-json\/wp\/v2\/product_cat?post=36705"},{"taxonomy":"product_tag","embeddable":true,"href":"https:\/\/nordicmart.andreevmaster.com\/fi\/wp-json\/wp\/v2\/product_tag?post=36705"}],"curies":[{"name":"wp","href":"https:\/\/api.w.org\/{rel}","templated":true}]}}