{"id":36704,"date":"2026-02-27T00:35:36","date_gmt":"2026-02-27T00:35:36","guid":{"rendered":"https:\/\/nordicmart.andreevmaster.com\/product\/koristeellinen-pyorea-metallilaatikko-rg\/"},"modified":"2026-02-27T09:53:06","modified_gmt":"2026-02-27T09:53:06","slug":"koristeellinen-pyorea-metallilaatikko-rg","status":"publish","type":"product","link":"https:\/\/nordicmart.andreevmaster.com\/fi\/tuote\/koristeellinen-pyorea-metallilaatikko-rg\/","title":{"rendered":"Koristeellinen py\u00f6re\u00e4 metallilaatikko &#8211; RG"},"content":{"rendered":"<p>Koristeellinen py\u00f6re\u00e4 metallilaatikko &#8211; RG&nbsp;&nbsp;&nbsp;Koristeellinen metallilaatikko, jossa on runsaasti koristeita ja kultaisia yksityiskohtia, on eleganssin ja tyylin ilmentym\u00e4. Se on loistava lahjaidea ihmisille, joilla on hienostunut maku ja intohimo kauniisiin esineisiin. Se on my\u00f6s k\u00e4yt\u00e4nn\u00f6llinen tapa s\u00e4ilytt\u00e4\u00e4 arvokkaita aarteita, kuten koruja tai pieni\u00e4 matkamuistoja. Se voi olla ainutlaatuinen lahja rakkaalle, yst\u00e4v\u00e4lle, perheenj\u00e4senelle tai lahja erilaisiin tilaisuuksiin, kuten syntym\u00e4p\u00e4iviin, merkkip\u00e4iviin tai juhlap\u00e4iviin.&nbsp;Sen py\u00f6re\u00e4 muoto ja rikkaat koristeet ovat ainutlaatuinen lis\u00e4 mihin tahansa sisustukseen. T\u00e4m\u00e4 laatikko n\u00e4ytt\u00e4\u00e4 upealta peilip\u00f6yd\u00e4ll\u00e4, lipastolla, hyllyll\u00e4 tai ty\u00f6p\u00f6yd\u00e4ll\u00e4 ja antaa huoneelle ainutlaatuisen charmin. Sen klassinen muotoilu yhdistettyn\u00e4 herkkiin kultaisiin koristeisiin her\u00e4tt\u00e4\u00e4 huomiota ja lis\u00e4\u00e4 eleganssia ymp\u00e4rist\u00f6\u00f6n.&nbsp;&nbsp;Tuotetiedot:&nbsp;Materiaali: MetalliMitat: 8 x 7,5 x 5 cmPy\u00f6re\u00e4 muotoRikkaat koristeet&nbsp;<\/p>\n","protected":false},"excerpt":{"rendered":"<p>Koristeellinen py\u00f6re\u00e4 metallilaatikko &#8211; RG&nbsp;&nbsp;&nbsp;Koristeellinen metallilaatikko, jossa on runsaasti koristeita ja kultaisia yksityiskohtia, on eleganssin ja tyylin ilmentym\u00e4. Se on loistava lahjaidea ihmisille, joilla on hienostunut maku ja intohimo kauniisiin esineisiin. Se on my\u00f6s k\u00e4yt\u00e4nn\u00f6llinen tapa s\u00e4ilytt\u00e4\u00e4 arvokkaita aarteita, kuten koruja tai pieni\u00e4 matkamuistoja. Se voi olla ainutlaatuinen lahja rakkaalle, yst\u00e4v\u00e4lle, perheenj\u00e4senelle tai lahja erilaisiin [&hellip;]<\/p>\n","protected":false},"featured_media":44917,"comment_status":"open","ping_status":"closed","template":"","meta":[],"product_brand":[],"product_cat":[32],"product_tag":[],"class_list":{"0":"post-36704","1":"product","2":"type-product","3":"status-publish","4":"has-post-thumbnail","6":"product_cat-uncategorized-fi","8":"first","9":"instock","10":"shipping-taxable","11":"purchasable","12":"product-type-simple"},"_links":{"self":[{"href":"https:\/\/nordicmart.andreevmaster.com\/fi\/wp-json\/wp\/v2\/product\/36704","targetHints":{"allow":["GET"]}}],"collection":[{"href":"https:\/\/nordicmart.andreevmaster.com\/fi\/wp-json\/wp\/v2\/product"}],"about":[{"href":"https:\/\/nordicmart.andreevmaster.com\/fi\/wp-json\/wp\/v2\/types\/product"}],"replies":[{"embeddable":true,"href":"https:\/\/nordicmart.andreevmaster.com\/fi\/wp-json\/wp\/v2\/comments?post=36704"}],"wp:featuredmedia":[{"embeddable":true,"href":"https:\/\/nordicmart.andreevmaster.com\/fi\/wp-json\/wp\/v2\/media\/44917"}],"wp:attachment":[{"href":"https:\/\/nordicmart.andreevmaster.com\/fi\/wp-json\/wp\/v2\/media?parent=36704"}],"wp:term":[{"taxonomy":"product_brand","embeddable":true,"href":"https:\/\/nordicmart.andreevmaster.com\/fi\/wp-json\/wp\/v2\/product_brand?post=36704"},{"taxonomy":"product_cat","embeddable":true,"href":"https:\/\/nordicmart.andreevmaster.com\/fi\/wp-json\/wp\/v2\/product_cat?post=36704"},{"taxonomy":"product_tag","embeddable":true,"href":"https:\/\/nordicmart.andreevmaster.com\/fi\/wp-json\/wp\/v2\/product_tag?post=36704"}],"curies":[{"name":"wp","href":"https:\/\/api.w.org\/{rel}","templated":true}]}}