{"id":36703,"date":"2026-02-27T00:35:35","date_gmt":"2026-02-27T00:35:35","guid":{"rendered":"https:\/\/nordicmart.andreevmaster.com\/product\/alladin-lamppu-labb\/"},"modified":"2026-02-27T09:53:06","modified_gmt":"2026-02-27T09:53:06","slug":"alladin-lamppu-labb","status":"publish","type":"product","link":"https:\/\/nordicmart.andreevmaster.com\/fi\/tuote\/alladin-lamppu-labb\/","title":{"rendered":"Alladin-lamppu \u2013 LABB"},"content":{"rendered":"<p>Alladin-lamppu \u2013 LABB&nbsp;&nbsp;&nbsp;Alladin-lamppu \u2013 LABB on upea koriste, joka tuo sisustukseesi ripauksen mystiikkaa ja it\u00e4maista charmia. Sen rikkaat kultaiset koristeet yhdistettyn\u00e4 lampun syv\u00e4n siniseen v\u00e4riin luovat silmiinpist\u00e4v\u00e4n kontrastin, joka muistuttaa it\u00e4maisten maiden satuja. Se on upea esine, joka tuo eleganssia ja mystist\u00e4 tunnelmaa ymp\u00e4rist\u00f6\u00f6n.&nbsp;Alladin-lamppu on erinomainen lahjaidea niille, jotka arvostavat ep\u00e4tavallisia yksityiskohtia sisustuksessa. Sen eksoottinen ulkon\u00e4k\u00f6 ja viittaus it\u00e4maiseen kulttuuriin tekev\u00e4t siit\u00e4 ihanteellisen lahjan matkailun yst\u00e4ville, historian harrastajille tai ihmisille, jotka nauttivat yksityiskohtien kauneudesta. Sen mitat (22 x 7 x 11 cm) mahdollistavat sen sijoittamisen hyllylle, lipastolle tai p\u00f6yd\u00e4lle. T\u00e4m\u00e4 lamppu ei vain rikastuta huoneen estetiikkaa, vaan tuo siihen my\u00f6s eksoottisuutta ja historiaa. Tuotetiedot: Materiaali: metalli Mitat: 22 x 7 x 11 cm<\/p>\n","protected":false},"excerpt":{"rendered":"<p>Alladin-lamppu \u2013 LABB&nbsp;&nbsp;&nbsp;Alladin-lamppu \u2013 LABB on upea koriste, joka tuo sisustukseesi ripauksen mystiikkaa ja it\u00e4maista charmia. Sen rikkaat kultaiset koristeet yhdistettyn\u00e4 lampun syv\u00e4n siniseen v\u00e4riin luovat silmiinpist\u00e4v\u00e4n kontrastin, joka muistuttaa it\u00e4maisten maiden satuja. Se on upea esine, joka tuo eleganssia ja mystist\u00e4 tunnelmaa ymp\u00e4rist\u00f6\u00f6n.&nbsp;Alladin-lamppu on erinomainen lahjaidea niille, jotka arvostavat ep\u00e4tavallisia yksityiskohtia sisustuksessa. Sen eksoottinen [&hellip;]<\/p>\n","protected":false},"featured_media":44916,"comment_status":"open","ping_status":"closed","template":"","meta":[],"product_brand":[],"product_cat":[32],"product_tag":[],"class_list":{"0":"post-36703","1":"product","2":"type-product","3":"status-publish","4":"has-post-thumbnail","6":"product_cat-uncategorized-fi","8":"first","9":"instock","10":"shipping-taxable","11":"purchasable","12":"product-type-simple"},"_links":{"self":[{"href":"https:\/\/nordicmart.andreevmaster.com\/fi\/wp-json\/wp\/v2\/product\/36703","targetHints":{"allow":["GET"]}}],"collection":[{"href":"https:\/\/nordicmart.andreevmaster.com\/fi\/wp-json\/wp\/v2\/product"}],"about":[{"href":"https:\/\/nordicmart.andreevmaster.com\/fi\/wp-json\/wp\/v2\/types\/product"}],"replies":[{"embeddable":true,"href":"https:\/\/nordicmart.andreevmaster.com\/fi\/wp-json\/wp\/v2\/comments?post=36703"}],"wp:featuredmedia":[{"embeddable":true,"href":"https:\/\/nordicmart.andreevmaster.com\/fi\/wp-json\/wp\/v2\/media\/44916"}],"wp:attachment":[{"href":"https:\/\/nordicmart.andreevmaster.com\/fi\/wp-json\/wp\/v2\/media?parent=36703"}],"wp:term":[{"taxonomy":"product_brand","embeddable":true,"href":"https:\/\/nordicmart.andreevmaster.com\/fi\/wp-json\/wp\/v2\/product_brand?post=36703"},{"taxonomy":"product_cat","embeddable":true,"href":"https:\/\/nordicmart.andreevmaster.com\/fi\/wp-json\/wp\/v2\/product_cat?post=36703"},{"taxonomy":"product_tag","embeddable":true,"href":"https:\/\/nordicmart.andreevmaster.com\/fi\/wp-json\/wp\/v2\/product_tag?post=36703"}],"curies":[{"name":"wp","href":"https:\/\/api.w.org\/{rel}","templated":true}]}}