{"id":36701,"date":"2026-02-27T00:35:35","date_gmt":"2026-02-27T00:35:35","guid":{"rendered":"https:\/\/nordicmart.andreevmaster.com\/product\/vanha-automalli-q87\/"},"modified":"2026-02-27T09:53:05","modified_gmt":"2026-02-27T09:53:05","slug":"vanha-automalli-q87","status":"publish","type":"product","link":"https:\/\/nordicmart.andreevmaster.com\/fi\/tuote\/vanha-automalli-q87\/","title":{"rendered":"Vanha automalli &#8211; Q87"},"content":{"rendered":"<p>Vanha automalli &#8211; Q87&nbsp;&nbsp;&nbsp;Retrotyylinen vanha automalli on ainutlaatuinen esine, joka vie sinut takaisin autojen eleganssin nostalgisiin aikoihin. Klassiset v\u00e4rit ja huolellisesti j\u00e4ljennetyt yksityiskohdat tekev\u00e4t mallista paitsi upean n\u00e4k\u00f6isen, my\u00f6s muistuttavat meit\u00e4 autoteollisuuden rikkaasta historiasta. T\u00e4m\u00e4 vieh\u00e4tt\u00e4v\u00e4 malli on erinomainen lahjaidea autohistoriasta kiinnostuneille, klassisten autojen yst\u00e4ville ja ker\u00e4ilij\u00f6ille, sill\u00e4 se muistuttaa meit\u00e4 ajoneuvojen juurista ja kehityksest\u00e4. Ainutlaatuinen vieh\u00e4tyksens\u00e4 ansiosta malli sopii t\u00e4ydellisesti vintage-, teolliseen ja jopa skandinaaviseen sisustustyyliin. Se voi olla ihastuttava koriste-elementti olohuoneessa tai toimistossa.&nbsp;&nbsp;&nbsp;Tuotetiedot:&nbsp;Mitat: 20 x 8,5 x 10,5 cmMateriaali: MetalliT\u00e4ydellinen vintage- ja teolliseen sisustukseenUpea koriste-elementti&nbsp;<\/p>\n","protected":false},"excerpt":{"rendered":"<p>Vanha automalli &#8211; Q87&nbsp;&nbsp;&nbsp;Retrotyylinen vanha automalli on ainutlaatuinen esine, joka vie sinut takaisin autojen eleganssin nostalgisiin aikoihin. Klassiset v\u00e4rit ja huolellisesti j\u00e4ljennetyt yksityiskohdat tekev\u00e4t mallista paitsi upean n\u00e4k\u00f6isen, my\u00f6s muistuttavat meit\u00e4 autoteollisuuden rikkaasta historiasta. T\u00e4m\u00e4 vieh\u00e4tt\u00e4v\u00e4 malli on erinomainen lahjaidea autohistoriasta kiinnostuneille, klassisten autojen yst\u00e4ville ja ker\u00e4ilij\u00f6ille, sill\u00e4 se muistuttaa meit\u00e4 ajoneuvojen juurista ja kehityksest\u00e4. [&hellip;]<\/p>\n","protected":false},"featured_media":44914,"comment_status":"open","ping_status":"closed","template":"","meta":[],"product_brand":[],"product_cat":[32],"product_tag":[],"class_list":{"0":"post-36701","1":"product","2":"type-product","3":"status-publish","4":"has-post-thumbnail","6":"product_cat-uncategorized-fi","8":"first","9":"instock","10":"shipping-taxable","11":"purchasable","12":"product-type-simple"},"_links":{"self":[{"href":"https:\/\/nordicmart.andreevmaster.com\/fi\/wp-json\/wp\/v2\/product\/36701","targetHints":{"allow":["GET"]}}],"collection":[{"href":"https:\/\/nordicmart.andreevmaster.com\/fi\/wp-json\/wp\/v2\/product"}],"about":[{"href":"https:\/\/nordicmart.andreevmaster.com\/fi\/wp-json\/wp\/v2\/types\/product"}],"replies":[{"embeddable":true,"href":"https:\/\/nordicmart.andreevmaster.com\/fi\/wp-json\/wp\/v2\/comments?post=36701"}],"wp:featuredmedia":[{"embeddable":true,"href":"https:\/\/nordicmart.andreevmaster.com\/fi\/wp-json\/wp\/v2\/media\/44914"}],"wp:attachment":[{"href":"https:\/\/nordicmart.andreevmaster.com\/fi\/wp-json\/wp\/v2\/media?parent=36701"}],"wp:term":[{"taxonomy":"product_brand","embeddable":true,"href":"https:\/\/nordicmart.andreevmaster.com\/fi\/wp-json\/wp\/v2\/product_brand?post=36701"},{"taxonomy":"product_cat","embeddable":true,"href":"https:\/\/nordicmart.andreevmaster.com\/fi\/wp-json\/wp\/v2\/product_cat?post=36701"},{"taxonomy":"product_tag","embeddable":true,"href":"https:\/\/nordicmart.andreevmaster.com\/fi\/wp-json\/wp\/v2\/product_tag?post=36701"}],"curies":[{"name":"wp","href":"https:\/\/api.w.org\/{rel}","templated":true}]}}