{"id":36700,"date":"2026-02-27T00:35:35","date_gmt":"2026-02-27T00:35:35","guid":{"rendered":"https:\/\/nordicmart.andreevmaster.com\/product\/metallinen-moottoripyora-052smt\/"},"modified":"2026-02-27T09:53:05","modified_gmt":"2026-02-27T09:53:05","slug":"metallinen-moottoripyora-052smt","status":"publish","type":"product","link":"https:\/\/nordicmart.andreevmaster.com\/fi\/tuote\/metallinen-moottoripyora-052smt\/","title":{"rendered":"Metallinen moottoripy\u00f6r\u00e4 &#8211; 052SMT"},"content":{"rendered":"<p>Metallinen moottoripy\u00f6r\u00e4 &#8211; 052SMT&nbsp;&nbsp;&nbsp;Metallinen moottoripy\u00f6r\u00e4 &#8211; 052SMT on ainutlaatuinen koriste, joka ilahduttaa autoista ja teollisesta tyylist\u00e4 pit\u00e4vi\u00e4. Moottoripy\u00f6r\u00e4 on yhdistelm\u00e4 eleganssia ja klassisuutta, joka her\u00e4tt\u00e4\u00e4 vieraiden huomion miss\u00e4 tahansa huoneessa.&nbsp;Syv\u00e4 musta v\u00e4ri antaa moottoripy\u00f6r\u00e4lle mystisyytt\u00e4 ja hienostuneisuutta. Hopeiset lis\u00e4varusteet kontrastoivat t\u00e4ydellisesti mustaan, luoden silmiinpist\u00e4v\u00e4n aksentin ja korostaen ajoneuvon luonnetta. Jokainen yksityiskohta, py\u00f6rist\u00e4 ajovaloon ja ohjaustankoon, on huolellisesti j\u00e4ljennetty, mik\u00e4 lis\u00e4\u00e4 tuotteen autenttista ulkon\u00e4k\u00f6\u00e4. Metallinen moottoripy\u00f6r\u00e4 ei ole vain yksinkertainen koriste-esine, vaan my\u00f6s loistava lahjaidea. Se on ainutlaatuinen lahja moottoripy\u00f6r\u00e4ilij\u00f6ille, joka korostaa heid\u00e4n rakkauttaan kaksipy\u00f6r\u00e4isiin koneisiin. Se sopii my\u00f6s lahjaksi ker\u00e4ilij\u00f6ille tai ihmisille, jotka pit\u00e4v\u00e4t ainutlaatuisista kodinsisustustarvikkeista. Moottoripy\u00f6r\u00e4malli voi olla mielenkiintoinen koriste eri huoneissa, tuoden niihin ripauksen modernia tyyli\u00e4 ja teollista charmia. Ajaton, hienostunut muotoilu ja vankka valmistus takaavat kest\u00e4vyyden ja ilahduttavat varmasti lahjan saajaa. Tuotetiedot: Materiaali: metalli Mitat: 37 x 15 x 21 cm V\u00e4ri: musta ja hopea<\/p>\n","protected":false},"excerpt":{"rendered":"<p>Metallinen moottoripy\u00f6r\u00e4 &#8211; 052SMT&nbsp;&nbsp;&nbsp;Metallinen moottoripy\u00f6r\u00e4 &#8211; 052SMT on ainutlaatuinen koriste, joka ilahduttaa autoista ja teollisesta tyylist\u00e4 pit\u00e4vi\u00e4. Moottoripy\u00f6r\u00e4 on yhdistelm\u00e4 eleganssia ja klassisuutta, joka her\u00e4tt\u00e4\u00e4 vieraiden huomion miss\u00e4 tahansa huoneessa.&nbsp;Syv\u00e4 musta v\u00e4ri antaa moottoripy\u00f6r\u00e4lle mystisyytt\u00e4 ja hienostuneisuutta. Hopeiset lis\u00e4varusteet kontrastoivat t\u00e4ydellisesti mustaan, luoden silmiinpist\u00e4v\u00e4n aksentin ja korostaen ajoneuvon luonnetta. Jokainen yksityiskohta, py\u00f6rist\u00e4 ajovaloon ja ohjaustankoon, [&hellip;]<\/p>\n","protected":false},"featured_media":44913,"comment_status":"open","ping_status":"closed","template":"","meta":[],"product_brand":[],"product_cat":[32],"product_tag":[],"class_list":{"0":"post-36700","1":"product","2":"type-product","3":"status-publish","4":"has-post-thumbnail","6":"product_cat-uncategorized-fi","8":"first","9":"instock","10":"shipping-taxable","11":"purchasable","12":"product-type-simple"},"_links":{"self":[{"href":"https:\/\/nordicmart.andreevmaster.com\/fi\/wp-json\/wp\/v2\/product\/36700","targetHints":{"allow":["GET"]}}],"collection":[{"href":"https:\/\/nordicmart.andreevmaster.com\/fi\/wp-json\/wp\/v2\/product"}],"about":[{"href":"https:\/\/nordicmart.andreevmaster.com\/fi\/wp-json\/wp\/v2\/types\/product"}],"replies":[{"embeddable":true,"href":"https:\/\/nordicmart.andreevmaster.com\/fi\/wp-json\/wp\/v2\/comments?post=36700"}],"wp:featuredmedia":[{"embeddable":true,"href":"https:\/\/nordicmart.andreevmaster.com\/fi\/wp-json\/wp\/v2\/media\/44913"}],"wp:attachment":[{"href":"https:\/\/nordicmart.andreevmaster.com\/fi\/wp-json\/wp\/v2\/media?parent=36700"}],"wp:term":[{"taxonomy":"product_brand","embeddable":true,"href":"https:\/\/nordicmart.andreevmaster.com\/fi\/wp-json\/wp\/v2\/product_brand?post=36700"},{"taxonomy":"product_cat","embeddable":true,"href":"https:\/\/nordicmart.andreevmaster.com\/fi\/wp-json\/wp\/v2\/product_cat?post=36700"},{"taxonomy":"product_tag","embeddable":true,"href":"https:\/\/nordicmart.andreevmaster.com\/fi\/wp-json\/wp\/v2\/product_tag?post=36700"}],"curies":[{"name":"wp","href":"https:\/\/api.w.org\/{rel}","templated":true}]}}