{"id":36699,"date":"2026-02-27T00:35:34","date_gmt":"2026-02-27T00:35:34","guid":{"rendered":"https:\/\/nordicmart.andreevmaster.com\/product\/metallinen-poyta-ja-30-minuutin-hiekkakello-1051\/"},"modified":"2026-02-27T09:53:05","modified_gmt":"2026-02-27T09:53:05","slug":"metallinen-poyta-ja-30-minuutin-hiekkakello-1051","status":"publish","type":"product","link":"https:\/\/nordicmart.andreevmaster.com\/fi\/tuote\/metallinen-poyta-ja-30-minuutin-hiekkakello-1051\/","title":{"rendered":"Metallinen p\u00f6yt\u00e4 ja 30 minuutin hiekkakello &#8211; 1051"},"content":{"rendered":"<p>Metallinen p\u00f6yt\u00e4 ja 30 minuutin hiekkakello &#8211; 1051&nbsp;&nbsp;&nbsp;Metallinen p\u00f6yt\u00e4 ja 30 minuutin hiekkakello on ep\u00e4tavallinen yhdistelm\u00e4 eleganssia ja toiminnallisuutta, joka sopii t\u00e4ydellisesti erilaisiin sisustustyyleihin.&nbsp;&nbsp;T\u00e4m\u00e4 upea kultainen metallip\u00f6yt\u00e4 on ainutlaatuinen sisustuselementti mihin tahansa sisustukseen. Sen vertaansa vailla oleva muotoilu erottuu muista huonekaluista, ja 30 minuuttia mittaava tiimalasi lis\u00e4\u00e4 sen ainutlaatuista luonnetta. Tiimalasia voi k\u00e4\u00e4nt\u00e4\u00e4. Se toimii t\u00e4ydellisesti sisustuksesi keskipisteen\u00e4, houkuttelemalla huomiota ja lis\u00e4\u00e4m\u00e4ll\u00e4 ainutlaatuista charmia. &nbsp;&nbsp;P\u00f6yd\u00e4n mitat (40 x 40 x 60 cm) tekev\u00e4t siit\u00e4 t\u00e4ydellisen lis\u00e4yksen olohuoneeseesi, makuuhuoneeseesi tai toimistoosi. Kest\u00e4v\u00e4st\u00e4 metallista ja lasista valmistettu p\u00f6yt\u00e4 takaa kest\u00e4vyyden ja vakauden. Sen kultainen v\u00e4ri lis\u00e4\u00e4 eleganssia sisustukseen sek\u00e4 glamour- ja teolliseen tyyliin sisustetuissa huoneissa ett\u00e4 klassisemmissa tiloissa, joissa t\u00e4m\u00e4 p\u00f6yt\u00e4 voi olla mielenkiintoinen vastakohta.&nbsp;&nbsp;&nbsp;Tuotetiedot:&nbsp;Materiaali: metalli ja lasi Mitat: 40 x 40 x 60 cm Tyyli: Sopii sek\u00e4 glamour-tyylisiin, teollisiin ett\u00e4 klassisiin sisustuksiin V\u00e4ri: Kulta Varustettu 30 minuuttia mittaavalla tiimalasilla Toiminnallisuuden ja esteettisyyden yhdistelm\u00e4&nbsp;<\/p>\n","protected":false},"excerpt":{"rendered":"<p>Metallinen p\u00f6yt\u00e4 ja 30 minuutin hiekkakello &#8211; 1051&nbsp;&nbsp;&nbsp;Metallinen p\u00f6yt\u00e4 ja 30 minuutin hiekkakello on ep\u00e4tavallinen yhdistelm\u00e4 eleganssia ja toiminnallisuutta, joka sopii t\u00e4ydellisesti erilaisiin sisustustyyleihin.&nbsp;&nbsp;T\u00e4m\u00e4 upea kultainen metallip\u00f6yt\u00e4 on ainutlaatuinen sisustuselementti mihin tahansa sisustukseen. Sen vertaansa vailla oleva muotoilu erottuu muista huonekaluista, ja 30 minuuttia mittaava tiimalasi lis\u00e4\u00e4 sen ainutlaatuista luonnetta. Tiimalasia voi k\u00e4\u00e4nt\u00e4\u00e4. Se toimii [&hellip;]<\/p>\n","protected":false},"featured_media":44912,"comment_status":"open","ping_status":"closed","template":"","meta":[],"product_brand":[],"product_cat":[32],"product_tag":[],"class_list":{"0":"post-36699","1":"product","2":"type-product","3":"status-publish","4":"has-post-thumbnail","6":"product_cat-uncategorized-fi","8":"first","9":"instock","10":"shipping-taxable","11":"purchasable","12":"product-type-simple"},"_links":{"self":[{"href":"https:\/\/nordicmart.andreevmaster.com\/fi\/wp-json\/wp\/v2\/product\/36699","targetHints":{"allow":["GET"]}}],"collection":[{"href":"https:\/\/nordicmart.andreevmaster.com\/fi\/wp-json\/wp\/v2\/product"}],"about":[{"href":"https:\/\/nordicmart.andreevmaster.com\/fi\/wp-json\/wp\/v2\/types\/product"}],"replies":[{"embeddable":true,"href":"https:\/\/nordicmart.andreevmaster.com\/fi\/wp-json\/wp\/v2\/comments?post=36699"}],"wp:featuredmedia":[{"embeddable":true,"href":"https:\/\/nordicmart.andreevmaster.com\/fi\/wp-json\/wp\/v2\/media\/44912"}],"wp:attachment":[{"href":"https:\/\/nordicmart.andreevmaster.com\/fi\/wp-json\/wp\/v2\/media?parent=36699"}],"wp:term":[{"taxonomy":"product_brand","embeddable":true,"href":"https:\/\/nordicmart.andreevmaster.com\/fi\/wp-json\/wp\/v2\/product_brand?post=36699"},{"taxonomy":"product_cat","embeddable":true,"href":"https:\/\/nordicmart.andreevmaster.com\/fi\/wp-json\/wp\/v2\/product_cat?post=36699"},{"taxonomy":"product_tag","embeddable":true,"href":"https:\/\/nordicmart.andreevmaster.com\/fi\/wp-json\/wp\/v2\/product_tag?post=36699"}],"curies":[{"name":"wp","href":"https:\/\/api.w.org\/{rel}","templated":true}]}}