{"id":36698,"date":"2026-02-27T00:35:34","date_gmt":"2026-02-27T00:35:34","guid":{"rendered":"https:\/\/nordicmart.andreevmaster.com\/product\/tic-tac-toe-g1044z-2\/"},"modified":"2026-02-27T09:53:05","modified_gmt":"2026-02-27T09:53:05","slug":"tic-tac-toe-g1044z-2","status":"publish","type":"product","link":"https:\/\/nordicmart.andreevmaster.com\/fi\/tuote\/tic-tac-toe-g1044z-2\/","title":{"rendered":"Tic-tac-toe &#8211; G1044Z"},"content":{"rendered":"<p>Tic-tac-toe &#8211; G1044Z&nbsp;&nbsp;Tic-tac-toe in a Box on tyylik\u00e4s versio klassisesta strategiapelist\u00e4, jota pelataan muistikirjojen takasivuilla. Siirr\u00e4 pelilauta muistikirjastasi ty\u00f6p\u00f6yd\u00e4llesi ja nauti pelist\u00e4 taukojen aikana.&nbsp;Palat on valmistettu puusta ja niiss\u00e4 on messinkikoristeita. Puinen laatikko, jossa on lokerot ympyr\u00f6ille ja risteille, on my\u00f6s pelilauta. Laatikon kansi on lasia. &nbsp;Tic-tac-toe n\u00e4ytt\u00e4\u00e4 t\u00e4ss\u00e4 versiossa upealta ty\u00f6p\u00f6yd\u00e4ll\u00e4si. Puu yhdistettyn\u00e4 messinkiin antaa setille ylellisen ilmeen. Ympyr\u00e4 ja risti ovat hauska lahja koulun rehtorille, opettajalle tai johtajalle. Se tarjoaa my\u00f6s paljon hauskaa luennoitsijoille. &nbsp;&nbsp;Laatikko:&nbsp;Materiaali: puuLasikansiLaatikon koko: 10 x 10 cmSuljettava laatikko&nbsp;&nbsp;Ympyr\u00e4- ja ristipalat:&nbsp;4 ympyr\u00e4\u00e45 risti\u00e4Materiaali: puuMessinkikoristeet&nbsp;&nbsp;&nbsp;Huomio! T\u00e4m\u00e4 tuote ei ole lelu, eik\u00e4 se sovellu alle 14-vuotiaille lapsille. &nbsp;<\/p>\n","protected":false},"excerpt":{"rendered":"<p>Tic-tac-toe &#8211; G1044Z&nbsp;&nbsp;Tic-tac-toe in a Box on tyylik\u00e4s versio klassisesta strategiapelist\u00e4, jota pelataan muistikirjojen takasivuilla. Siirr\u00e4 pelilauta muistikirjastasi ty\u00f6p\u00f6yd\u00e4llesi ja nauti pelist\u00e4 taukojen aikana.&nbsp;Palat on valmistettu puusta ja niiss\u00e4 on messinkikoristeita. Puinen laatikko, jossa on lokerot ympyr\u00f6ille ja risteille, on my\u00f6s pelilauta. Laatikon kansi on lasia. &nbsp;Tic-tac-toe n\u00e4ytt\u00e4\u00e4 t\u00e4ss\u00e4 versiossa upealta ty\u00f6p\u00f6yd\u00e4ll\u00e4si. Puu yhdistettyn\u00e4 messinkiin [&hellip;]<\/p>\n","protected":false},"featured_media":44911,"comment_status":"open","ping_status":"closed","template":"","meta":[],"product_brand":[],"product_cat":[32],"product_tag":[],"class_list":{"0":"post-36698","1":"product","2":"type-product","3":"status-publish","4":"has-post-thumbnail","6":"product_cat-uncategorized-fi","8":"first","9":"instock","10":"shipping-taxable","11":"purchasable","12":"product-type-simple"},"_links":{"self":[{"href":"https:\/\/nordicmart.andreevmaster.com\/fi\/wp-json\/wp\/v2\/product\/36698","targetHints":{"allow":["GET"]}}],"collection":[{"href":"https:\/\/nordicmart.andreevmaster.com\/fi\/wp-json\/wp\/v2\/product"}],"about":[{"href":"https:\/\/nordicmart.andreevmaster.com\/fi\/wp-json\/wp\/v2\/types\/product"}],"replies":[{"embeddable":true,"href":"https:\/\/nordicmart.andreevmaster.com\/fi\/wp-json\/wp\/v2\/comments?post=36698"}],"wp:featuredmedia":[{"embeddable":true,"href":"https:\/\/nordicmart.andreevmaster.com\/fi\/wp-json\/wp\/v2\/media\/44911"}],"wp:attachment":[{"href":"https:\/\/nordicmart.andreevmaster.com\/fi\/wp-json\/wp\/v2\/media?parent=36698"}],"wp:term":[{"taxonomy":"product_brand","embeddable":true,"href":"https:\/\/nordicmart.andreevmaster.com\/fi\/wp-json\/wp\/v2\/product_brand?post=36698"},{"taxonomy":"product_cat","embeddable":true,"href":"https:\/\/nordicmart.andreevmaster.com\/fi\/wp-json\/wp\/v2\/product_cat?post=36698"},{"taxonomy":"product_tag","embeddable":true,"href":"https:\/\/nordicmart.andreevmaster.com\/fi\/wp-json\/wp\/v2\/product_tag?post=36698"}],"curies":[{"name":"wp","href":"https:\/\/api.w.org\/{rel}","templated":true}]}}