{"id":36697,"date":"2026-02-27T00:35:34","date_gmt":"2026-02-27T00:35:34","guid":{"rendered":"https:\/\/nordicmart.andreevmaster.com\/product\/noppapeli-puulaatikossa-jossa-lasikansi-g151g-az\/"},"modified":"2026-02-27T09:53:05","modified_gmt":"2026-02-27T09:53:05","slug":"noppapeli-puulaatikossa-jossa-lasikansi-g151g-az","status":"publish","type":"product","link":"https:\/\/nordicmart.andreevmaster.com\/fi\/tuote\/noppapeli-puulaatikossa-jossa-lasikansi-g151g-az\/","title":{"rendered":"Noppapeli puulaatikossa, jossa lasikansi &#8211; G151G\/AZ"},"content":{"rendered":"<p>Noppapeli lasikannellisessa puulaatikossa &#8211; G151G\/AZ&nbsp;&nbsp;Klassinen noppapeli, joka on pakattu kauniiseen lasikannelliseen puulaatikkoon. T\u00e4m\u00e4 ainutlaatuinen peli on loistava tapa viett\u00e4\u00e4 aikaa perheen ja yst\u00e4vien kanssa, ja se tarjoaa paljon hauskaa ja j\u00e4nnityst\u00e4.&nbsp;G151G\/AZ-noppapelimalli on valmistettu huolellisesti korkealaatuisesta puusta, mik\u00e4 tekee siit\u00e4 kest\u00e4v\u00e4n ja tyylikk\u00e4\u00e4n. Puinen laatikko on kooltaan 5&#215;5 cm, joten se on t\u00e4ydellinen s\u00e4ilytys- ja matkakokoinen. Pelin koko sopii k\u00e4teen, joten noppaa on mukava ja helppo heitt\u00e4\u00e4. Noppapeli on ollut olemassa jo vuosisatojen ajan ja on edelleen eritt\u00e4in suosittu. Se voi olla t\u00e4ydellinen lahja lautapelien yst\u00e4ville ja klassisten viihdykkeiden harrastajille. Voit ottaa sen mukaan piknikille, viikonloppumatkalle tai pit\u00e4\u00e4 sit\u00e4 kotona osana viihdett\u00e4. Tarjoa itsellesi ja l\u00e4heisillesi unohtumattomia hetki\u00e4 ilon ja naurun parissa noppapelill\u00e4. Se on yhdistelm\u00e4 klassikoita, kauneutta ja ainutlaatuisuutta, joka miellytt\u00e4\u00e4 kaikkia pelien yst\u00e4vi\u00e4 ja on loistava lis\u00e4 pelikokoelmaasi. Laatikko: Valmistettu akaasiapuusta Lasikansi Messinkikoristeet Laatikon mitat: 5 x 5 cm Huomio! T\u00e4m\u00e4 tuote ei ole lelu, eik\u00e4 se sovellu alle 14-vuotiaille lapsille. &nbsp;&nbsp;<\/p>\n","protected":false},"excerpt":{"rendered":"<p>Noppapeli lasikannellisessa puulaatikossa &#8211; G151G\/AZ&nbsp;&nbsp;Klassinen noppapeli, joka on pakattu kauniiseen lasikannelliseen puulaatikkoon. T\u00e4m\u00e4 ainutlaatuinen peli on loistava tapa viett\u00e4\u00e4 aikaa perheen ja yst\u00e4vien kanssa, ja se tarjoaa paljon hauskaa ja j\u00e4nnityst\u00e4.&nbsp;G151G\/AZ-noppapelimalli on valmistettu huolellisesti korkealaatuisesta puusta, mik\u00e4 tekee siit\u00e4 kest\u00e4v\u00e4n ja tyylikk\u00e4\u00e4n. Puinen laatikko on kooltaan 5&#215;5 cm, joten se on t\u00e4ydellinen s\u00e4ilytys- ja matkakokoinen. [&hellip;]<\/p>\n","protected":false},"featured_media":44910,"comment_status":"open","ping_status":"closed","template":"","meta":[],"product_brand":[],"product_cat":[32],"product_tag":[],"class_list":{"0":"post-36697","1":"product","2":"type-product","3":"status-publish","4":"has-post-thumbnail","6":"product_cat-uncategorized-fi","8":"first","9":"instock","10":"shipping-taxable","11":"purchasable","12":"product-type-simple"},"_links":{"self":[{"href":"https:\/\/nordicmart.andreevmaster.com\/fi\/wp-json\/wp\/v2\/product\/36697","targetHints":{"allow":["GET"]}}],"collection":[{"href":"https:\/\/nordicmart.andreevmaster.com\/fi\/wp-json\/wp\/v2\/product"}],"about":[{"href":"https:\/\/nordicmart.andreevmaster.com\/fi\/wp-json\/wp\/v2\/types\/product"}],"replies":[{"embeddable":true,"href":"https:\/\/nordicmart.andreevmaster.com\/fi\/wp-json\/wp\/v2\/comments?post=36697"}],"wp:featuredmedia":[{"embeddable":true,"href":"https:\/\/nordicmart.andreevmaster.com\/fi\/wp-json\/wp\/v2\/media\/44910"}],"wp:attachment":[{"href":"https:\/\/nordicmart.andreevmaster.com\/fi\/wp-json\/wp\/v2\/media?parent=36697"}],"wp:term":[{"taxonomy":"product_brand","embeddable":true,"href":"https:\/\/nordicmart.andreevmaster.com\/fi\/wp-json\/wp\/v2\/product_brand?post=36697"},{"taxonomy":"product_cat","embeddable":true,"href":"https:\/\/nordicmart.andreevmaster.com\/fi\/wp-json\/wp\/v2\/product_cat?post=36697"},{"taxonomy":"product_tag","embeddable":true,"href":"https:\/\/nordicmart.andreevmaster.com\/fi\/wp-json\/wp\/v2\/product_tag?post=36697"}],"curies":[{"name":"wp","href":"https:\/\/api.w.org\/{rel}","templated":true}]}}