{"id":36696,"date":"2026-02-27T00:35:33","date_gmt":"2026-02-27T00:35:33","guid":{"rendered":"https:\/\/nordicmart.andreevmaster.com\/product\/messinkinen-kompassi-kannella-nc1591\/"},"modified":"2026-02-27T09:53:04","modified_gmt":"2026-02-27T09:53:04","slug":"messinkinen-kompassi-kannella-nc1591","status":"publish","type":"product","link":"https:\/\/nordicmart.andreevmaster.com\/fi\/tuote\/messinkinen-kompassi-kannella-nc1591\/","title":{"rendered":"Messinkinen kompassi kannella | NC1591"},"content":{"rendered":"<p>Messinkinen kompassi kannella | NC1591K\u00e4yt\u00e4nn\u00f6llinen kompassi, jossa on lukittava kansi suojaamassa asteikkoa. Elegantit kultaiset v\u00e4rit ja valkoinen asteikko tekev\u00e4t siit\u00e4 t\u00e4ydellisen koriste-elementin toimistoon tai olohuoneeseen.&nbsp;Materiaali: MessinkiV\u00e4ri: Kultaisen kansi, valkoinen asteikko&nbsp;Mitat: 5 x 4,5 x 1,25 cm&nbsp;<\/p>\n","protected":false},"excerpt":{"rendered":"<p>Messinkinen kompassi kannella | NC1591K\u00e4yt\u00e4nn\u00f6llinen kompassi, jossa on lukittava kansi suojaamassa asteikkoa. Elegantit kultaiset v\u00e4rit ja valkoinen asteikko tekev\u00e4t siit\u00e4 t\u00e4ydellisen koriste-elementin toimistoon tai olohuoneeseen.&nbsp;Materiaali: MessinkiV\u00e4ri: Kultaisen kansi, valkoinen asteikko&nbsp;Mitat: 5 x 4,5 x 1,25 cm&nbsp;<\/p>\n","protected":false},"featured_media":44909,"comment_status":"open","ping_status":"closed","template":"","meta":[],"product_brand":[],"product_cat":[32],"product_tag":[],"class_list":{"0":"post-36696","1":"product","2":"type-product","3":"status-publish","4":"has-post-thumbnail","6":"product_cat-uncategorized-fi","8":"first","9":"instock","10":"shipping-taxable","11":"purchasable","12":"product-type-simple"},"_links":{"self":[{"href":"https:\/\/nordicmart.andreevmaster.com\/fi\/wp-json\/wp\/v2\/product\/36696","targetHints":{"allow":["GET"]}}],"collection":[{"href":"https:\/\/nordicmart.andreevmaster.com\/fi\/wp-json\/wp\/v2\/product"}],"about":[{"href":"https:\/\/nordicmart.andreevmaster.com\/fi\/wp-json\/wp\/v2\/types\/product"}],"replies":[{"embeddable":true,"href":"https:\/\/nordicmart.andreevmaster.com\/fi\/wp-json\/wp\/v2\/comments?post=36696"}],"wp:featuredmedia":[{"embeddable":true,"href":"https:\/\/nordicmart.andreevmaster.com\/fi\/wp-json\/wp\/v2\/media\/44909"}],"wp:attachment":[{"href":"https:\/\/nordicmart.andreevmaster.com\/fi\/wp-json\/wp\/v2\/media?parent=36696"}],"wp:term":[{"taxonomy":"product_brand","embeddable":true,"href":"https:\/\/nordicmart.andreevmaster.com\/fi\/wp-json\/wp\/v2\/product_brand?post=36696"},{"taxonomy":"product_cat","embeddable":true,"href":"https:\/\/nordicmart.andreevmaster.com\/fi\/wp-json\/wp\/v2\/product_cat?post=36696"},{"taxonomy":"product_tag","embeddable":true,"href":"https:\/\/nordicmart.andreevmaster.com\/fi\/wp-json\/wp\/v2\/product_tag?post=36696"}],"curies":[{"name":"wp","href":"https:\/\/api.w.org\/{rel}","templated":true}]}}