{"id":36695,"date":"2026-02-27T00:35:33","date_gmt":"2026-02-27T00:35:33","guid":{"rendered":"https:\/\/nordicmart.andreevmaster.com\/product\/exclusive-macedonian-dynasty-metal-chess-shakkilaudat-20x20cm-sk1\/"},"modified":"2026-02-27T09:53:04","modified_gmt":"2026-02-27T09:53:04","slug":"exclusive-macedonian-dynasty-metal-chess-shakkilaudat-20x20cm-sk1","status":"publish","type":"product","link":"https:\/\/nordicmart.andreevmaster.com\/fi\/tuote\/exclusive-macedonian-dynasty-metal-chess-shakkilaudat-20x20cm-sk1\/","title":{"rendered":"Exclusive Macedonian Dynasty Metal Chess &#8211; Shakkilaudat 20x20cm &#8211; SK1"},"content":{"rendered":"<p>Exclusive Macedonian Dynasty Metal Chess &#8211; Shakkilaudat 20x20cm &#8211; SK1.&nbsp;&nbsp;Exclusive-shakkipeli, joka on saanut inspiraationsa Makedonian dynastiasta \u2013 Bysantin valtakunnan kahdeksannesta keisarillisesta dynastiasta. Makedonian dynastian aikana Bysantti palautti valtansa arabien hy\u00f6kk\u00e4ysten aiheuttamien tappioiden j\u00e4lkeen. Silloin sen sotilaallinen voima ja arvovalta kansainv\u00e4lisell\u00e4 areenalla kasvoivat. 20 x 20 cm:n shakkilauta on valmistettu korkealaatuisesta messingist\u00e4, mik\u00e4 antaa sille ainutlaatuisen ulkon\u00e4\u00f6n ja kest\u00e4vyyden. Upea muotoilu ja huomiota yksityiskohtiin tekev\u00e4t t\u00e4st\u00e4 shakkilaudasta todellisen taideteoksen. Koko shakkipeli on pakattu siististi tyylikk\u00e4\u00e4seen puiseen muovattuun laatikkoon, joka suojaa shakkipaloja vaurioilta ja tarjoaa niille riitt\u00e4v\u00e4n s\u00e4ilytystilan. SK1-shakkipeli ei vain anna sinulle mahdollisuutta viett\u00e4\u00e4 aikaa rakkaidesi kanssa, vaan se on my\u00f6s upea koriste-esine, joka sopii erinomaisesti kotiisi, toimistoosi tai kirjastoosi.&nbsp;T\u00e4m\u00e4 on kaunis, tyylik\u00e4s lahja shakkien yst\u00e4ville, historioitsijoille ja ihmisille, jotka arvostavat korkealaatuista k\u00e4sity\u00f6t\u00e4. Vakuutamme, ett\u00e4 t\u00e4m\u00e4 shakkipeli tarjoaa tuntikausia viihdett\u00e4 ja miellytt\u00e4\u00e4 sek\u00e4 kokeneita pelaajia ett\u00e4 t\u00e4m\u00e4n kuninkaallisen pelin aloittelevia harrastajia. Mitat: Shakkilauta 20 x 20 cm Kuninkaan korkeus 3,5 cm Pelin paino: 1,5 kgShakkipalat: Metalliset shakkipalat Hahmot ja sotilaat valmistettu sinkkiseoksesta. V\u00e4rit: kulta \/ hopea Shakkilauta: Valmistettu messingist\u00e4 V\u00e4rit: viininpunainen\/kultainen K\u00e4sinmaalattu Shakkipalat on pakattu kauniiseen, ylelliseen puulaatikkoon Sis\u00e4ll\u00e4 huolellisesti valmistettu muovauslaatikko hahmojen pinoamista ja turvallista s\u00e4ilytt\u00e4mist\u00e4 varten<\/p>\n","protected":false},"excerpt":{"rendered":"<p>Exclusive Macedonian Dynasty Metal Chess &#8211; Shakkilaudat 20x20cm &#8211; SK1.&nbsp;&nbsp;Exclusive-shakkipeli, joka on saanut inspiraationsa Makedonian dynastiasta \u2013 Bysantin valtakunnan kahdeksannesta keisarillisesta dynastiasta. Makedonian dynastian aikana Bysantti palautti valtansa arabien hy\u00f6kk\u00e4ysten aiheuttamien tappioiden j\u00e4lkeen. Silloin sen sotilaallinen voima ja arvovalta kansainv\u00e4lisell\u00e4 areenalla kasvoivat. 20 x 20 cm:n shakkilauta on valmistettu korkealaatuisesta messingist\u00e4, mik\u00e4 antaa sille ainutlaatuisen [&hellip;]<\/p>\n","protected":false},"featured_media":44908,"comment_status":"open","ping_status":"closed","template":"","meta":[],"product_brand":[],"product_cat":[32],"product_tag":[],"class_list":{"0":"post-36695","1":"product","2":"type-product","3":"status-publish","4":"has-post-thumbnail","6":"product_cat-uncategorized-fi","8":"first","9":"instock","10":"shipping-taxable","11":"purchasable","12":"product-type-simple"},"_links":{"self":[{"href":"https:\/\/nordicmart.andreevmaster.com\/fi\/wp-json\/wp\/v2\/product\/36695","targetHints":{"allow":["GET"]}}],"collection":[{"href":"https:\/\/nordicmart.andreevmaster.com\/fi\/wp-json\/wp\/v2\/product"}],"about":[{"href":"https:\/\/nordicmart.andreevmaster.com\/fi\/wp-json\/wp\/v2\/types\/product"}],"replies":[{"embeddable":true,"href":"https:\/\/nordicmart.andreevmaster.com\/fi\/wp-json\/wp\/v2\/comments?post=36695"}],"wp:featuredmedia":[{"embeddable":true,"href":"https:\/\/nordicmart.andreevmaster.com\/fi\/wp-json\/wp\/v2\/media\/44908"}],"wp:attachment":[{"href":"https:\/\/nordicmart.andreevmaster.com\/fi\/wp-json\/wp\/v2\/media?parent=36695"}],"wp:term":[{"taxonomy":"product_brand","embeddable":true,"href":"https:\/\/nordicmart.andreevmaster.com\/fi\/wp-json\/wp\/v2\/product_brand?post=36695"},{"taxonomy":"product_cat","embeddable":true,"href":"https:\/\/nordicmart.andreevmaster.com\/fi\/wp-json\/wp\/v2\/product_cat?post=36695"},{"taxonomy":"product_tag","embeddable":true,"href":"https:\/\/nordicmart.andreevmaster.com\/fi\/wp-json\/wp\/v2\/product_tag?post=36695"}],"curies":[{"name":"wp","href":"https:\/\/api.w.org\/{rel}","templated":true}]}}