{"id":36694,"date":"2026-02-27T00:35:33","date_gmt":"2026-02-27T00:35:33","guid":{"rendered":"https:\/\/nordicmart.andreevmaster.com\/product\/metallinen-kotelo-2139s\/"},"modified":"2026-02-27T09:53:04","modified_gmt":"2026-02-27T09:53:04","slug":"metallinen-kotelo-2139s","status":"publish","type":"product","link":"https:\/\/nordicmart.andreevmaster.com\/fi\/tuote\/metallinen-kotelo-2139s\/","title":{"rendered":"Metallinen kotelo 2139S"},"content":{"rendered":"<p>Metallinen kotelo 2139S&nbsp;&nbsp;T\u00e4m\u00e4 kotelo helpottaa korujen ja pienten aarteiden tyylik\u00e4st\u00e4 s\u00e4ilytt\u00e4mist\u00e4. Se on my\u00f6s vieh\u00e4tt\u00e4v\u00e4 koriste lipastolle tai peilip\u00f6yd\u00e4lle, joka tuo huoneeseen ripauksen menneiden aikakausien tyylikkyytt\u00e4. Sit\u00e4 voi k\u00e4ytt\u00e4\u00e4 avainten s\u00e4ilytyspaikkana, s\u00e4\u00e4st\u00f6possuna tai sormusten kotelona.&nbsp;Vankka metallirakenne varmistaa, ett\u00e4 s\u00e4ilytett\u00e4v\u00e4t esineet ovat suojassa vaurioilta ja katoamiselta.&nbsp;&nbsp;Tuotetiedot:&nbsp;Materiaali: metalli &#8211; sinkkiseosMitat: 8,5 x 6,3 x 7,5 cmOminaisuudet:Elegantti muotoiluK\u00e4yt\u00e4nn\u00f6llinen K\u00e4tev\u00e4 korujen ja muiden pikkuesineiden s\u00e4ilytykseenVoi toimia peilip\u00f6yd\u00e4n tai lipaston koristeena&nbsp;&nbsp;<\/p>\n","protected":false},"excerpt":{"rendered":"<p>Metallinen kotelo 2139S&nbsp;&nbsp;T\u00e4m\u00e4 kotelo helpottaa korujen ja pienten aarteiden tyylik\u00e4st\u00e4 s\u00e4ilytt\u00e4mist\u00e4. Se on my\u00f6s vieh\u00e4tt\u00e4v\u00e4 koriste lipastolle tai peilip\u00f6yd\u00e4lle, joka tuo huoneeseen ripauksen menneiden aikakausien tyylikkyytt\u00e4. Sit\u00e4 voi k\u00e4ytt\u00e4\u00e4 avainten s\u00e4ilytyspaikkana, s\u00e4\u00e4st\u00f6possuna tai sormusten kotelona.&nbsp;Vankka metallirakenne varmistaa, ett\u00e4 s\u00e4ilytett\u00e4v\u00e4t esineet ovat suojassa vaurioilta ja katoamiselta.&nbsp;&nbsp;Tuotetiedot:&nbsp;Materiaali: metalli &#8211; sinkkiseosMitat: 8,5 x 6,3 x 7,5 cmOminaisuudet:Elegantti muotoiluK\u00e4yt\u00e4nn\u00f6llinen [&hellip;]<\/p>\n","protected":false},"featured_media":0,"comment_status":"open","ping_status":"closed","template":"","meta":[],"product_brand":[],"product_cat":[32],"product_tag":[],"class_list":{"0":"post-36694","1":"product","2":"type-product","3":"status-publish","5":"product_cat-uncategorized-fi","7":"first","8":"instock","9":"shipping-taxable","10":"purchasable","11":"product-type-simple"},"_links":{"self":[{"href":"https:\/\/nordicmart.andreevmaster.com\/fi\/wp-json\/wp\/v2\/product\/36694","targetHints":{"allow":["GET"]}}],"collection":[{"href":"https:\/\/nordicmart.andreevmaster.com\/fi\/wp-json\/wp\/v2\/product"}],"about":[{"href":"https:\/\/nordicmart.andreevmaster.com\/fi\/wp-json\/wp\/v2\/types\/product"}],"replies":[{"embeddable":true,"href":"https:\/\/nordicmart.andreevmaster.com\/fi\/wp-json\/wp\/v2\/comments?post=36694"}],"wp:attachment":[{"href":"https:\/\/nordicmart.andreevmaster.com\/fi\/wp-json\/wp\/v2\/media?parent=36694"}],"wp:term":[{"taxonomy":"product_brand","embeddable":true,"href":"https:\/\/nordicmart.andreevmaster.com\/fi\/wp-json\/wp\/v2\/product_brand?post=36694"},{"taxonomy":"product_cat","embeddable":true,"href":"https:\/\/nordicmart.andreevmaster.com\/fi\/wp-json\/wp\/v2\/product_cat?post=36694"},{"taxonomy":"product_tag","embeddable":true,"href":"https:\/\/nordicmart.andreevmaster.com\/fi\/wp-json\/wp\/v2\/product_tag?post=36694"}],"curies":[{"name":"wp","href":"https:\/\/api.w.org\/{rel}","templated":true}]}}