{"id":36693,"date":"2026-02-27T00:35:33","date_gmt":"2026-02-27T00:35:33","guid":{"rendered":"https:\/\/nordicmart.andreevmaster.com\/product\/templars-helmet-key-ring-mc-23096a-2\/"},"modified":"2026-02-27T09:53:04","modified_gmt":"2026-02-27T09:53:04","slug":"templars-helmet-key-ring-mc-23096a-2","status":"publish","type":"product","link":"https:\/\/nordicmart.andreevmaster.com\/fi\/tuote\/templars-helmet-key-ring-mc-23096a-2\/","title":{"rendered":"Templar&#8217;s Helmet Key Ring &#8211; MC-23096A"},"content":{"rendered":"<p>Temppeliritarien kyp\u00e4r\u00e4 &#8211; avaimenper\u00e4 &#8211; MC-23096A&nbsp;&nbsp;Temppeliritarien kyp\u00e4r\u00e4 &#8211; avaimenper\u00e4 on tyylik\u00e4s lis\u00e4varuste, joka sopii t\u00e4ydellisesti avaimillesi. Valmistettu kest\u00e4v\u00e4st\u00e4 polyresiinist\u00e4. Siin\u00e4 on yksityiskohtaiset kaiverrukset ja yksityiskohdat, jotka ovat tyypillisi\u00e4 temppeliritarille. Se on kest\u00e4\u00e4 vaurioita ja takaa pitk\u00e4ik\u00e4isen kest\u00e4vyyden. T\u00e4m\u00e4n riipuksen alkuper\u00e4inen muotoilu her\u00e4tt\u00e4\u00e4 kiinnostusta ja kiinnitt\u00e4\u00e4 huomiota, mik\u00e4 tekee siit\u00e4 ihanteellisen gadgetin historian yst\u00e4ville, temppeliritarien faneille tai keskiaikaisen kulttuurin harrastajille. Olitpa sitten historian harrastaja, sotilasaiheisten esineiden ker\u00e4ilij\u00e4 tai yksinkertaisesti henkil\u00f6, joka arvostaa ep\u00e4tavallisia asusteita, t\u00e4m\u00e4 avaimenper\u00e4 t\u00e4ytt\u00e4\u00e4 varmasti odotuksesi.&nbsp;&nbsp;Mitat:&nbsp;-Kokonaispituus: 9,5 cm-Kyp\u00e4r\u00e4n pituus: 4 cm&nbsp;<\/p>\n","protected":false},"excerpt":{"rendered":"<p>Temppeliritarien kyp\u00e4r\u00e4 &#8211; avaimenper\u00e4 &#8211; MC-23096A&nbsp;&nbsp;Temppeliritarien kyp\u00e4r\u00e4 &#8211; avaimenper\u00e4 on tyylik\u00e4s lis\u00e4varuste, joka sopii t\u00e4ydellisesti avaimillesi. Valmistettu kest\u00e4v\u00e4st\u00e4 polyresiinist\u00e4. Siin\u00e4 on yksityiskohtaiset kaiverrukset ja yksityiskohdat, jotka ovat tyypillisi\u00e4 temppeliritarille. Se on kest\u00e4\u00e4 vaurioita ja takaa pitk\u00e4ik\u00e4isen kest\u00e4vyyden. T\u00e4m\u00e4n riipuksen alkuper\u00e4inen muotoilu her\u00e4tt\u00e4\u00e4 kiinnostusta ja kiinnitt\u00e4\u00e4 huomiota, mik\u00e4 tekee siit\u00e4 ihanteellisen gadgetin historian yst\u00e4ville, temppeliritarien faneille [&hellip;]<\/p>\n","protected":false},"featured_media":44907,"comment_status":"open","ping_status":"closed","template":"","meta":[],"product_brand":[],"product_cat":[32],"product_tag":[],"class_list":{"0":"post-36693","1":"product","2":"type-product","3":"status-publish","4":"has-post-thumbnail","6":"product_cat-uncategorized-fi","8":"first","9":"instock","10":"shipping-taxable","11":"purchasable","12":"product-type-simple"},"_links":{"self":[{"href":"https:\/\/nordicmart.andreevmaster.com\/fi\/wp-json\/wp\/v2\/product\/36693","targetHints":{"allow":["GET"]}}],"collection":[{"href":"https:\/\/nordicmart.andreevmaster.com\/fi\/wp-json\/wp\/v2\/product"}],"about":[{"href":"https:\/\/nordicmart.andreevmaster.com\/fi\/wp-json\/wp\/v2\/types\/product"}],"replies":[{"embeddable":true,"href":"https:\/\/nordicmart.andreevmaster.com\/fi\/wp-json\/wp\/v2\/comments?post=36693"}],"wp:featuredmedia":[{"embeddable":true,"href":"https:\/\/nordicmart.andreevmaster.com\/fi\/wp-json\/wp\/v2\/media\/44907"}],"wp:attachment":[{"href":"https:\/\/nordicmart.andreevmaster.com\/fi\/wp-json\/wp\/v2\/media?parent=36693"}],"wp:term":[{"taxonomy":"product_brand","embeddable":true,"href":"https:\/\/nordicmart.andreevmaster.com\/fi\/wp-json\/wp\/v2\/product_brand?post=36693"},{"taxonomy":"product_cat","embeddable":true,"href":"https:\/\/nordicmart.andreevmaster.com\/fi\/wp-json\/wp\/v2\/product_cat?post=36693"},{"taxonomy":"product_tag","embeddable":true,"href":"https:\/\/nordicmart.andreevmaster.com\/fi\/wp-json\/wp\/v2\/product_tag?post=36693"}],"curies":[{"name":"wp","href":"https:\/\/api.w.org\/{rel}","templated":true}]}}