{"id":36692,"date":"2026-02-27T00:35:32","date_gmt":"2026-02-27T00:35:32","guid":{"rendered":"https:\/\/nordicmart.andreevmaster.com\/product\/jooga-voimistelu-koristefiguuri-dd-oc-225\/"},"modified":"2026-02-27T09:53:04","modified_gmt":"2026-02-27T09:53:04","slug":"jooga-voimistelu-koristefiguuri-dd-oc-225","status":"publish","type":"product","link":"https:\/\/nordicmart.andreevmaster.com\/fi\/tuote\/jooga-voimistelu-koristefiguuri-dd-oc-225\/","title":{"rendered":"Jooga-voimistelu-koristefiguuri &#8211; DD-OC-225"},"content":{"rendered":"<p>Jooga-voimistelu-koristefiguuri DD-OC-225&nbsp;&nbsp;Moderni muotoilu tekee figuurista t\u00e4ydellisen koristeen glamour-, teollisuus- ja klassisiin sisustuksiin. Se on tyylik\u00e4s lis\u00e4 kotijogastudioosi.&nbsp;Joogafiguuri sopii lahjaksi joogille, voimistelijalle ja kaikille liikunnan yst\u00e4ville.&nbsp;&nbsp;Tiedot:&nbsp;Mitat: Korkeus 41 cm Materiaali: metalli V\u00e4ri: musta ja kultainen&nbsp;&nbsp;<\/p>\n","protected":false},"excerpt":{"rendered":"<p>Jooga-voimistelu-koristefiguuri DD-OC-225&nbsp;&nbsp;Moderni muotoilu tekee figuurista t\u00e4ydellisen koristeen glamour-, teollisuus- ja klassisiin sisustuksiin. Se on tyylik\u00e4s lis\u00e4 kotijogastudioosi.&nbsp;Joogafiguuri sopii lahjaksi joogille, voimistelijalle ja kaikille liikunnan yst\u00e4ville.&nbsp;&nbsp;Tiedot:&nbsp;Mitat: Korkeus 41 cm Materiaali: metalli V\u00e4ri: musta ja kultainen&nbsp;&nbsp;<\/p>\n","protected":false},"featured_media":44906,"comment_status":"open","ping_status":"closed","template":"","meta":[],"product_brand":[],"product_cat":[32],"product_tag":[],"class_list":{"0":"post-36692","1":"product","2":"type-product","3":"status-publish","4":"has-post-thumbnail","6":"product_cat-uncategorized-fi","8":"first","9":"instock","10":"shipping-taxable","11":"purchasable","12":"product-type-simple"},"_links":{"self":[{"href":"https:\/\/nordicmart.andreevmaster.com\/fi\/wp-json\/wp\/v2\/product\/36692","targetHints":{"allow":["GET"]}}],"collection":[{"href":"https:\/\/nordicmart.andreevmaster.com\/fi\/wp-json\/wp\/v2\/product"}],"about":[{"href":"https:\/\/nordicmart.andreevmaster.com\/fi\/wp-json\/wp\/v2\/types\/product"}],"replies":[{"embeddable":true,"href":"https:\/\/nordicmart.andreevmaster.com\/fi\/wp-json\/wp\/v2\/comments?post=36692"}],"wp:featuredmedia":[{"embeddable":true,"href":"https:\/\/nordicmart.andreevmaster.com\/fi\/wp-json\/wp\/v2\/media\/44906"}],"wp:attachment":[{"href":"https:\/\/nordicmart.andreevmaster.com\/fi\/wp-json\/wp\/v2\/media?parent=36692"}],"wp:term":[{"taxonomy":"product_brand","embeddable":true,"href":"https:\/\/nordicmart.andreevmaster.com\/fi\/wp-json\/wp\/v2\/product_brand?post=36692"},{"taxonomy":"product_cat","embeddable":true,"href":"https:\/\/nordicmart.andreevmaster.com\/fi\/wp-json\/wp\/v2\/product_cat?post=36692"},{"taxonomy":"product_tag","embeddable":true,"href":"https:\/\/nordicmart.andreevmaster.com\/fi\/wp-json\/wp\/v2\/product_tag?post=36692"}],"curies":[{"name":"wp","href":"https:\/\/api.w.org\/{rel}","templated":true}]}}