{"id":36691,"date":"2026-02-27T00:35:32","date_gmt":"2026-02-27T00:35:32","guid":{"rendered":"https:\/\/nordicmart.andreevmaster.com\/product\/voimistelija-koristehahmo-dd-oc-2214\/"},"modified":"2026-02-27T09:53:04","modified_gmt":"2026-02-27T09:53:04","slug":"voimistelija-koristehahmo-dd-oc-2214","status":"publish","type":"product","link":"https:\/\/nordicmart.andreevmaster.com\/fi\/tuote\/voimistelija-koristehahmo-dd-oc-2214\/","title":{"rendered":"Voimistelija-koristehahmo DD-OC-2214"},"content":{"rendered":"<p>Voimistelija-koristehahmo DD-OC-2214&nbsp;&nbsp;Koristehahmo sopii t\u00e4ydellisesti moderniin sisustukseen, joka on tyylilt\u00e4\u00e4n glamour, teollinen tai klassinen. Hahmo kuvaa istuvaa naisvoimistelijaa, joka pitelee kultaista palloa. Hahmo symboloi lepoa ja rauhaa.&nbsp;&nbsp;Tiedot:&nbsp;&nbsp;Mitat: korkeus 15 cm, pituus 21 cm, leveys 10 cm Materiaali: metalli \u2013 alumiini V\u00e4ri: musta, kulta&nbsp;<\/p>\n","protected":false},"excerpt":{"rendered":"<p>Voimistelija-koristehahmo DD-OC-2214&nbsp;&nbsp;Koristehahmo sopii t\u00e4ydellisesti moderniin sisustukseen, joka on tyylilt\u00e4\u00e4n glamour, teollinen tai klassinen. Hahmo kuvaa istuvaa naisvoimistelijaa, joka pitelee kultaista palloa. Hahmo symboloi lepoa ja rauhaa.&nbsp;&nbsp;Tiedot:&nbsp;&nbsp;Mitat: korkeus 15 cm, pituus 21 cm, leveys 10 cm Materiaali: metalli \u2013 alumiini V\u00e4ri: musta, kulta&nbsp;<\/p>\n","protected":false},"featured_media":44905,"comment_status":"open","ping_status":"closed","template":"","meta":[],"product_brand":[],"product_cat":[32],"product_tag":[],"class_list":{"0":"post-36691","1":"product","2":"type-product","3":"status-publish","4":"has-post-thumbnail","6":"product_cat-uncategorized-fi","8":"first","9":"instock","10":"shipping-taxable","11":"purchasable","12":"product-type-simple"},"_links":{"self":[{"href":"https:\/\/nordicmart.andreevmaster.com\/fi\/wp-json\/wp\/v2\/product\/36691","targetHints":{"allow":["GET"]}}],"collection":[{"href":"https:\/\/nordicmart.andreevmaster.com\/fi\/wp-json\/wp\/v2\/product"}],"about":[{"href":"https:\/\/nordicmart.andreevmaster.com\/fi\/wp-json\/wp\/v2\/types\/product"}],"replies":[{"embeddable":true,"href":"https:\/\/nordicmart.andreevmaster.com\/fi\/wp-json\/wp\/v2\/comments?post=36691"}],"wp:featuredmedia":[{"embeddable":true,"href":"https:\/\/nordicmart.andreevmaster.com\/fi\/wp-json\/wp\/v2\/media\/44905"}],"wp:attachment":[{"href":"https:\/\/nordicmart.andreevmaster.com\/fi\/wp-json\/wp\/v2\/media?parent=36691"}],"wp:term":[{"taxonomy":"product_brand","embeddable":true,"href":"https:\/\/nordicmart.andreevmaster.com\/fi\/wp-json\/wp\/v2\/product_brand?post=36691"},{"taxonomy":"product_cat","embeddable":true,"href":"https:\/\/nordicmart.andreevmaster.com\/fi\/wp-json\/wp\/v2\/product_cat?post=36691"},{"taxonomy":"product_tag","embeddable":true,"href":"https:\/\/nordicmart.andreevmaster.com\/fi\/wp-json\/wp\/v2\/product_tag?post=36691"}],"curies":[{"name":"wp","href":"https:\/\/api.w.org\/{rel}","templated":true}]}}