{"id":36690,"date":"2026-02-27T00:35:32","date_gmt":"2026-02-27T00:35:32","guid":{"rendered":"https:\/\/nordicmart.andreevmaster.com\/product\/perhe-lapsen-kanssa-koristeellinen-hahmo\/"},"modified":"2026-02-27T09:53:03","modified_gmt":"2026-02-27T09:53:03","slug":"perhe-lapsen-kanssa-koristeellinen-hahmo","status":"publish","type":"product","link":"https:\/\/nordicmart.andreevmaster.com\/fi\/tuote\/perhe-lapsen-kanssa-koristeellinen-hahmo\/","title":{"rendered":"Perhe lapsen kanssa Koristeellinen hahmo"},"content":{"rendered":"<p>Perhe lapsen kanssa Koristeellinen hahmo DI-FIG-022&nbsp;&nbsp;Koristeellinen hahmo, joka kuvaa vanhempia pit\u00e4m\u00e4ss\u00e4 lapsensa k\u00e4dest\u00e4, valloittaa kaikkien vanhempien syd\u00e4met. Hahmo ilmaisee symbolisesti vanhempien huolenpitoa ja rakkautta sek\u00e4 yhdess\u00e4 vietett\u00e4v\u00e4n ajan iloa. Se sopii erinomaisesti lahjaksi vanhemmille, \u00e4itien- ja is\u00e4np\u00e4iv\u00e4lahjaksi sek\u00e4 lapsen syntym\u00e4p\u00e4iv\u00e4lahjaksi.&nbsp;Minimalistisen tyylinen figuuri sopii t\u00e4ydellisesti moderniin sisustukseen. Se koristaa hylly\u00e4, takkaa tai lipastoa olohuoneessa ja tuo huoneeseen perheellisen tunnelman.&nbsp;&nbsp;Tiedot:&nbsp;&bull; Mitat: 27,5 x 17,5 x 7,5 cm&bull; Materiaali: metalli&bull; V\u00e4ri: musta&nbsp;<\/p>\n","protected":false},"excerpt":{"rendered":"<p>Perhe lapsen kanssa Koristeellinen hahmo DI-FIG-022&nbsp;&nbsp;Koristeellinen hahmo, joka kuvaa vanhempia pit\u00e4m\u00e4ss\u00e4 lapsensa k\u00e4dest\u00e4, valloittaa kaikkien vanhempien syd\u00e4met. Hahmo ilmaisee symbolisesti vanhempien huolenpitoa ja rakkautta sek\u00e4 yhdess\u00e4 vietett\u00e4v\u00e4n ajan iloa. Se sopii erinomaisesti lahjaksi vanhemmille, \u00e4itien- ja is\u00e4np\u00e4iv\u00e4lahjaksi sek\u00e4 lapsen syntym\u00e4p\u00e4iv\u00e4lahjaksi.&nbsp;Minimalistisen tyylinen figuuri sopii t\u00e4ydellisesti moderniin sisustukseen. Se koristaa hylly\u00e4, takkaa tai lipastoa olohuoneessa ja tuo [&hellip;]<\/p>\n","protected":false},"featured_media":44904,"comment_status":"open","ping_status":"closed","template":"","meta":[],"product_brand":[],"product_cat":[32],"product_tag":[],"class_list":{"0":"post-36690","1":"product","2":"type-product","3":"status-publish","4":"has-post-thumbnail","6":"product_cat-uncategorized-fi","8":"first","9":"instock","10":"shipping-taxable","11":"purchasable","12":"product-type-simple"},"_links":{"self":[{"href":"https:\/\/nordicmart.andreevmaster.com\/fi\/wp-json\/wp\/v2\/product\/36690","targetHints":{"allow":["GET"]}}],"collection":[{"href":"https:\/\/nordicmart.andreevmaster.com\/fi\/wp-json\/wp\/v2\/product"}],"about":[{"href":"https:\/\/nordicmart.andreevmaster.com\/fi\/wp-json\/wp\/v2\/types\/product"}],"replies":[{"embeddable":true,"href":"https:\/\/nordicmart.andreevmaster.com\/fi\/wp-json\/wp\/v2\/comments?post=36690"}],"wp:featuredmedia":[{"embeddable":true,"href":"https:\/\/nordicmart.andreevmaster.com\/fi\/wp-json\/wp\/v2\/media\/44904"}],"wp:attachment":[{"href":"https:\/\/nordicmart.andreevmaster.com\/fi\/wp-json\/wp\/v2\/media?parent=36690"}],"wp:term":[{"taxonomy":"product_brand","embeddable":true,"href":"https:\/\/nordicmart.andreevmaster.com\/fi\/wp-json\/wp\/v2\/product_brand?post=36690"},{"taxonomy":"product_cat","embeddable":true,"href":"https:\/\/nordicmart.andreevmaster.com\/fi\/wp-json\/wp\/v2\/product_cat?post=36690"},{"taxonomy":"product_tag","embeddable":true,"href":"https:\/\/nordicmart.andreevmaster.com\/fi\/wp-json\/wp\/v2\/product_tag?post=36690"}],"curies":[{"name":"wp","href":"https:\/\/api.w.org\/{rel}","templated":true}]}}