{"id":36689,"date":"2026-02-27T00:35:32","date_gmt":"2026-02-27T00:35:32","guid":{"rendered":"https:\/\/nordicmart.andreevmaster.com\/product\/pallomainen-astrolabi-kompassilla-4010\/"},"modified":"2026-02-27T09:53:03","modified_gmt":"2026-02-27T09:53:03","slug":"pallomainen-astrolabi-kompassilla-4010","status":"publish","type":"product","link":"https:\/\/nordicmart.andreevmaster.com\/fi\/tuote\/pallomainen-astrolabi-kompassilla-4010\/","title":{"rendered":"Pallomainen astrolabi kompassilla 4010"},"content":{"rendered":"<p>Pallomainen astrolabi kompassilla 4010&nbsp;&nbsp;&nbsp;Astrolabi on yksi t\u00e4rkeimmist\u00e4 astronavigointiv\u00e4lineist\u00e4, jota on k\u00e4ytetty antiikin ajoista 1500-luvulle saakka. Astrolabeja k\u00e4ytettiin moniin monimutkaisiin havaintoihin ja laskelmiin, kuten taivaankappaleiden sijainnin m\u00e4\u00e4ritt\u00e4miseen horisontin yl\u00e4puolella ja oman sijainnin m\u00e4\u00e4ritt\u00e4miseen.&nbsp;Suosionsa huipulla astrolabit olivat eritt\u00e4in hienostuneita esineit\u00e4, jotka koristivat kuninkaallisia hoveja ja oppineiden koteja.&nbsp;Astrolabi on symboli ihmisen pyrkimyksest\u00e4 ymm\u00e4rt\u00e4\u00e4 maailmankaikkeutta, mink\u00e4 vuoksi se sopii lahjaksi tiedemiehelle, avaruuden yst\u00e4v\u00e4lle ja astrofyysikolle.&nbsp;Astrolabi on sijoitettu puiseen alustaan, jossa on my\u00f6s kompassi.&nbsp;&nbsp;Tuotetiedot:&nbsp;Mitat: K=28 cm, halkaisija=18 cmMateriaali: messinki, puuV\u00e4ri: messinkiAlusta: puuKompassi alustassa&nbsp;<\/p>\n","protected":false},"excerpt":{"rendered":"<p>Pallomainen astrolabi kompassilla 4010&nbsp;&nbsp;&nbsp;Astrolabi on yksi t\u00e4rkeimmist\u00e4 astronavigointiv\u00e4lineist\u00e4, jota on k\u00e4ytetty antiikin ajoista 1500-luvulle saakka. Astrolabeja k\u00e4ytettiin moniin monimutkaisiin havaintoihin ja laskelmiin, kuten taivaankappaleiden sijainnin m\u00e4\u00e4ritt\u00e4miseen horisontin yl\u00e4puolella ja oman sijainnin m\u00e4\u00e4ritt\u00e4miseen.&nbsp;Suosionsa huipulla astrolabit olivat eritt\u00e4in hienostuneita esineit\u00e4, jotka koristivat kuninkaallisia hoveja ja oppineiden koteja.&nbsp;Astrolabi on symboli ihmisen pyrkimyksest\u00e4 ymm\u00e4rt\u00e4\u00e4 maailmankaikkeutta, mink\u00e4 vuoksi se sopii [&hellip;]<\/p>\n","protected":false},"featured_media":44903,"comment_status":"open","ping_status":"closed","template":"","meta":[],"product_brand":[],"product_cat":[32],"product_tag":[],"class_list":{"0":"post-36689","1":"product","2":"type-product","3":"status-publish","4":"has-post-thumbnail","6":"product_cat-uncategorized-fi","8":"first","9":"instock","10":"shipping-taxable","11":"purchasable","12":"product-type-simple"},"_links":{"self":[{"href":"https:\/\/nordicmart.andreevmaster.com\/fi\/wp-json\/wp\/v2\/product\/36689","targetHints":{"allow":["GET"]}}],"collection":[{"href":"https:\/\/nordicmart.andreevmaster.com\/fi\/wp-json\/wp\/v2\/product"}],"about":[{"href":"https:\/\/nordicmart.andreevmaster.com\/fi\/wp-json\/wp\/v2\/types\/product"}],"replies":[{"embeddable":true,"href":"https:\/\/nordicmart.andreevmaster.com\/fi\/wp-json\/wp\/v2\/comments?post=36689"}],"wp:featuredmedia":[{"embeddable":true,"href":"https:\/\/nordicmart.andreevmaster.com\/fi\/wp-json\/wp\/v2\/media\/44903"}],"wp:attachment":[{"href":"https:\/\/nordicmart.andreevmaster.com\/fi\/wp-json\/wp\/v2\/media?parent=36689"}],"wp:term":[{"taxonomy":"product_brand","embeddable":true,"href":"https:\/\/nordicmart.andreevmaster.com\/fi\/wp-json\/wp\/v2\/product_brand?post=36689"},{"taxonomy":"product_cat","embeddable":true,"href":"https:\/\/nordicmart.andreevmaster.com\/fi\/wp-json\/wp\/v2\/product_cat?post=36689"},{"taxonomy":"product_tag","embeddable":true,"href":"https:\/\/nordicmart.andreevmaster.com\/fi\/wp-json\/wp\/v2\/product_tag?post=36689"}],"curies":[{"name":"wp","href":"https:\/\/api.w.org\/{rel}","templated":true}]}}